{"id":1215,"date":"2024-01-08T21:31:43","date_gmt":"2024-01-08T21:31:43","guid":{"rendered":"https:\/\/cms.bravobusinessmedia.com\/espace\/?page_id=1215"},"modified":"2024-08-13T12:44:04","modified_gmt":"2024-08-13T12:44:04","slug":"aquamassagefr","status":"publish","type":"page","link":"https:\/\/cms.bravobusinessmedia.com\/espace\/aquamassagefr\/","title":{"rendered":"aquamassageFR"},"content":{"rendered":"\n<div class=\"wp-block-group container\"><div class=\"wp-block-group__inner-container is-layout-constrained wp-block-group-is-layout-constrained\">\n<div class=\"wp-block-columns d-flex justify-content-center my-5 is-layout-flex wp-container-core-columns-is-layout-9d6595d7 wp-block-columns-is-layout-flex\">\n<div class=\"wp-block-column order-2 order-lg-1 d-flex flex-column justify-content-center is-layout-flow wp-block-column-is-layout-flow\">\n<h1 class=\"wp-block-heading espace-heading text-primary mb-0\" id=\"h-aquamassage\">Aquamassage<\/h1>\n\n\n\n<p class=\"marketing-paragraph mb-3 mt-0\">PierDeco vous propose une ambiance de d\u00e9tente et design gr\u00e2ce \u00e0 ses colonnes de douche Aquamassage\u00ae.<br>&nbsp;<br>La douche ayant beaucoup remplac\u00e9 le bain dans les derni\u00e8res ann\u00e9es, notre mission est d\u2019en am\u00e9liorer l\u2019exp\u00e9rience en offrant des technologies visant principalement la relaxation et la d\u00e9tente. En s\u00e9lectionnant des composantes performantes, Aquamassage a su cr\u00e9er un nouveau type de robinetterie innovateur. Douche pluie surdimensionn\u00e9e, &nbsp;jets de corps \u00e9lectrisants, douchette \u00e0 main facilitant l\u2019acc\u00e8s aux endroits les plus intimes, le tout pr\u00e9-assembl\u00e9 dans un seul et m\u00eame produit d\u2019exception. Nos colonnes de douche s&#8217;adaptent \u00e0 n\u2019importe quelle douche ou bain-douche, que ce soit pour une r\u00e9novation ou une nouvelle construction, apportant ainsi un visuel grandiose et original \u00e0 toutes les salles de bains.<\/p>\n<\/div>\n\n\n\n<div class=\"wp-block-column d-flex flex-column justify-content-center order-1 order-lg-2 is-layout-flow wp-block-column-is-layout-flow\"><div class=\"wp-block-image\">\n<figure role=\"none\" class=\"aligncenter size-full\"><img loading=\"lazy\" decoding=\"async\" width=\"650\" height=\"400\" src=\"https:\/\/cms.bravobusinessmedia.com\/espace\/wp-content\/uploads\/sites\/14\/2024\/01\/Aquamassage.jpg\" alt=\"\" class=\"wp-image-1209\" srcset=\"https:\/\/cms.bravobusinessmedia.com\/espace\/wp-content\/uploads\/sites\/14\/2024\/01\/Aquamassage.jpg 650w, https:\/\/cms.bravobusinessmedia.com\/espace\/wp-content\/uploads\/sites\/14\/2024\/01\/Aquamassage-300x185.jpg 300w\" sizes=\"auto, (max-width: 650px) 100vw, 650px\" \/><\/figure>\n<\/div><\/div>\n<\/div>\n\n\n\n<hr class=\"wp-block-separator has-text-color has-white-color has-alpha-channel-opacity has-white-background-color has-background border-0 py-2\"\/>\n\n\n\n<h2 class=\"wp-block-heading espace-heading\" id=\"h-decouvrez-les-produits-aquamassage\">D\u00e9couvrez les produits AQUAMASSAGE<\/h2>\n\n\n\n<div class=\"wp-block-columns my-3 is-layout-flex wp-container-core-columns-is-layout-9d6595d7 wp-block-columns-is-layout-flex\">\n<div class=\"wp-block-column card  border-0 brand-marketing-card is-layout-flow wp-block-column-is-layout-flow\" style=\"flex-basis:33%\">\n<figure role=\"none\" class=\"wp-block-image size-full card-img-top\"><img loading=\"lazy\" decoding=\"async\" width=\"500\" height=\"500\" src=\"https:\/\/cms.bravobusinessmedia.com\/espace\/wp-content\/uploads\/sites\/14\/2024\/01\/Aquamassage-colonnes-douche.jpg\" alt=\"\" class=\"wp-image-1211\" srcset=\"https:\/\/cms.bravobusinessmedia.com\/espace\/wp-content\/uploads\/sites\/14\/2024\/01\/Aquamassage-colonnes-douche.jpg 500w, https:\/\/cms.bravobusinessmedia.com\/espace\/wp-content\/uploads\/sites\/14\/2024\/01\/Aquamassage-colonnes-douche-300x300.jpg 300w, https:\/\/cms.bravobusinessmedia.com\/espace\/wp-content\/uploads\/sites\/14\/2024\/01\/Aquamassage-colonnes-douche-150x150.jpg 150w\" sizes=\"auto, (max-width: 500px) 100vw, 500px\" \/><\/figure>\n\n\n\n<div class=\"wp-block-group card-img-overlay\"><div class=\"wp-block-group__inner-container is-layout-constrained wp-block-group-is-layout-constrained\">\n<p class=\"has-text-align-center text-uppercase espace-image-overlay w-100 font-weight-bold text-center py-2\"><a href=\"\/fr\/Aquamassage-canada-Douches-Syst%C3%A8mes-de-douche-Colonne-v1345.htm\">Colonnes de douche<\/a>&nbsp;<\/p>\n<\/div><\/div>\n<\/div>\n\n\n\n<div class=\"wp-block-column card  border-0 brand-marketing-card is-layout-flow wp-block-column-is-layout-flow\" style=\"flex-basis:33%\">\n<figure role=\"none\" class=\"wp-block-image size-full card-img-top\"><img loading=\"lazy\" decoding=\"async\" width=\"500\" height=\"500\" src=\"https:\/\/cms.bravobusinessmedia.com\/espace\/wp-content\/uploads\/sites\/14\/2024\/01\/Aquamassage-produits.jpg\" alt=\"\" class=\"wp-image-1212\" srcset=\"https:\/\/cms.bravobusinessmedia.com\/espace\/wp-content\/uploads\/sites\/14\/2024\/01\/Aquamassage-produits.jpg 500w, https:\/\/cms.bravobusinessmedia.com\/espace\/wp-content\/uploads\/sites\/14\/2024\/01\/Aquamassage-produits-300x300.jpg 300w, https:\/\/cms.bravobusinessmedia.com\/espace\/wp-content\/uploads\/sites\/14\/2024\/01\/Aquamassage-produits-150x150.jpg 150w\" sizes=\"auto, (max-width: 500px) 100vw, 500px\" \/><\/figure>\n\n\n\n<div class=\"wp-block-group card-img-overlay\"><div class=\"wp-block-group__inner-container is-layout-constrained wp-block-group-is-layout-constrained\">\n<p class=\"has-text-align-center text-uppercase espace-image-overlay w-100 font-weight-bold text-center py-2\"><a href=\"\/fr\/Search-Aquamassage-canada-v01.htm?searchbar=aquamassage\">Tous les produits Aquamassage<\/a><\/p>\n<\/div><\/div>\n<\/div>\n<\/div>\n<\/div><\/div>\n","protected":false},"excerpt":{"rendered":"<p>Aquamassage PierDeco vous propose une ambiance de d\u00e9tente et design gr\u00e2ce \u00e0 ses colonnes de douche Aquamassage\u00ae.&nbsp;La douche ayant beaucoup remplac\u00e9 le bain dans les derni\u00e8res ann\u00e9es, notre mission est d\u2019en am\u00e9liorer l\u2019exp\u00e9rience en offrant des technologies visant principalement la relaxation et la d\u00e9tente. En s\u00e9lectionnant des composantes performantes, Aquamassage a su cr\u00e9er un nouveau [&hellip;]<\/p>\n","protected":false},"author":22,"featured_media":0,"parent":0,"menu_order":0,"comment_status":"closed","ping_status":"closed","template":"","meta":{"_acf_changed":false,"footnotes":""},"class_list":["post-1215","page","type-page","status-publish","hentry"],"acf":{"seo_keywords":""},"yoast_head":"<!-- This site is optimized with the Yoast SEO Premium plugin v25.4 (Yoast SEO v27.3) - https:\/\/yoast.com\/product\/yoast-seo-premium-wordpress\/ -->\n<title>aquamassageFR - Espace Plomberium<\/title>\n<meta name=\"robots\" content=\"index, follow, max-snippet:-1, max-image-preview:large, max-video-preview:-1\" \/>\n<link rel=\"canonical\" href=\"https:\/\/cms.bravobusinessmedia.com\/espace\/aquamassagefr\/\" \/>\n<meta property=\"og:locale\" content=\"en_US\" \/>\n<meta property=\"og:type\" content=\"article\" \/>\n<meta property=\"og:title\" content=\"aquamassageFR\" \/>\n<meta property=\"og:description\" content=\"Aquamassage PierDeco vous propose une ambiance de d\u00e9tente et design gr\u00e2ce \u00e0 ses colonnes de douche Aquamassage\u00ae.&nbsp;La douche ayant beaucoup remplac\u00e9 le bain dans les derni\u00e8res ann\u00e9es, notre mission est d\u2019en am\u00e9liorer l\u2019exp\u00e9rience en offrant des technologies visant principalement la relaxation et la d\u00e9tente. En s\u00e9lectionnant des composantes performantes, Aquamassage a su cr\u00e9er un nouveau [&hellip;]\" \/>\n<meta property=\"og:url\" content=\"https:\/\/cms.bravobusinessmedia.com\/espace\/aquamassagefr\/\" \/>\n<meta property=\"og:site_name\" content=\"Espace Plomberium\" \/>\n<meta property=\"article:modified_time\" content=\"2024-08-13T12:44:04+00:00\" \/>\n<meta property=\"og:image\" content=\"https:\/\/cms.bravobusinessmedia.com\/espace\/wp-content\/uploads\/sites\/14\/2024\/01\/Aquamassage.jpg\" \/>\n<meta name=\"twitter:card\" content=\"summary_large_image\" \/>\n<meta name=\"twitter:label1\" content=\"Est. reading time\" \/>\n\t<meta name=\"twitter:data1\" content=\"2 minutes\" \/>\n<script type=\"application\/ld+json\" class=\"yoast-schema-graph\">{\"@context\":\"https:\\\/\\\/schema.org\",\"@graph\":[{\"@type\":\"WebPage\",\"@id\":\"https:\\\/\\\/cms.bravobusinessmedia.com\\\/espace\\\/aquamassagefr\\\/\",\"url\":\"https:\\\/\\\/cms.bravobusinessmedia.com\\\/espace\\\/aquamassagefr\\\/\",\"name\":\"aquamassageFR - Espace Plomberium\",\"isPartOf\":{\"@id\":\"https:\\\/\\\/cms.bravobusinessmedia.com\\\/espace\\\/#website\"},\"primaryImageOfPage\":{\"@id\":\"https:\\\/\\\/cms.bravobusinessmedia.com\\\/espace\\\/aquamassagefr\\\/#primaryimage\"},\"image\":{\"@id\":\"https:\\\/\\\/cms.bravobusinessmedia.com\\\/espace\\\/aquamassagefr\\\/#primaryimage\"},\"thumbnailUrl\":\"https:\\\/\\\/cms.bravobusinessmedia.com\\\/espace\\\/wp-content\\\/uploads\\\/sites\\\/14\\\/2024\\\/01\\\/Aquamassage.jpg\",\"datePublished\":\"2024-01-08T21:31:43+00:00\",\"dateModified\":\"2024-08-13T12:44:04+00:00\",\"breadcrumb\":{\"@id\":\"https:\\\/\\\/cms.bravobusinessmedia.com\\\/espace\\\/aquamassagefr\\\/#breadcrumb\"},\"inLanguage\":\"en-US\",\"potentialAction\":[{\"@type\":\"ReadAction\",\"target\":[\"https:\\\/\\\/cms.bravobusinessmedia.com\\\/espace\\\/aquamassagefr\\\/\"]}]},{\"@type\":\"ImageObject\",\"inLanguage\":\"en-US\",\"@id\":\"https:\\\/\\\/cms.bravobusinessmedia.com\\\/espace\\\/aquamassagefr\\\/#primaryimage\",\"url\":\"https:\\\/\\\/cms.bravobusinessmedia.com\\\/espace\\\/wp-content\\\/uploads\\\/sites\\\/14\\\/2024\\\/01\\\/Aquamassage.jpg\",\"contentUrl\":\"https:\\\/\\\/cms.bravobusinessmedia.com\\\/espace\\\/wp-content\\\/uploads\\\/sites\\\/14\\\/2024\\\/01\\\/Aquamassage.jpg\",\"width\":650,\"height\":400},{\"@type\":\"BreadcrumbList\",\"@id\":\"https:\\\/\\\/cms.bravobusinessmedia.com\\\/espace\\\/aquamassagefr\\\/#breadcrumb\",\"itemListElement\":[{\"@type\":\"ListItem\",\"position\":1,\"name\":\"Home\",\"item\":\"https:\\\/\\\/cms.bravobusinessmedia.com\\\/espace\\\/\"},{\"@type\":\"ListItem\",\"position\":2,\"name\":\"aquamassageFR\"}]},{\"@type\":\"WebSite\",\"@id\":\"https:\\\/\\\/cms.bravobusinessmedia.com\\\/espace\\\/#website\",\"url\":\"https:\\\/\\\/cms.bravobusinessmedia.com\\\/espace\\\/\",\"name\":\"Espace Plomberium\",\"description\":\"\",\"potentialAction\":[{\"@type\":\"SearchAction\",\"target\":{\"@type\":\"EntryPoint\",\"urlTemplate\":\"https:\\\/\\\/cms.bravobusinessmedia.com\\\/espace\\\/?s={search_term_string}\"},\"query-input\":{\"@type\":\"PropertyValueSpecification\",\"valueRequired\":true,\"valueName\":\"search_term_string\"}}],\"inLanguage\":\"en-US\"}]}<\/script>\n<!-- \/ Yoast SEO Premium plugin. -->","yoast_head_json":{"title":"aquamassageFR - Espace Plomberium","robots":{"index":"index","follow":"follow","max-snippet":"max-snippet:-1","max-image-preview":"max-image-preview:large","max-video-preview":"max-video-preview:-1"},"canonical":"https:\/\/cms.bravobusinessmedia.com\/espace\/aquamassagefr\/","og_locale":"en_US","og_type":"article","og_title":"aquamassageFR","og_description":"Aquamassage PierDeco vous propose une ambiance de d\u00e9tente et design gr\u00e2ce \u00e0 ses colonnes de douche Aquamassage\u00ae.&nbsp;La douche ayant beaucoup remplac\u00e9 le bain dans les derni\u00e8res ann\u00e9es, notre mission est d\u2019en am\u00e9liorer l\u2019exp\u00e9rience en offrant des technologies visant principalement la relaxation et la d\u00e9tente. En s\u00e9lectionnant des composantes performantes, Aquamassage a su cr\u00e9er un nouveau [&hellip;]","og_url":"https:\/\/cms.bravobusinessmedia.com\/espace\/aquamassagefr\/","og_site_name":"Espace Plomberium","article_modified_time":"2024-08-13T12:44:04+00:00","og_image":[{"url":"https:\/\/cms.bravobusinessmedia.com\/espace\/wp-content\/uploads\/sites\/14\/2024\/01\/Aquamassage.jpg","type":"","width":"","height":""}],"twitter_card":"summary_large_image","twitter_misc":{"Est. reading time":"2 minutes"},"schema":{"@context":"https:\/\/schema.org","@graph":[{"@type":"WebPage","@id":"https:\/\/cms.bravobusinessmedia.com\/espace\/aquamassagefr\/","url":"https:\/\/cms.bravobusinessmedia.com\/espace\/aquamassagefr\/","name":"aquamassageFR - Espace Plomberium","isPartOf":{"@id":"https:\/\/cms.bravobusinessmedia.com\/espace\/#website"},"primaryImageOfPage":{"@id":"https:\/\/cms.bravobusinessmedia.com\/espace\/aquamassagefr\/#primaryimage"},"image":{"@id":"https:\/\/cms.bravobusinessmedia.com\/espace\/aquamassagefr\/#primaryimage"},"thumbnailUrl":"https:\/\/cms.bravobusinessmedia.com\/espace\/wp-content\/uploads\/sites\/14\/2024\/01\/Aquamassage.jpg","datePublished":"2024-01-08T21:31:43+00:00","dateModified":"2024-08-13T12:44:04+00:00","breadcrumb":{"@id":"https:\/\/cms.bravobusinessmedia.com\/espace\/aquamassagefr\/#breadcrumb"},"inLanguage":"en-US","potentialAction":[{"@type":"ReadAction","target":["https:\/\/cms.bravobusinessmedia.com\/espace\/aquamassagefr\/"]}]},{"@type":"ImageObject","inLanguage":"en-US","@id":"https:\/\/cms.bravobusinessmedia.com\/espace\/aquamassagefr\/#primaryimage","url":"https:\/\/cms.bravobusinessmedia.com\/espace\/wp-content\/uploads\/sites\/14\/2024\/01\/Aquamassage.jpg","contentUrl":"https:\/\/cms.bravobusinessmedia.com\/espace\/wp-content\/uploads\/sites\/14\/2024\/01\/Aquamassage.jpg","width":650,"height":400},{"@type":"BreadcrumbList","@id":"https:\/\/cms.bravobusinessmedia.com\/espace\/aquamassagefr\/#breadcrumb","itemListElement":[{"@type":"ListItem","position":1,"name":"Home","item":"https:\/\/cms.bravobusinessmedia.com\/espace\/"},{"@type":"ListItem","position":2,"name":"aquamassageFR"}]},{"@type":"WebSite","@id":"https:\/\/cms.bravobusinessmedia.com\/espace\/#website","url":"https:\/\/cms.bravobusinessmedia.com\/espace\/","name":"Espace Plomberium","description":"","potentialAction":[{"@type":"SearchAction","target":{"@type":"EntryPoint","urlTemplate":"https:\/\/cms.bravobusinessmedia.com\/espace\/?s={search_term_string}"},"query-input":{"@type":"PropertyValueSpecification","valueRequired":true,"valueName":"search_term_string"}}],"inLanguage":"en-US"}]}},"lang":"en","translations":{"en":1215},"pll_sync_post":[],"_links":{"self":[{"href":"https:\/\/cms.bravobusinessmedia.com\/espace\/wp-json\/wp\/v2\/pages\/1215","targetHints":{"allow":["GET"]}}],"collection":[{"href":"https:\/\/cms.bravobusinessmedia.com\/espace\/wp-json\/wp\/v2\/pages"}],"about":[{"href":"https:\/\/cms.bravobusinessmedia.com\/espace\/wp-json\/wp\/v2\/types\/page"}],"author":[{"embeddable":true,"href":"https:\/\/cms.bravobusinessmedia.com\/espace\/wp-json\/wp\/v2\/users\/22"}],"replies":[{"embeddable":true,"href":"https:\/\/cms.bravobusinessmedia.com\/espace\/wp-json\/wp\/v2\/comments?post=1215"}],"version-history":[{"count":0,"href":"https:\/\/cms.bravobusinessmedia.com\/espace\/wp-json\/wp\/v2\/pages\/1215\/revisions"}],"wp:attachment":[{"href":"https:\/\/cms.bravobusinessmedia.com\/espace\/wp-json\/wp\/v2\/media?parent=1215"}],"curies":[{"name":"wp","href":"https:\/\/api.w.org\/{rel}","templated":true}]}}