{"id":1270,"date":"2024-02-26T06:50:53","date_gmt":"2024-02-26T06:50:53","guid":{"rendered":"https:\/\/cms.bravobusinessmedia.com\/espace\/?page_id=1270"},"modified":"2025-01-28T19:33:18","modified_gmt":"2025-01-28T19:33:18","slug":"privacyfr","status":"publish","type":"page","link":"https:\/\/cms.bravobusinessmedia.com\/espace\/privacyfr\/","title":{"rendered":"PrivacyFR"},"content":{"rendered":"\n<div class=\"wp-block-group container\"><div class=\"wp-block-group__inner-container is-layout-constrained wp-block-group-is-layout-constrained\">\n<h1 class=\"wp-block-heading espace-heading text-primary pt-5 pb-3\" id=\"h-politique-de-confidentialite\">Politique de Confidentialit\u00e9<\/h1>\n\n\n\n<h2 class=\"wp-block-heading\" id=\"h-espace-plomberium-fait-partie-de-groupe-deschenes\">Espace Plomberium fait partie de Groupe Desch\u00eanes.<\/h2>\n\n\n\n<p>Groupe Desch\u00eanes, inc et ses filiales. (\u00abDesch\u00eanes\u00bb) reconna\u00eet que la gestion des renseignements personnels est de la plus haute importance. De ce fait et en accord avec la Politique de protection des renseignements de Desch\u00eanes, tous les renseignements personnels seront trait\u00e9s comme suit :<\/p>\n\n\n\n<h2 class=\"wp-block-heading h3 text-dark\" id=\"h-1-cueillette-des-renseignements-personnels\">1. Cueillette des renseignements personnels<\/h2>\n\n\n\n<p>Desch\u00eanes recueillera, de fa\u00e7on l\u00e9gale et justifi\u00e9e, seulement les renseignements personnels qui sont n\u00e9cessaires et s\u2019engage \u00e0 restreindre l\u2019usage de ces renseignements.<\/p>\n\n\n\n<h2 class=\"wp-block-heading has-text-align-left h3 text-dark\" id=\"h-2-usage-des-renseignements-personnels\">2. Usage des renseignements personnels<\/h2>\n\n\n\n<p>Desch\u00eanes peut utiliser les renseignements personnels de la fa\u00e7on suivante :<\/p>\n\n\n\n<ol class=\"wp-block-list ordered-list\">\n<li>Pour fournir les produits et services (dont la vente, le service apr\u00e8s-vente et les catalogues) demand\u00e9s par le client (ces renseignements personnels peuvent inclure tous les renseignements n\u00e9cessaires \u00e0 la bonne compr\u00e9hension de la requ\u00eate du client, tels que l\u2019historique des achats et le statu des livraisons);<\/li>\n\n\n\n<li>Pour pouvoir r\u00e9pondre correctement \u00e0 une demande de la part d\u2019un client (ceci peut inclure l&#8217;inventaire de toutes les demandes d\u2019un client afin de pouvoir am\u00e9liorer le processus de r\u00e9ponse de la part de Desch\u00eanes);<\/li>\n\n\n\n<li>\u00c0 titre de r\u00e9f\u00e9rence afin de d\u00e9terminer les besoins d\u2019un client relatifs \u00e0 ses achats de produits, \u00e0 la planification, au d\u00e9veloppement, \u00e0 la mise en march\u00e9, aux ventes et aux autres activit\u00e9s de Desch\u00eanes (ces renseignements personnels peuvent inclure des r\u00e9ponses \u00e0 certains questionnaires remplis au moment des achats, lors d&#8217;\u00e9tudes de march\u00e9, lors de sondages de satisfaction ou lors de demandes de renseignements de la part du client);<\/li>\n\n\n\n<li>Pour envoyer de l\u2019information \u00e0 propos de Desch\u00eanes, de ses produits et services ou autres envois, c&#8217;est-\u00e0-dire catalogues, brochures, information sur les nouveaux produits, livres ou toute autre information que Desch\u00eanes juge \u00eatre d\u2019int\u00e9r\u00eat pour le client;<\/li>\n\n\n\n<li>Pour aviser le gagnant d\u2019un concours, pour lui faire parvenir son prix ou pour toute autre communication pertinente avec la personne en question;<\/li>\n\n\n\n<li>Pour confirmer la pr\u00e9sence des participants \u00e0 certains \u00e9v\u00e9nements ou pour communiquer avec eux apr\u00e8s un \u00e9v\u00e9nement;<\/li>\n\n\n\n<li>Pour d\u00e9velopper ou maintenir des relations d\u2019affaires avec certains partenaires d\u2019affaires et autres entit\u00e9s;<\/li>\n\n\n\n<li>\u00c0 titre de r\u00e9f\u00e9rence pour le recrutement d\u2019une personne lorsque les renseignements sont communiqu\u00e9s \u00e0 Desch\u00eanes dans le dossier du postulant;<\/li>\n\n\n\n<li>Tel que d\u00e9fini dans la Loi sur la protection des renseignements personnels ou autres lois et r\u00e8glements;<\/li>\n\n\n\n<li>\u00c0 des fins de statistiques, \u00e0 condition que ces renseignements ne puissent pas servir \u00e0 l\u2019identification des individus.<\/li>\n<\/ol>\n\n\n\n<h2 class=\"wp-block-heading has-text-align-left h3 text-dark\" id=\"h-3-divulgation-des-renseignements-personnels-a-une-tierce-partie\">3. Divulgation des renseignements personnels \u00e0 une tierce partie<\/h2>\n\n\n\n<ol class=\"wp-block-list ordered-list\">\n<li>Divulgation des renseignements personnels \u00e0 une tierce parti\n<ul class=\"wp-block-list\">\n<li>Nous ne transf\u00e9rerons pas vos renseignements personnels \u00e0 une tierce partie, sauf :\n<ul class=\"wp-block-list\">\n<li>1. Avec votre consentement;<\/li>\n\n\n\n<li>2. Si la Loi sur la protection des renseignements personnels ou toute autre loi le permet;<\/li>\n\n\n\n<li>3. Sur ordre d\u2019un tribunal, d\u2019un juge, d\u2019un arbitre ou de toute autorit\u00e9 administrative ou judiciaire ayant juridiction.<\/li>\n<\/ul>\n<\/li>\n<\/ul>\n<\/li>\n\n\n\n<li>Divulgation des renseignements personnels \u00e0 un sous-traitant\n<ul class=\"wp-block-list\">\n<li>Desch\u00eanes peut divulguer vos renseignements personnels \u00e0 des sous-traitants, mais seulement l&#8217;information n\u00e9cessaire pour accomplir la t\u00e2che pour laquelle l&#8217;information est demand\u00e9e (par exemple : lorsque Desch\u00eanes envoie des produits \u00e0 un distributeur ou lorsque Desch\u00eanes sous-traite l&#8217;organisation d&#8217;une campagne \u00e0 une soci\u00e9t\u00e9 de traitement de l&#8217;information). Dans ce cas, une entente de confidentialit\u00e9 doit \u00eatre sign\u00e9e par la tierce partie et Desch\u00eanes s\u2019assurera de la bonne gestion des renseignements par la tierce partie.<\/li>\n<\/ul>\n<\/li>\n\n\n\n<li>Partage des renseignements personnels\n<ul class=\"wp-block-list\">\n<li>Desch\u00eanes peut partager certains renseignements avec ses compagnies affili\u00e9es afin de pouvoir r\u00e9pondre aux besoins cit\u00e9s dans la Section 2, \u00ab Usage des renseignements personnels \u00bb. Les renseignements personnels qui peuvent \u00eatre partag\u00e9s sont : les noms, les adresses, les num\u00e9ros de t\u00e9l\u00e9phone, les adresses courriel, l&#8217;historique des achats, l&#8217;historique des r\u00e9parations, l&#8217;historique et les d\u00e9tails des requ\u00eates. Desch\u00eanes est responsable de la protection des renseignements partag\u00e9s et utilis\u00e9s par Desch\u00eanes s\u2019engage \u00e0 se conformer \u00e0 sa Politique de protection des renseignements personnels et \u00e0 assurer de mani\u00e8re diligente la s\u00e9curit\u00e9 de ces renseignements.<\/li>\n<\/ul>\n<\/li>\n<\/ol>\n\n\n\n<h2 class=\"wp-block-heading h3 text-dark\" id=\"h-4-nbsp-gestion-des-renseignements-personnels\">4. &nbsp;Gestion des renseignements personnels<\/h2>\n\n\n\n<p>Desch\u00eanes d\u00e9ploie tous les efforts n\u00e9cessaires et appropri\u00e9s pour s&#8217;assurer que les renseignements personnels recueillis sont prot\u00e9g\u00e9s contre les pertes et l&#8217;acc\u00e8s non autoris\u00e9. Les renseignements personnels sont recueillis et conserv\u00e9s de fa\u00e7on s\u00e9curitaire et selon les termes de la Politique de protection des renseignements et autres r\u00e8glements de Desch\u00eanes en mati\u00e8re de gestion des renseignements. De plus, Desch\u00eanes s\u2019engage \u00e0 fournir \u00e0 tous ses employ\u00e9s la formation n\u00e9cessaire pour assurer une gestion saine des renseignements.<\/p>\n\n\n\n<p>Bien que tous les efforts soient d\u00e9ploy\u00e9s afin de s\u2019assurer qu&#8217;aucun tiers n&#8217;obtienne de l&#8217;information personnelle, une confidentialit\u00e9 absolue et une s\u00e9curit\u00e9 compl\u00e8te ne sont pas encore possibles sur Internet. En effet, toute communication \u00e9lectronique, non cod\u00e9e et transmise par Internet, n\u2019est ni s\u00fbre ni confidentielle et est susceptible d\u2019interception, de perte ou de modification, tout comme l&#8217;est toute communication transmise par un autre m\u00e9dium comme, par exemple, le t\u00e9l\u00e9phone cellulaire. Vous reconnaissez que Desch\u00eanes et ses soci\u00e9t\u00e9s affili\u00e9es, ainsi que leurs administrateurs, leurs employ\u00e9s et leurs dirigeants respectifs ne sont pas responsables et ne peuvent \u00eatre tenus responsables, par vous ou par un tiers, des dommages ou pr\u00e9judices subis advenant l\u2019interception, la divulgation, la perte ou tout autre probl\u00e8me li\u00e9 \u00e0 vos communications \u00e9lectroniques avec Desch\u00eanes. Vous assumez donc tous les risques associ\u00e9s \u00e0 de telles communications.<\/p>\n\n\n\n<h2 class=\"wp-block-heading h3 text-dark\" id=\"h-5-demandes-d-information-et-changements\">5. Demandes d&#8217;information et changements<\/h2>\n\n\n\n<p>Les demandes des clients relatives \u00e0 leurs renseignements personnels (incluant la v\u00e9rification de l&#8217;usage fait de ces renseignements personnels, les opinions ou les plaintes li\u00e9es au traitement des renseignements personnels) devront \u00eatre envoy\u00e9es \u00e0 la division pour laquelle le client a donn\u00e9, \u00e0 l&#8217;origine, ses renseignements personnels. Si vous ne connaissez pas la division correspondante, ou si vous souhaitez que vos renseignements soient supprim\u00e9s ou modifi\u00e9s d\u2019une fa\u00e7on ou d\u2019une autre, veuillez communiquer avec notre personne responsable de la protection des renseignements personnels :<\/p>\n\n\n\n<p>\u00c9ric Filiatrault<\/p>\n\n\n\n<p>Responsable \u00e0 la protection des renseignements personnels<\/p>\n\n\n\n<p><a href=\"mailto:gouvernance@groupedeschenes.com\">gouvernance@groupedeschenes.com<\/a><\/p>\n\n\n\n<p>3901 Jarry Est, Bureau 250, Montr\u00e9al, QC, H1Z 2G1<\/p>\n\n\n\n<h2 class=\"wp-block-heading h3 text-dark\" id=\"h-6-ameliorations\">6. Am\u00e9liorations<\/h2>\n\n\n\n<p>Desch\u00eanes s\u2019engage \u00e0 se conformer aux lois canadiennes sur la protection des renseignements personnels et proc\u00e9dera \u00e0 la r\u00e9vision et \u00e0 l\u2019am\u00e9lioration du contenu de sa Politique selon les besoins.<\/p>\n\n\n\n<p>Bien que notre engagement envers votre vie priv\u00e9e demeurera inchang\u00e9, Desch\u00eanes pourra modifier, ajuster ou autrement mettre \u00e0 jour la Politique de temps \u00e0 autre, sans pr\u00e9avis. L\u2019expression \u00ab renseignements personnels \u00bb d\u00e9signe les renseignements se rapportant \u00e0 une personne qui permettent de l&#8217;identifier et tous les autres renseignements qui, reli\u00e9s entre eux, pourraient servir \u00e0 identifier une personne en particulier.<\/p>\n\n\n\n<p>Cette d\u00e9claration de cookie a \u00e9t\u00e9 cr\u00e9\u00e9e et mise \u00e0 jour par <a href=\"https:\/\/cookiefirst.com\/fr\/consent-management-platform\/\">Consent Management Platform &#8211; CookieFirst<\/a><\/p>\n\n\n\n<p>Cette table de cookies a \u00e9t\u00e9 cr\u00e9\u00e9e et mise \u00e0 jour par le <a href=\"https:\/\/cookiefirst.com\/fr\/bandeau-cookies\/\">Bandeau Cookies<\/a><\/p>\n\n\n\n<h2 class=\"wp-block-heading\">Consentement \u00e0 l&#8217;utilisation de cookies.<\/h2>\n\n\n\n<p>Pour le bon fonctionnement de notre site Web, nous utilisons cookies. Afin d&#8217;obtenir votre consentement valide pour l&#8217;utilisation et le stockage de cookies dans le navigateur que vous utilisez pour acc\u00e9der \u00e0 notre site Web et pour documenter correctement ceci, nous utilisons une plateforme de gestion des consentements : CookieFirst. Cette technologie est fournie par Digital Data Solutions BV, Plantage Middenlaan 42a, 1018 DH, Amsterdam, Pays-Bas. Site web <a href=\"https:\/\/cookiefirst.com\" title=\"Cookiefirst page\">: https:\/\/cookiefirst.com<\/a> d\u00e9sign\u00e9 sous le nom de CookieFirst.<\/p>\n\n\n\n<p>Lorsque vous acc\u00e9dez \u00e0 notre site web, une connexion est \u00e9tablie avec le serveur de CookieFirstpour nous donner la possibilit\u00e9 d&#8217;obtenir un consentement valide de votre part pour l&#8217;utilisation de certains cookies. CookieFirst stocke ensuite un cookie dans votre navigateur afin de pouvoir activer uniquement les cookies auxquels vous avez consenti et de le documenter correctement. Les donn\u00e9es trait\u00e9es sont stock\u00e9es jusqu&#8217;\u00e0 l&#8217;expiration de la p\u00e9riode de stockage pr\u00e9d\u00e9finie ou jusqu&#8217;\u00e0 ce que vous demandiez la suppression des donn\u00e9es. Certaines p\u00e9riodes de conservation l\u00e9gales obligatoires peuvent s&#8217;appliquer nonobstant ce qui pr\u00e9c\u00e8de.<\/p>\n\n\n\n<p>CookieFirst est utilis\u00e9 pour obtenir le consentement l\u00e9galement requis pour l&#8217;utilisation de cookies. La base juridique pour cela est l&#8217;article 6, paragraphe 1, point c), du r\u00e8glement g\u00e9n\u00e9ral sur la protection des donn\u00e9es (RGPD).<\/p>\n\n\n\n<h2 class=\"wp-block-heading\">Accord de traitement des donn\u00e9es<\/h2>\n\n\n\n<p>Nous avons conclu un accord de traitement des donn\u00e9es avec CookieFirst. Il s&#8217;agit d&#8217;un contrat requis par la loi sur la protection des donn\u00e9es, qui garantit que les donn\u00e9es des visiteurs de notre site Web ne sont trait\u00e9es que conform\u00e9ment \u00e0 nos instructions et dans le respect du GDPR.<\/p>\n\n\n\n<h2 class=\"wp-block-heading\">Fichiers journaux du serveur<\/h2>\n\n\n\n<p>Notre site web et CookieFirst collectent et stockent automatiquement des informations dans ce qu&#8217;on appelle des fichiers journaux de serveur, que votre navigateur nous transmet automatiquement. Les donn\u00e9es suivantes sont collect\u00e9es :<\/p>\n\n\n\n<ul class=\"wp-block-list list-square mb-3\">\n<li>Votre statut de consentement ou le retrait du consentement.<\/li>\n\n\n\n<li>Votre adresse IP anonyme<\/li>\n\n\n\n<li>Des informations sur votre navigateur<\/li>\n\n\n\n<li>Informations sur votre appareil<\/li>\n\n\n\n<li>La date et l&#8217;heure de votre visite sur notre site web<\/li>\n\n\n\n<li>L&#8217;url de la page web o\u00f9 vous avez enregistr\u00e9 ou mis \u00e0 jour vos pr\u00e9f\u00e9rences de consentement<\/li>\n\n\n\n<li>L&#8217;emplacement approximatif de l&#8217;utilisateur qui a enregistr\u00e9 ses pr\u00e9f\u00e9rences en mati\u00e8re de consentement.<\/li>\n\n\n\n<li>un identifiant unique universel (UUID) du visiteur du site web qui a cliqu\u00e9 sur la banni\u00e8re cookie.<\/li>\n<\/ul>\n<\/div><\/div>\n","protected":false},"excerpt":{"rendered":"<p>Politique de Confidentialit\u00e9 Espace Plomberium fait partie de Groupe Desch\u00eanes. Groupe Desch\u00eanes, inc et ses filiales. (\u00abDesch\u00eanes\u00bb) reconna\u00eet que la gestion des renseignements personnels est de la plus haute importance. De ce fait et en accord avec la Politique de protection des renseignements de Desch\u00eanes, tous les renseignements personnels seront trait\u00e9s comme suit : 1. [&hellip;]<\/p>\n","protected":false},"author":23,"featured_media":0,"parent":0,"menu_order":0,"comment_status":"closed","ping_status":"closed","template":"","meta":{"_acf_changed":false,"footnotes":""},"class_list":["post-1270","page","type-page","status-publish","hentry"],"acf":{"seo_keywords":""},"yoast_head":"<!-- This site is optimized with the Yoast SEO Premium plugin v25.4 (Yoast SEO v27.3) - https:\/\/yoast.com\/product\/yoast-seo-premium-wordpress\/ -->\n<title>PrivacyFR - Espace Plomberium<\/title>\n<meta name=\"robots\" content=\"index, follow, max-snippet:-1, max-image-preview:large, max-video-preview:-1\" \/>\n<link rel=\"canonical\" href=\"https:\/\/cms.bravobusinessmedia.com\/espace\/privacyfr\/\" \/>\n<meta property=\"og:locale\" content=\"en_US\" \/>\n<meta property=\"og:type\" content=\"article\" \/>\n<meta property=\"og:title\" content=\"PrivacyFR\" \/>\n<meta property=\"og:description\" content=\"Politique de Confidentialit\u00e9 Espace Plomberium fait partie de Groupe Desch\u00eanes. Groupe Desch\u00eanes, inc et ses filiales. (\u00abDesch\u00eanes\u00bb) reconna\u00eet que la gestion des renseignements personnels est de la plus haute importance. De ce fait et en accord avec la Politique de protection des renseignements de Desch\u00eanes, tous les renseignements personnels seront trait\u00e9s comme suit : 1. [&hellip;]\" \/>\n<meta property=\"og:url\" content=\"https:\/\/cms.bravobusinessmedia.com\/espace\/privacyfr\/\" \/>\n<meta property=\"og:site_name\" content=\"Espace Plomberium\" \/>\n<meta property=\"article:modified_time\" content=\"2025-01-28T19:33:18+00:00\" \/>\n<meta name=\"twitter:card\" content=\"summary_large_image\" \/>\n<meta name=\"twitter:label1\" content=\"Est. reading time\" \/>\n\t<meta name=\"twitter:data1\" content=\"7 minutes\" \/>\n<script type=\"application\/ld+json\" class=\"yoast-schema-graph\">{\"@context\":\"https:\\\/\\\/schema.org\",\"@graph\":[{\"@type\":\"WebPage\",\"@id\":\"https:\\\/\\\/cms.bravobusinessmedia.com\\\/espace\\\/privacyfr\\\/\",\"url\":\"https:\\\/\\\/cms.bravobusinessmedia.com\\\/espace\\\/privacyfr\\\/\",\"name\":\"PrivacyFR - Espace Plomberium\",\"isPartOf\":{\"@id\":\"https:\\\/\\\/cms.bravobusinessmedia.com\\\/espace\\\/#website\"},\"datePublished\":\"2024-02-26T06:50:53+00:00\",\"dateModified\":\"2025-01-28T19:33:18+00:00\",\"breadcrumb\":{\"@id\":\"https:\\\/\\\/cms.bravobusinessmedia.com\\\/espace\\\/privacyfr\\\/#breadcrumb\"},\"inLanguage\":\"en-US\",\"potentialAction\":[{\"@type\":\"ReadAction\",\"target\":[\"https:\\\/\\\/cms.bravobusinessmedia.com\\\/espace\\\/privacyfr\\\/\"]}]},{\"@type\":\"BreadcrumbList\",\"@id\":\"https:\\\/\\\/cms.bravobusinessmedia.com\\\/espace\\\/privacyfr\\\/#breadcrumb\",\"itemListElement\":[{\"@type\":\"ListItem\",\"position\":1,\"name\":\"Home\",\"item\":\"https:\\\/\\\/cms.bravobusinessmedia.com\\\/espace\\\/\"},{\"@type\":\"ListItem\",\"position\":2,\"name\":\"PrivacyFR\"}]},{\"@type\":\"WebSite\",\"@id\":\"https:\\\/\\\/cms.bravobusinessmedia.com\\\/espace\\\/#website\",\"url\":\"https:\\\/\\\/cms.bravobusinessmedia.com\\\/espace\\\/\",\"name\":\"Espace Plomberium\",\"description\":\"\",\"potentialAction\":[{\"@type\":\"SearchAction\",\"target\":{\"@type\":\"EntryPoint\",\"urlTemplate\":\"https:\\\/\\\/cms.bravobusinessmedia.com\\\/espace\\\/?s={search_term_string}\"},\"query-input\":{\"@type\":\"PropertyValueSpecification\",\"valueRequired\":true,\"valueName\":\"search_term_string\"}}],\"inLanguage\":\"en-US\"}]}<\/script>\n<!-- \/ Yoast SEO Premium plugin. -->","yoast_head_json":{"title":"PrivacyFR - Espace Plomberium","robots":{"index":"index","follow":"follow","max-snippet":"max-snippet:-1","max-image-preview":"max-image-preview:large","max-video-preview":"max-video-preview:-1"},"canonical":"https:\/\/cms.bravobusinessmedia.com\/espace\/privacyfr\/","og_locale":"en_US","og_type":"article","og_title":"PrivacyFR","og_description":"Politique de Confidentialit\u00e9 Espace Plomberium fait partie de Groupe Desch\u00eanes. Groupe Desch\u00eanes, inc et ses filiales. (\u00abDesch\u00eanes\u00bb) reconna\u00eet que la gestion des renseignements personnels est de la plus haute importance. De ce fait et en accord avec la Politique de protection des renseignements de Desch\u00eanes, tous les renseignements personnels seront trait\u00e9s comme suit : 1. [&hellip;]","og_url":"https:\/\/cms.bravobusinessmedia.com\/espace\/privacyfr\/","og_site_name":"Espace Plomberium","article_modified_time":"2025-01-28T19:33:18+00:00","twitter_card":"summary_large_image","twitter_misc":{"Est. reading time":"7 minutes"},"schema":{"@context":"https:\/\/schema.org","@graph":[{"@type":"WebPage","@id":"https:\/\/cms.bravobusinessmedia.com\/espace\/privacyfr\/","url":"https:\/\/cms.bravobusinessmedia.com\/espace\/privacyfr\/","name":"PrivacyFR - Espace Plomberium","isPartOf":{"@id":"https:\/\/cms.bravobusinessmedia.com\/espace\/#website"},"datePublished":"2024-02-26T06:50:53+00:00","dateModified":"2025-01-28T19:33:18+00:00","breadcrumb":{"@id":"https:\/\/cms.bravobusinessmedia.com\/espace\/privacyfr\/#breadcrumb"},"inLanguage":"en-US","potentialAction":[{"@type":"ReadAction","target":["https:\/\/cms.bravobusinessmedia.com\/espace\/privacyfr\/"]}]},{"@type":"BreadcrumbList","@id":"https:\/\/cms.bravobusinessmedia.com\/espace\/privacyfr\/#breadcrumb","itemListElement":[{"@type":"ListItem","position":1,"name":"Home","item":"https:\/\/cms.bravobusinessmedia.com\/espace\/"},{"@type":"ListItem","position":2,"name":"PrivacyFR"}]},{"@type":"WebSite","@id":"https:\/\/cms.bravobusinessmedia.com\/espace\/#website","url":"https:\/\/cms.bravobusinessmedia.com\/espace\/","name":"Espace Plomberium","description":"","potentialAction":[{"@type":"SearchAction","target":{"@type":"EntryPoint","urlTemplate":"https:\/\/cms.bravobusinessmedia.com\/espace\/?s={search_term_string}"},"query-input":{"@type":"PropertyValueSpecification","valueRequired":true,"valueName":"search_term_string"}}],"inLanguage":"en-US"}]}},"lang":"en","translations":{"en":1270},"pll_sync_post":[],"_links":{"self":[{"href":"https:\/\/cms.bravobusinessmedia.com\/espace\/wp-json\/wp\/v2\/pages\/1270","targetHints":{"allow":["GET"]}}],"collection":[{"href":"https:\/\/cms.bravobusinessmedia.com\/espace\/wp-json\/wp\/v2\/pages"}],"about":[{"href":"https:\/\/cms.bravobusinessmedia.com\/espace\/wp-json\/wp\/v2\/types\/page"}],"author":[{"embeddable":true,"href":"https:\/\/cms.bravobusinessmedia.com\/espace\/wp-json\/wp\/v2\/users\/23"}],"replies":[{"embeddable":true,"href":"https:\/\/cms.bravobusinessmedia.com\/espace\/wp-json\/wp\/v2\/comments?post=1270"}],"version-history":[{"count":0,"href":"https:\/\/cms.bravobusinessmedia.com\/espace\/wp-json\/wp\/v2\/pages\/1270\/revisions"}],"wp:attachment":[{"href":"https:\/\/cms.bravobusinessmedia.com\/espace\/wp-json\/wp\/v2\/media?parent=1270"}],"curies":[{"name":"wp","href":"https:\/\/api.w.org\/{rel}","templated":true}]}}