{"id":1285,"date":"2024-02-26T09:20:49","date_gmt":"2024-02-26T09:20:49","guid":{"rendered":"https:\/\/cms.bravobusinessmedia.com\/espace\/?page_id=1285"},"modified":"2024-09-03T19:13:50","modified_gmt":"2024-09-03T19:13:50","slug":"about","status":"publish","type":"page","link":"https:\/\/cms.bravobusinessmedia.com\/espace\/about\/","title":{"rendered":"About us"},"content":{"rendered":"\n<div class=\"d-none d-lg-block\">\n    <div class=\"ha-bg-parallax-about text-center block-marginb-none\" data-type=\"background\" data-speed=\"20\">\n        <div class=\"ha-parallax-body\">\n            <div class=\"ha-content\">\n            <\/div>\n        <\/div>\n    <\/div>\n<\/div>\n\n\n\n<div class=\"wp-block-group container\"><div class=\"wp-block-group__inner-container is-layout-constrained wp-block-group-is-layout-constrained\">\n<h1 class=\"wp-block-heading espace-heading text-primary pb-3 pt-5\" id=\"h-about-us\">About Us<\/h1>\n\n\n\n<p>Espace Plomberium counts five stores located in Montreal, Laval, Mascouche and Saint-J\u00e9r\u00f4me, which specialize in quality plumbing products. Our goal is to continually provide unparalleled service and to be on the lookout for industry developments to bring you the best products for your project. Whether it&#8217;s new construction or renovations, our experienced and trained consultants will guide you in the realization of your bathroom or kitchen projects.<\/p>\n\n\n\n<h2 class=\"wp-block-heading h4 pt-3\" id=\"h-we-are-there-for-you-from-start-to-finish\">We are there for you from start to finish<\/h2>\n\n\n\n<p class=\"font-weight-bold\">Consulting service according to your style, your space and your budget.<\/p>\n\n\n\n<ul class=\"wp-block-list mb-3 list-square\">\n<li>Support in the development of your project (layout of the space and design)<\/li>\n\n\n\n<li>Selection of products with the help of our expert advisors.<\/li>\n\n\n\n<li>Technical advice to optimize your room.<\/li>\n\n\n\n<li>Project monitoring thanks to our coordination between the contractor, the designer and the client.<\/li>\n\n\n\n<li>After sales service<\/li>\n<\/ul>\n\n\n\n<h2 class=\"wp-block-heading h4 pt-3\" id=\"h-our-advantages\">Our advantages<\/h2>\n\n\n\n<div class=\"wp-block-columns is-layout-flex wp-container-core-columns-is-layout-9d6595d7 wp-block-columns-is-layout-flex\">\n<div class=\"wp-block-column is-layout-flow wp-block-column-is-layout-flow\" style=\"flex-basis:37.5%\">\n<ul class=\"wp-block-list list-square\">\n<li>Experienced and trained consultants<\/li>\n\n\n\n<li>Extensive selection of quality products<\/li>\n\n\n\n<li>Variety of styles for all tastes<\/li>\n\n\n\n<li>Access to the best brands<\/li>\n\n\n\n<li>Inspiring showrooms<\/li>\n<\/ul>\n<\/div>\n\n\n\n<div class=\"wp-block-column is-layout-flow wp-block-column-is-layout-flow\" style=\"flex-basis:37.5%\">\n<ul class=\"wp-block-list list-square\">\n<li>Functional sections for testing products<\/li>\n\n\n\n<li>Flexible and efficient deliveries<\/li>\n\n\n\n<li>Best price guarantee<\/li>\n\n\n\n<li>Confidence and stability<\/li>\n<\/ul>\n<\/div>\n\n\n\n<div class=\"wp-block-column mx-auto is-layout-flow wp-block-column-is-layout-flow\" style=\"flex-basis:25%\">\n<figure role=\"none\" class=\"wp-block-image size-full is-resized img-fluid\"><img loading=\"lazy\" decoding=\"async\" width=\"400\" height=\"400\" src=\"https:\/\/cms.bravobusinessmedia.com\/espace\/wp-content\/uploads\/sites\/14\/2024\/05\/Espace-Best-Price-logo-EN-1.png\" alt=\"\" class=\"wp-image-2054\" style=\"width:125px\" srcset=\"https:\/\/cms.bravobusinessmedia.com\/espace\/wp-content\/uploads\/sites\/14\/2024\/05\/Espace-Best-Price-logo-EN-1.png 400w, https:\/\/cms.bravobusinessmedia.com\/espace\/wp-content\/uploads\/sites\/14\/2024\/05\/Espace-Best-Price-logo-EN-1-300x300.png 300w, https:\/\/cms.bravobusinessmedia.com\/espace\/wp-content\/uploads\/sites\/14\/2024\/05\/Espace-Best-Price-logo-EN-1-150x150.png 150w\" sizes=\"auto, (max-width: 400px) 100vw, 400px\" \/><\/figure>\n\n\n\n<p class=\"text-center\"><a href=\"\/en\/pages\/prix\">Learn more<\/a><\/p>\n<\/div>\n<\/div>\n\n\n\n<h2 class=\"wp-block-heading h4\" id=\"h-our-origins\">Our origins<\/h2>\n\n\n\n<p>As a division of Desch\u00eanes &amp; Fils Montr\u00e9al, Espace Plomberium enjoys significant support, expertise and purchasing power. These are the reasons why it is capable of offering consumers and professionals a very wide selection of quality products among notorious brands at competitive prices.<\/p>\n\n\n\n<p>Desch\u00eanes &amp; Fils is a subsidiary of Groupe Desch\u00eanes, a privately owned Quebec family business founded nearly 80 years ago. By respecting its values of integrity and teamwork, Desch\u00eanes &amp; Fils has become one of the largest company in its industry and the largest of Canadian ownership. Through its passion, the company is constantly at the forefront of its customers&#8217; needs and thrives by always offering quality service. Groupe Desch\u00eanes now has 10 subsidiaries, 185 points of sale in Canada and is supported by a qualified staff of more than 2,600 people. Desch\u00eanes &amp; Fils is proud to be a Quebec-owned company since 1940 and consistently ranking among Canada&#8217;s 50 Best Managed Companies since 2011.<\/p>\n\n\n\n<div class=\"wp-block-columns is-not-stacked-on-mobile is-layout-flex wp-container-core-columns-is-layout-9d6595d7 wp-block-columns-is-layout-flex\">\n<div class=\"wp-block-column is-layout-flow wp-block-column-is-layout-flow\">\n<figure role=\"none\" class=\"wp-block-image size-full\"><img loading=\"lazy\" decoding=\"async\" width=\"700\" height=\"628\" src=\"https:\/\/cms.bravobusinessmedia.com\/espace\/wp-content\/uploads\/sites\/14\/2024\/02\/Fleur-filiale-2020.jpeg\" alt=\"\" class=\"wp-image-1276\" srcset=\"https:\/\/cms.bravobusinessmedia.com\/espace\/wp-content\/uploads\/sites\/14\/2024\/02\/Fleur-filiale-2020.jpeg 700w, https:\/\/cms.bravobusinessmedia.com\/espace\/wp-content\/uploads\/sites\/14\/2024\/02\/Fleur-filiale-2020-300x269.jpeg 300w\" sizes=\"auto, (max-width: 700px) 100vw, 700px\" \/><\/figure>\n<\/div>\n\n\n\n<div class=\"wp-block-column is-vertically-aligned-center is-layout-flow wp-block-column-is-layout-flow\">\n<figure role=\"none\" class=\"wp-block-image size-full is-resized\"><img loading=\"lazy\" decoding=\"async\" width=\"501\" height=\"275\" src=\"https:\/\/cms.bravobusinessmedia.com\/espace\/wp-content\/uploads\/sites\/14\/2024\/02\/gerees.jpeg\" alt=\"\" class=\"wp-image-1278\" style=\"width:220px\" srcset=\"https:\/\/cms.bravobusinessmedia.com\/espace\/wp-content\/uploads\/sites\/14\/2024\/02\/gerees.jpeg 501w, https:\/\/cms.bravobusinessmedia.com\/espace\/wp-content\/uploads\/sites\/14\/2024\/02\/gerees-300x165.jpeg 300w\" sizes=\"auto, (max-width: 501px) 100vw, 501px\" \/><\/figure>\n<\/div>\n<\/div>\n\n\n\n<h2 class=\"wp-block-heading text-primary pt-3 h4\" id=\"h-important-milestones-of-our-history\">Important milestones of our history<\/h2>\n\n\n\n<section class=\"timeline\">\n    <div class=\"container\">\n        <div class=\"timeline-item\">\n            <div class=\"timeline-img\"><img decoding=\"async\" src=\"\/about\/drop.SVG\" class=\"img-fluid\" alt=\"about timeline\"><\/div>\n            <div class=\"timeline-content js--fadeInLeft text-right\" data-sr-id=\"1\">\n                <p>&nbsp;<\/p>\n                <div class=\"date\">1940<\/div>\n                <img decoding=\"async\" class=\"img-fluid mbot10\" style=\"min-width:100%\" src=\"\/about\/1940.JPG\" alt=\"about-banner\">\n                <p><small>\n                        \n                         \n                        Desch\u00eanes &amp; Fils was born from the acquisition of Langelier et Fils in 1940 by Fran\u00e7ois Miville-Desch\u00eanes.\n                        \n                    <\/small>\n                <\/p>\n            <\/div>\n        <\/div>\n        <div class=\"timeline-item\">\n            <div class=\"timeline-img\"><img decoding=\"async\" src=\"\/about\/drop.SVG\" class=\"img-fluid\" alt=\"about timeline banner 2\"><\/div>\n            <div class=\"timeline-content js--fadeInRight text-left\" data-sr-id=\"7\">\n                <p>&nbsp;<\/p>\n                <div class=\"date\">1977<\/div>\n                <img decoding=\"async\" class=\"img-fluid mbot10\" style=\"min-width:100%\" src=\"\/about\/1977.JPG\" alt=\"about banne r2\">\n                <p>\n                    <small>\n                        \n                         \n                        Desch\u00eanes &amp; Fils opens its first two branches in Laval and St-Hyacinthe. Other branches were opened in Saint-Hubert in 1986, Pointe-Claire in 1980, Sherbrooke in 1989 and Joliette in 1999.\n                        \n                    <\/small>\n                <\/p>\n            <\/div>\n        <\/div>\n        <div class=\"timeline-item\">\n            <div class=\"timeline-img\"><img decoding=\"async\" src=\"\/about\/drop.SVG\" class=\"img-fluid\" alt=\"about banner 3\"><\/div>\n            <div class=\"timeline-content js--fadeInLeft text-right\" data-sr-id=\"2\">\n                <p>&nbsp;<\/p>\n                <div class=\"date\">1980<\/div>\n                <img decoding=\"async\" class=\"img-fluid mbot10\" style=\"min-width:100%\" src=\"\/about\/1980.JPG\" alt=\"about banner 4\">\n                <p><small>\n                        \n                         \n                        The company acquires 100% of the shares of L.N. &amp; J.E. Noiseux, a Montreal-based wholesaler of plumbing and heating.\n                        \n                    <\/small>\n                <\/p>\n            <\/div>\n        <\/div>\n        <div class=\"timeline-item\">\n            <div class=\"timeline-img\"><img decoding=\"async\" src=\"\/about\/drop.SVG\" class=\"img-fluid\" alt=\"about banner 5\"><\/div>\n            <div class=\"timeline-content js--fadeInRight text-left\" data-sr-id=\"8\">\n                <p>&nbsp;<\/p>\n                <div class=\"date\">1988<\/div>\n                <img decoding=\"async\" class=\"img-fluid mbot10\" style=\"min-width:100%\" src=\"\/about\/1988.JPG\" alt=\"about banner 6\">\n                <p><small>\n                        \n                         \n                        Creation of Groupe Desch\u00eanes, which becomes the parent company.\n                        \n                    <\/small>\n                <\/p>\n            <\/div>\n        <\/div>\n        <div class=\"timeline-item\">\n            <div class=\"timeline-img\"><img decoding=\"async\" src=\"\/about\/drop.SVG\" class=\"img-fluid\" alt=\"about banner 7\"><\/div>\n            <div class=\"timeline-content js--fadeInLeft text-right\" data-sr-id=\"3\">\n                <p>&nbsp;<\/p>\n                <div class=\"date\">1996<\/div>\n                <img decoding=\"async\" class=\"img-fluid mbot10\" style=\"min-width:100%\" src=\"\/about\/1996.JPG\" alt=\"about banner 8\">\n                <p><small>\n                        \n                         \n                        Doraco is fully acquired in 1996 and merged with L.N. &amp; J.E. Noiseux to become Doraco-Noiseux, division of Desch\u00eanes &amp; Fils, a wholesaler and retailer with now 2 places of business.\n                        \n                    <\/small>\n                <\/p>\n            <\/div>\n        <\/div>\n        <div class=\"timeline-item\">\n            <div class=\"timeline-img\"><img decoding=\"async\" src=\"\/about\/drop.SVG\" class=\"img-fluid\" alt=\"about banner 9\"><\/div>\n            <div class=\"timeline-content js--fadeInRight text-left\" data-sr-id=\"9\">\n                <p>&nbsp;<\/p>\n                <div class=\"date\">2000<\/div>\n                <img decoding=\"async\" class=\"img-fluid mbot10\" style=\"min-width:100%\" src=\"\/about\/2000.JPG\" alt=\"about banner 10\">\n                <p>\n                    <small>\n                        \n                         \n                        The Doraco-Noiseux showroom located in Montr\u00e9al-Nord is replaced by a new showroom on boul. Acadie, in Montreal.\n                        \n                    <\/small>\n                <\/p>\n            <\/div>\n        <\/div>\n        <div class=\"timeline-item\">\n            <div class=\"timeline-img\"><img decoding=\"async\" src=\"\/about\/drop.SVG\" class=\"img-fluid\" alt=\"about banner 11\"><\/div>\n            <div class=\"timeline-content js--fadeInLeft text-right\" data-sr-id=\"4\">\n                <p>&nbsp;<\/p>\n                <div class=\"date\">2011<\/div>\n                <img decoding=\"async\" class=\"img-fluid mbot10\" style=\"min-width:100%\" src=\"\/about\/2011.JPG\" alt=\"about banner 12\">\n                <p><small>\n                        \n                         \n                        Desch\u00eanes &amp; Fils acquires Proulx &amp; Fils, a retailer operating a showroom under the Plomberium banner in Mascouche.\n                        \n                    <\/small><\/p>\n            <\/div>\n        <\/div>\n        <div class=\"timeline-item\">\n            <div class=\"timeline-img\"><img decoding=\"async\" src=\"\/about\/drop.SVG\" class=\"img-fluid\" alt=\"about banner 13\"><\/div>\n            <div class=\"timeline-content js--fadeInRight text-left\" data-sr-id=\"10\">\n                <p>&nbsp;<\/p>\n                <div class=\"date\">2013<\/div>\n                <img decoding=\"async\" class=\"img-fluid mbot10\" style=\"min-width:100%\" src=\"\/about\/2013.JPG\" alt=\"about banner 14\">\n                <p><small>\n                        \n                         \n                        Desch\u00eanes &amp; Fils acquires the Baliscus showroom in St-J\u00e9r\u00f4me.\n                        \n                    <\/small>\n                <\/p>\n            <\/div>\n        <\/div>\n        <div class=\"timeline-item\">\n            <div class=\"timeline-img\"><img decoding=\"async\" src=\"\/about\/drop.SVG\" class=\"img-fluid\" alt=\"about banner 15\"><\/div>\n            <div class=\"timeline-content js--fadeInLeft text-right\" data-sr-id=\"5\">\n                <p>&nbsp;<\/p>\n                <div class=\"date\">2016<\/div>\n                <img decoding=\"async\" class=\"img-fluid mbot10\" style=\"min-width:100%\" src=\"\/about\/2016.JPG\" alt=\"about banner 16\">\n                <p><small>\n                        \n                         \n                        Desch\u00eanes &amp; Fils Ltd. launches the unified banner of its retail network under the name Espace Plomberium.\n                        \n                    <\/small>\n                <\/p>\n            <\/div>\n        <\/div>\n        <div class=\"timeline-item\">\n            <div class=\"timeline-img\"><img decoding=\"async\" src=\"\/about\/drop.SVG\" class=\"img-fluid\" alt=\"about banner 17\"><\/div>\n            <div class=\"timeline-content js--fadeInRight text-left\" data-sr-id=\"11\">\n                <p>&nbsp;<\/p>\n                <div class=\"date\">2016<\/div>\n                <img decoding=\"async\" class=\"img-fluid mbot10\" style=\"min-width:100%\" src=\"\/about\/2016-2.JPG\" alt=\"about banner 18\">\n                <p><small>\n                        \n                         \n                        End of expansion work on the Acadie store. The shop now has a two-story showroom\n                        \n                    <\/small><\/p>\n            <\/div>\n        <\/div>\n        <div class=\"timeline-item\">\n            <div class=\"timeline-img\"><img decoding=\"async\" src=\"\/about\/drop.SVG\" class=\"img-fluid\" alt=\"about banner 19\"><\/div>\n            <div class=\"timeline-content js--fadeInLeft text-right\" data-sr-id=\"6\">\n                <p>&nbsp;<\/p>\n                <div class=\"date\">2017<\/div>\n                <img decoding=\"async\" class=\"img-fluid mbot10\" style=\"min-width:100%\" src=\"\/about\/2017.JPG\" alt=\"about banner 20\">\n                <p>\n                    <small>\n                        \n                         \n                        Acquisition of Plomberie Design 440 Inc.\/ALO in Laval. Espace Plomberiumnow has five stores.\n                        \n                    <\/small>\n                <\/p>\n            <\/div>\n        <\/div>\n        <div class=\"timeline-item\">\n            <div class=\"timeline-img\"><img decoding=\"async\" src=\"\/about\/drop.SVG\" class=\"img-fluid\" alt=\"about banner 21\"><\/div>\n            <div class=\"timeline-content js--fadeInRight text-left\" data-sr-id=\"12\">\n                <p>&nbsp;<\/p>\n                <div class=\"date\">2019<\/div>\n                <img decoding=\"async\" src=\"\/about\/2019E.JPG\" alt=\"about banner 2\" class=\"img-fluid mbot10\" style=\"min-width:100%\">\n                <p>\n                    <small>\n                        \n                         \n                        Desch\u00eanes &amp; Fils adopts a new slogan to affirm the importance of its Quebec roots.\n                        \n                    <\/small>\n                <\/p>\n            <\/div>\n        <\/div>\n    <\/div>\n<\/section>\n<\/div><\/div>\n","protected":false},"excerpt":{"rendered":"<p>About Us Espace Plomberium counts five stores located in Montreal, Laval, Mascouche and Saint-J\u00e9r\u00f4me, which specialize in quality plumbing products. Our goal is to continually provide unparalleled service and to be on the lookout for industry developments to bring you the best products for your project. Whether it&#8217;s new construction or renovations, our experienced and [&hellip;]<\/p>\n","protected":false},"author":23,"featured_media":0,"parent":0,"menu_order":0,"comment_status":"closed","ping_status":"closed","template":"","meta":{"_acf_changed":false,"footnotes":""},"class_list":["post-1285","page","type-page","status-publish","hentry"],"acf":{"seo_keywords":""},"yoast_head":"<!-- This site is optimized with the Yoast SEO Premium plugin v25.4 (Yoast SEO v27.3) - https:\/\/yoast.com\/product\/yoast-seo-premium-wordpress\/ -->\n<title>About us - Espace Plomberium %<\/title>\n<meta name=\"description\" content=\"Espace Plomberium counts five stores located in Montreal, Laval, Mascouche and Saint-J\u00e9r\u00f4me, which specialize in quality plumbing products.\" \/>\n<meta name=\"robots\" content=\"index, follow, max-snippet:-1, max-image-preview:large, max-video-preview:-1\" \/>\n<link rel=\"canonical\" href=\"https:\/\/cms.bravobusinessmedia.com\/espace\/about\/\" \/>\n<meta property=\"og:locale\" content=\"en_US\" \/>\n<meta property=\"og:type\" content=\"article\" \/>\n<meta property=\"og:title\" content=\"About us\" \/>\n<meta property=\"og:description\" content=\"Espace Plomberium counts five stores located in Montreal, Laval, Mascouche and Saint-J\u00e9r\u00f4me, which specialize in quality plumbing products.\" \/>\n<meta property=\"og:url\" content=\"https:\/\/cms.bravobusinessmedia.com\/espace\/about\/\" \/>\n<meta property=\"og:site_name\" content=\"Espace Plomberium\" \/>\n<meta property=\"article:modified_time\" content=\"2024-09-03T19:13:50+00:00\" \/>\n<meta property=\"og:image\" content=\"https:\/\/cms.bravobusinessmedia.com\/espace\/wp-content\/uploads\/sites\/14\/2024\/05\/Espace-Best-Price-logo-EN-1.png\" \/>\n<meta name=\"twitter:card\" content=\"summary_large_image\" \/>\n<meta name=\"twitter:label1\" content=\"Est. reading time\" \/>\n\t<meta name=\"twitter:data1\" content=\"8 minutes\" \/>\n<script type=\"application\/ld+json\" class=\"yoast-schema-graph\">{\"@context\":\"https:\\\/\\\/schema.org\",\"@graph\":[{\"@type\":\"WebPage\",\"@id\":\"https:\\\/\\\/cms.bravobusinessmedia.com\\\/espace\\\/about\\\/\",\"url\":\"https:\\\/\\\/cms.bravobusinessmedia.com\\\/espace\\\/about\\\/\",\"name\":\"About us - Espace Plomberium %\",\"isPartOf\":{\"@id\":\"https:\\\/\\\/cms.bravobusinessmedia.com\\\/espace\\\/#website\"},\"primaryImageOfPage\":{\"@id\":\"https:\\\/\\\/cms.bravobusinessmedia.com\\\/espace\\\/about\\\/#primaryimage\"},\"image\":{\"@id\":\"https:\\\/\\\/cms.bravobusinessmedia.com\\\/espace\\\/about\\\/#primaryimage\"},\"thumbnailUrl\":\"https:\\\/\\\/cms.bravobusinessmedia.com\\\/espace\\\/wp-content\\\/uploads\\\/sites\\\/14\\\/2024\\\/05\\\/Espace-Best-Price-logo-EN-1.png\",\"datePublished\":\"2024-02-26T09:20:49+00:00\",\"dateModified\":\"2024-09-03T19:13:50+00:00\",\"description\":\"Espace Plomberium counts five stores located in Montreal, Laval, Mascouche and Saint-J\u00e9r\u00f4me, which specialize in quality plumbing products.\",\"breadcrumb\":{\"@id\":\"https:\\\/\\\/cms.bravobusinessmedia.com\\\/espace\\\/about\\\/#breadcrumb\"},\"inLanguage\":\"en-US\",\"potentialAction\":[{\"@type\":\"ReadAction\",\"target\":[\"https:\\\/\\\/cms.bravobusinessmedia.com\\\/espace\\\/about\\\/\"]}]},{\"@type\":\"ImageObject\",\"inLanguage\":\"en-US\",\"@id\":\"https:\\\/\\\/cms.bravobusinessmedia.com\\\/espace\\\/about\\\/#primaryimage\",\"url\":\"https:\\\/\\\/cms.bravobusinessmedia.com\\\/espace\\\/wp-content\\\/uploads\\\/sites\\\/14\\\/2024\\\/05\\\/Espace-Best-Price-logo-EN-1.png\",\"contentUrl\":\"https:\\\/\\\/cms.bravobusinessmedia.com\\\/espace\\\/wp-content\\\/uploads\\\/sites\\\/14\\\/2024\\\/05\\\/Espace-Best-Price-logo-EN-1.png\",\"width\":400,\"height\":400},{\"@type\":\"BreadcrumbList\",\"@id\":\"https:\\\/\\\/cms.bravobusinessmedia.com\\\/espace\\\/about\\\/#breadcrumb\",\"itemListElement\":[{\"@type\":\"ListItem\",\"position\":1,\"name\":\"Home\",\"item\":\"https:\\\/\\\/cms.bravobusinessmedia.com\\\/espace\\\/\"},{\"@type\":\"ListItem\",\"position\":2,\"name\":\"About us\"}]},{\"@type\":\"WebSite\",\"@id\":\"https:\\\/\\\/cms.bravobusinessmedia.com\\\/espace\\\/#website\",\"url\":\"https:\\\/\\\/cms.bravobusinessmedia.com\\\/espace\\\/\",\"name\":\"Espace Plomberium\",\"description\":\"\",\"potentialAction\":[{\"@type\":\"SearchAction\",\"target\":{\"@type\":\"EntryPoint\",\"urlTemplate\":\"https:\\\/\\\/cms.bravobusinessmedia.com\\\/espace\\\/?s={search_term_string}\"},\"query-input\":{\"@type\":\"PropertyValueSpecification\",\"valueRequired\":true,\"valueName\":\"search_term_string\"}}],\"inLanguage\":\"en-US\"}]}<\/script>\n<!-- \/ Yoast SEO Premium plugin. -->","yoast_head_json":{"title":"About us - Espace Plomberium %","description":"Espace Plomberium counts five stores located in Montreal, Laval, Mascouche and Saint-J\u00e9r\u00f4me, which specialize in quality plumbing products.","robots":{"index":"index","follow":"follow","max-snippet":"max-snippet:-1","max-image-preview":"max-image-preview:large","max-video-preview":"max-video-preview:-1"},"canonical":"https:\/\/cms.bravobusinessmedia.com\/espace\/about\/","og_locale":"en_US","og_type":"article","og_title":"About us","og_description":"Espace Plomberium counts five stores located in Montreal, Laval, Mascouche and Saint-J\u00e9r\u00f4me, which specialize in quality plumbing products.","og_url":"https:\/\/cms.bravobusinessmedia.com\/espace\/about\/","og_site_name":"Espace Plomberium","article_modified_time":"2024-09-03T19:13:50+00:00","og_image":[{"url":"https:\/\/cms.bravobusinessmedia.com\/espace\/wp-content\/uploads\/sites\/14\/2024\/05\/Espace-Best-Price-logo-EN-1.png","type":"","width":"","height":""}],"twitter_card":"summary_large_image","twitter_misc":{"Est. reading time":"8 minutes"},"schema":{"@context":"https:\/\/schema.org","@graph":[{"@type":"WebPage","@id":"https:\/\/cms.bravobusinessmedia.com\/espace\/about\/","url":"https:\/\/cms.bravobusinessmedia.com\/espace\/about\/","name":"About us - Espace Plomberium %","isPartOf":{"@id":"https:\/\/cms.bravobusinessmedia.com\/espace\/#website"},"primaryImageOfPage":{"@id":"https:\/\/cms.bravobusinessmedia.com\/espace\/about\/#primaryimage"},"image":{"@id":"https:\/\/cms.bravobusinessmedia.com\/espace\/about\/#primaryimage"},"thumbnailUrl":"https:\/\/cms.bravobusinessmedia.com\/espace\/wp-content\/uploads\/sites\/14\/2024\/05\/Espace-Best-Price-logo-EN-1.png","datePublished":"2024-02-26T09:20:49+00:00","dateModified":"2024-09-03T19:13:50+00:00","description":"Espace Plomberium counts five stores located in Montreal, Laval, Mascouche and Saint-J\u00e9r\u00f4me, which specialize in quality plumbing products.","breadcrumb":{"@id":"https:\/\/cms.bravobusinessmedia.com\/espace\/about\/#breadcrumb"},"inLanguage":"en-US","potentialAction":[{"@type":"ReadAction","target":["https:\/\/cms.bravobusinessmedia.com\/espace\/about\/"]}]},{"@type":"ImageObject","inLanguage":"en-US","@id":"https:\/\/cms.bravobusinessmedia.com\/espace\/about\/#primaryimage","url":"https:\/\/cms.bravobusinessmedia.com\/espace\/wp-content\/uploads\/sites\/14\/2024\/05\/Espace-Best-Price-logo-EN-1.png","contentUrl":"https:\/\/cms.bravobusinessmedia.com\/espace\/wp-content\/uploads\/sites\/14\/2024\/05\/Espace-Best-Price-logo-EN-1.png","width":400,"height":400},{"@type":"BreadcrumbList","@id":"https:\/\/cms.bravobusinessmedia.com\/espace\/about\/#breadcrumb","itemListElement":[{"@type":"ListItem","position":1,"name":"Home","item":"https:\/\/cms.bravobusinessmedia.com\/espace\/"},{"@type":"ListItem","position":2,"name":"About us"}]},{"@type":"WebSite","@id":"https:\/\/cms.bravobusinessmedia.com\/espace\/#website","url":"https:\/\/cms.bravobusinessmedia.com\/espace\/","name":"Espace Plomberium","description":"","potentialAction":[{"@type":"SearchAction","target":{"@type":"EntryPoint","urlTemplate":"https:\/\/cms.bravobusinessmedia.com\/espace\/?s={search_term_string}"},"query-input":{"@type":"PropertyValueSpecification","valueRequired":true,"valueName":"search_term_string"}}],"inLanguage":"en-US"}]}},"lang":"en","translations":{"en":1285},"pll_sync_post":[],"_links":{"self":[{"href":"https:\/\/cms.bravobusinessmedia.com\/espace\/wp-json\/wp\/v2\/pages\/1285","targetHints":{"allow":["GET"]}}],"collection":[{"href":"https:\/\/cms.bravobusinessmedia.com\/espace\/wp-json\/wp\/v2\/pages"}],"about":[{"href":"https:\/\/cms.bravobusinessmedia.com\/espace\/wp-json\/wp\/v2\/types\/page"}],"author":[{"embeddable":true,"href":"https:\/\/cms.bravobusinessmedia.com\/espace\/wp-json\/wp\/v2\/users\/23"}],"replies":[{"embeddable":true,"href":"https:\/\/cms.bravobusinessmedia.com\/espace\/wp-json\/wp\/v2\/comments?post=1285"}],"version-history":[{"count":0,"href":"https:\/\/cms.bravobusinessmedia.com\/espace\/wp-json\/wp\/v2\/pages\/1285\/revisions"}],"wp:attachment":[{"href":"https:\/\/cms.bravobusinessmedia.com\/espace\/wp-json\/wp\/v2\/media?parent=1285"}],"curies":[{"name":"wp","href":"https:\/\/api.w.org\/{rel}","templated":true}]}}