{"id":1287,"date":"2024-02-26T09:22:48","date_gmt":"2024-02-26T09:22:48","guid":{"rendered":"https:\/\/cms.bravobusinessmedia.com\/espace\/?page_id=1287"},"modified":"2024-08-13T12:47:11","modified_gmt":"2024-08-13T12:47:11","slug":"concours-designers","status":"publish","type":"page","link":"https:\/\/cms.bravobusinessmedia.com\/espace\/concours-designers\/","title":{"rendered":"Concours Designers"},"content":{"rendered":"\n<div class=\"wp-block-columns is-layout-flex wp-container-core-columns-is-layout-9d6595d7 wp-block-columns-is-layout-flex\">\n<div class=\"wp-block-column is-layout-flow wp-block-column-is-layout-flow\" style=\"flex-basis:100%\">\n<figure role=\"none\" class=\"wp-block-image size-full img-fluid pb-5\"><img loading=\"lazy\" decoding=\"async\" width=\"2560\" height=\"1024\" src=\"https:\/\/cms.bravobusinessmedia.com\/espace\/wp-content\/uploads\/sites\/14\/2024\/02\/Entete-landing-page-F-1-scaled.jpeg\" alt=\"\" class=\"wp-image-1295\" srcset=\"https:\/\/cms.bravobusinessmedia.com\/espace\/wp-content\/uploads\/sites\/14\/2024\/02\/Entete-landing-page-F-1-scaled.jpeg 2560w, https:\/\/cms.bravobusinessmedia.com\/espace\/wp-content\/uploads\/sites\/14\/2024\/02\/Entete-landing-page-F-1-300x120.jpeg 300w, https:\/\/cms.bravobusinessmedia.com\/espace\/wp-content\/uploads\/sites\/14\/2024\/02\/Entete-landing-page-F-1-1024x410.jpeg 1024w, https:\/\/cms.bravobusinessmedia.com\/espace\/wp-content\/uploads\/sites\/14\/2024\/02\/Entete-landing-page-F-1-768x307.jpeg 768w, https:\/\/cms.bravobusinessmedia.com\/espace\/wp-content\/uploads\/sites\/14\/2024\/02\/Entete-landing-page-F-1-1536x614.jpeg 1536w, https:\/\/cms.bravobusinessmedia.com\/espace\/wp-content\/uploads\/sites\/14\/2024\/02\/Entete-landing-page-F-1-2048x819.jpeg 2048w\" sizes=\"auto, (max-width: 2560px) 100vw, 2560px\" \/><\/figure>\n<\/div>\n<\/div>\n\n\n\n<div class=\"wp-block-group container\"><div class=\"wp-block-group__inner-container is-layout-constrained wp-block-group-is-layout-constrained\">\n<h1 class=\"wp-block-heading espace-heading text-uppercase text-primary font-weight-bold pb-5\" id=\"h-bravo-a-notre-designer-gagnant\">Bravo \u00e0 notre Designer gagnant!<\/h1>\n\n\n\n<p class=\"font-weight-bold pb-3\">Notre jury compos\u00e9 de l&#8217;\u00e9quipe de Lixil (<a class=\"text-primary\" href=\"https:\/\/fr.americanstandard.ca\/\" target=\"_blank\" rel=\"noreferrer noopener\">American Standard<\/a>,&nbsp;<a class=\"text-primary\" href=\"https:\/\/www.dxv.com\/\" target=\"_blank\" rel=\"noreferrer noopener\">DXV<\/a>,&nbsp;<a href=\"https:\/\/www.fr.grohe.ca\/\" target=\"_blank\" rel=\"noreferrer noopener\">Grohe<\/a>) et de Camille Charland Perez, s&#8217;est rassembl\u00e9 et a s\u00e9lectionn\u00e9 le grand gagnant de notre Concours Designer ! Nous sommes ravis de vous annoncer que c&#8217;est le projet de la designer Elizabeth Dube qui travaille au sein du Studio de design d&#8217;int\u00e9rieur Maison Gabelli qui remporte le concours !&nbsp;<a class=\"text-primary\" href=\"https:\/\/www.espaceplomberium.com\/designers\/designer-contest-winning-plan.PDF\" target=\"_blank\" rel=\"noreferrer noopener\">Cliquez ici pour voir le plan gagnant !<\/a><\/p>\n\n\n\n<div class=\"wp-block-columns is-layout-flex wp-container-core-columns-is-layout-9d6595d7 wp-block-columns-is-layout-flex\">\n<div class=\"wp-block-column card border-0 is-layout-flow wp-block-column-is-layout-flow\">\n<figure role=\"none\" class=\"wp-block-image size-full\"><img loading=\"lazy\" decoding=\"async\" width=\"1000\" height=\"800\" src=\"https:\/\/cms.bravobusinessmedia.com\/espace\/wp-content\/uploads\/sites\/14\/2024\/02\/1-Maison-Gabelli.jpeg\" alt=\"\" class=\"wp-image-1290\" srcset=\"https:\/\/cms.bravobusinessmedia.com\/espace\/wp-content\/uploads\/sites\/14\/2024\/02\/1-Maison-Gabelli.jpeg 1000w, https:\/\/cms.bravobusinessmedia.com\/espace\/wp-content\/uploads\/sites\/14\/2024\/02\/1-Maison-Gabelli-300x240.jpeg 300w, https:\/\/cms.bravobusinessmedia.com\/espace\/wp-content\/uploads\/sites\/14\/2024\/02\/1-Maison-Gabelli-768x614.jpeg 768w\" sizes=\"auto, (max-width: 1000px) 100vw, 1000px\" \/><\/figure>\n<\/div>\n\n\n\n<div class=\"wp-block-column card border-0 is-layout-flow wp-block-column-is-layout-flow\">\n<figure role=\"none\" class=\"wp-block-image size-full\"><img loading=\"lazy\" decoding=\"async\" width=\"1000\" height=\"800\" src=\"https:\/\/cms.bravobusinessmedia.com\/espace\/wp-content\/uploads\/sites\/14\/2024\/02\/2-Maison-Gabelli.jpeg\" alt=\"\" class=\"wp-image-1291\" srcset=\"https:\/\/cms.bravobusinessmedia.com\/espace\/wp-content\/uploads\/sites\/14\/2024\/02\/2-Maison-Gabelli.jpeg 1000w, https:\/\/cms.bravobusinessmedia.com\/espace\/wp-content\/uploads\/sites\/14\/2024\/02\/2-Maison-Gabelli-300x240.jpeg 300w, https:\/\/cms.bravobusinessmedia.com\/espace\/wp-content\/uploads\/sites\/14\/2024\/02\/2-Maison-Gabelli-768x614.jpeg 768w\" sizes=\"auto, (max-width: 1000px) 100vw, 1000px\" \/><\/figure>\n<\/div>\n\n\n\n<div class=\"wp-block-column card border-0 is-layout-flow wp-block-column-is-layout-flow\">\n<figure role=\"none\" class=\"wp-block-image size-full\"><img loading=\"lazy\" decoding=\"async\" width=\"1000\" height=\"800\" src=\"https:\/\/cms.bravobusinessmedia.com\/espace\/wp-content\/uploads\/sites\/14\/2024\/02\/3-Maison-Gabelli.jpeg\" alt=\"\" class=\"wp-image-1292\" srcset=\"https:\/\/cms.bravobusinessmedia.com\/espace\/wp-content\/uploads\/sites\/14\/2024\/02\/3-Maison-Gabelli.jpeg 1000w, https:\/\/cms.bravobusinessmedia.com\/espace\/wp-content\/uploads\/sites\/14\/2024\/02\/3-Maison-Gabelli-300x240.jpeg 300w, https:\/\/cms.bravobusinessmedia.com\/espace\/wp-content\/uploads\/sites\/14\/2024\/02\/3-Maison-Gabelli-768x614.jpeg 768w\" sizes=\"auto, (max-width: 1000px) 100vw, 1000px\" \/><\/figure>\n<\/div>\n<\/div>\n\n\n\n<h3 class=\"wp-block-heading h5 text-uppercase text-primary font-weight-bold pt-3 pb-0\" id=\"h-creez-une-salle-de-bain-tendance-et-courez-la-chance-de-gagner-un-voyage-a-new-york-d-une-valeur-de-2-500-et-voyez-votre-design-prendre-vie-dans-l-une-de-nos-boutiques\">Cr\u00e9ez une salle de bain tendance et courez la chance de gagner un voyage \u00e0 new york d&#8217;une valeur de 2 500 $ et voyez votre design prendre vie dans l&#8217;une de nos boutiques.<\/h3>\n\n\n\n<p class=\"my-3\">ESPACE PLOMBERIUM et American Standard, GROHE et DXV (qui font partie de LIXIL) sont fiers de vous pr\u00e9senter un concours pour vous, designers ! Pour participer, vous devez soumettre un plan 3D d\u2019une salle de bain en suivant le plan et les crit\u00e8res fournis.<\/p>\n\n\n\n<h2 class=\"wp-block-heading espace-heading text-uppercase text-dark font-weight-bold mb-3 border-bottom\" id=\"h-le-jury\">Le Jury<\/h2>\n\n\n\n<div class=\"wp-block-columns is-layout-flex wp-container-core-columns-is-layout-9d6595d7 wp-block-columns-is-layout-flex\">\n<div class=\"wp-block-column is-layout-flow wp-block-column-is-layout-flow\" style=\"flex-basis:33.33%\">\n<figure role=\"none\" class=\"wp-block-image size-large\"><img loading=\"lazy\" decoding=\"async\" width=\"793\" height=\"1024\" src=\"https:\/\/cms.bravobusinessmedia.com\/espace\/wp-content\/uploads\/sites\/14\/2024\/02\/jury-793x1024.jpeg\" alt=\"\" class=\"wp-image-1293\" srcset=\"https:\/\/cms.bravobusinessmedia.com\/espace\/wp-content\/uploads\/sites\/14\/2024\/02\/jury-793x1024.jpeg 793w, https:\/\/cms.bravobusinessmedia.com\/espace\/wp-content\/uploads\/sites\/14\/2024\/02\/jury-232x300.jpeg 232w, https:\/\/cms.bravobusinessmedia.com\/espace\/wp-content\/uploads\/sites\/14\/2024\/02\/jury-768x992.jpeg 768w, https:\/\/cms.bravobusinessmedia.com\/espace\/wp-content\/uploads\/sites\/14\/2024\/02\/jury.jpeg 800w\" sizes=\"auto, (max-width: 793px) 100vw, 793px\" \/><\/figure>\n<\/div>\n\n\n\n<div class=\"wp-block-column is-vertically-aligned-center is-layout-flow wp-block-column-is-layout-flow\" style=\"flex-basis:66.66%\">\n<h3 class=\"wp-block-heading h5 text-uppercase text-primary font-weight-bold mb-0\" id=\"h-le-designer-d-interieur-gagnant-sera-selectionne-par-un-jury-compose-de-l-equipe-de-lixil-espace-plomberium-et-camille-charland-perez\">Le designer d&#8217;int\u00e9rieur gagnant sera s\u00e9lectionn\u00e9 par un jury compos\u00e9 de l&#8217;\u00e9quipe de Lixil, Espace Plomberium et Camille Charland Perez.<\/h3>\n\n\n\n<p>Cette derni\u00e8re est \u00e0 la t\u00eate de l&#8217;entreprise Salt+Pepper co., une firme de design d&#8217;int\u00e9rieur sp\u00e9cialis\u00e9e en r\u00e9novations majeures et en constructions neuves. Son travail a \u00e9t\u00e9 publi\u00e9 dans divers m\u00e9dias, en plus de plusieurs collaborations et de deux \u00e9missions t\u00e9l\u00e9 sur les ondes de CASA et de TVA. De plus, l&#8217;\u00e9quipe de Lixil sera compos\u00e9e de Parniian Frozan, responsable des activations de marque incluant les m\u00e9dias sociaux, le marketing num\u00e9rique et les relations publiques pour American Standard, de Sally Hubert, chef de marques pour GROHE &amp; DXV, ainsi que Jean-Jacques L&#8217;Henaff, responsable du design et de l&#8217;innovation pour LIXIL en Am\u00e9rique du Nord.<\/p>\n<\/div>\n<\/div>\n\n\n\n<h2 class=\"wp-block-heading espace-heading text-uppercase text-dark font-weight-bold py-3 border-bottom\" id=\"h-les-prix\">LES PRIX<\/h2>\n\n\n\n<h3 class=\"wp-block-heading h5 text-uppercase text-primary font-weight-bold mb-3\" id=\"h-un-voyage\">UN VOYAGE<\/h3>\n\n\n\n<p class=\"mb-3\">Le gagnant se verra offrir un s\u00e9jour de 4 jours\/3 nuits \u00e0 New York accompagn\u00e9 de la personne de son choix ainsi que des membres de l&#8217;\u00e9quipe LIXIL et ESPACE PLOMBERIUM au printemps 2023*.<\/p>\n\n\n\n<p class=\"font-weight-bold\">Le voyage inclut :<\/p>\n\n\n\n<ul class=\"wp-block-list list-square\">\n<li>Le vol pour 2 personnes<\/li>\n\n\n\n<li>La visite VIP des nouvelles salles d&#8217;exposition LIXIL<\/li>\n\n\n\n<li>3 nuit\u00e9es \u00e0 l&#8217;h\u00f4tel en occupation double<\/li>\n\n\n\n<li>Plusieurs activit\u00e9s et les repas.<\/li>\n<\/ul>\n\n\n\n<p class=\"pt-3\">*La valeur totale du voyage est de 2500$.<\/p>\n\n\n\n<p>*La date sera confirm\u00e9e une fois le\/la gagnant(e) s\u00e9lectionn\u00e9(e).<\/p>\n\n\n\n<h3 class=\"wp-block-heading h5 text-uppercase text-primary font-weight-bold mb-3\" id=\"h-la-realisation-de-votre-design\">LA R\u00c9ALISATION DE VOTRE DESIGN<\/h3>\n\n\n\n<p>Le design gagnant sera recr\u00e9\u00e9&nbsp;dans la boutique \u00e0 Saint-J\u00e9r\u00f4me! Vous travaillerez en \u00e9troite collaboration avec ESPACE PLOMBERIUM pour r\u00e9aliser le projet.<\/p>\n\n\n\n<p>Une mention de votre expertise et entreprise sera affich\u00e9e dans la suite que vous avez con\u00e7ue et votre projet appara\u00eetra aussi dans un publireportage \u00e0 travers les r\u00e9seaux sociaux d&#8217;ESPACE PLOMBERIUM et bien plus.<\/p>\n\n\n\n<p class=\"py-3\"><a href=\"\/pdf\/ConcoursDesignerReglementsconcours.PDF\" target=\"_blank\" rel=\"noreferrer noopener\">R\u00e8glements du concours<\/a><\/p>\n\n\n\n<h2 class=\"wp-block-heading espace-heading text-uppercase text-dark font-weight-bold py-3 border-bottom\" id=\"h-inscription\">INSCRIPTION<\/h2>\n\n\n\n<h3 class=\"wp-block-heading h5 text-primary font-weight-normal\" id=\"h-soumettez-votre-proposition-de-relooking-d-une-de-nos-suites-avant-le-18-novembre-2022\">Soumettez votre proposition de relooking d&#8217;une de nos suites avant le 18 novembre 2022<\/h3>\n\n\n\n<p>Crit\u00e8res d&#8217;\u00e9valuation :<\/p>\n\n\n\n<ul class=\"wp-block-list list-square\">\n<li>\u00c9tablir le plan de design pour notre suite en utilisant le plan fourni.<\/li>\n\n\n\n<li>Les produits American Standard, GROHE ou DXV doivent \u00eatre mis de l&#8217;avant. La base de douche et\/ou bain peuvent \u00eatre d&#8217;American Standard ou autre marque. Pour tous les d\u00e9tails sur les produits (il est important de s&#8217;assurer d&#8217;utiliser la version canadienne du Site Web pour obtenir les bons produits) :&nbsp;<a class=\"text-primary font-weight-bold\" href=\"https:\/\/lixil-dal.atssoftware.com\/\" target=\"_blank\" rel=\"noreferrer noopener\">dimensions<\/a>.<\/li>\n\n\n\n<li>Le plan doit comprendre une vanit\u00e9, une douche, un lavabo, un robinet de lavabo, une toilette et des accessoires.<\/li>\n\n\n\n<li>Le r\u00e9sultat doit \u00eatre tendance, r\u00e9aliste et ergonomique, comme il servira d&#8217;inspiration pour les clients en boutique.<\/li>\n\n\n\n<li>T\u00e9l\u00e9chargez le plan ci-dessous:<\/li>\n<\/ul>\n\n\n\n<figure role=\"none\" class=\"wp-block-image size-medium text-left\"><img loading=\"lazy\" decoding=\"async\" width=\"300\" height=\"233\" src=\"https:\/\/cms.bravobusinessmedia.com\/espace\/wp-content\/uploads\/sites\/14\/2024\/02\/st-jerome-300x233.jpeg\" alt=\"\" class=\"wp-image-1398\" srcset=\"https:\/\/cms.bravobusinessmedia.com\/espace\/wp-content\/uploads\/sites\/14\/2024\/02\/st-jerome-300x233.jpeg 300w, https:\/\/cms.bravobusinessmedia.com\/espace\/wp-content\/uploads\/sites\/14\/2024\/02\/st-jerome-768x597.jpeg 768w, https:\/\/cms.bravobusinessmedia.com\/espace\/wp-content\/uploads\/sites\/14\/2024\/02\/st-jerome.jpeg 965w\" sizes=\"auto, (max-width: 300px) 100vw, 300px\" \/><\/figure>\n\n\n\n<p class=\"btn btn-danger stretched-link pb-3\"><a href=\"\/st-jerome.zip\" target=\"_blank\" rel=\"noreferrer noopener\">T\u00e9l\u00e9chargement des plans de Saint-J\u00e9r\u00f4me&#8217;<\/a><\/p>\n\n\n\n<p>Autres obligations pour les participants :<\/p>\n\n\n\n<ul class=\"wp-block-list list-square\">\n<li>Doivent \u00eatre \u00e2g\u00e9s de 18 ans ou plus,<\/li>\n\n\n\n<li>Doivent avoir un passeport vaccinal (deux doses de vaccin contre la COVID-19) et un passeport valide.<\/li>\n<\/ul>\n\n\n\n<p class=\"py-3\"><a href=\"\/designers\/Concours-Designer-Reglements-concours.PDF\" target=\"_blank\" rel=\"noreferrer noopener\"><small>R\u00e8glements du concours<\/small><\/a><\/p>\n\n\n\n<div class=\"wp-block-columns pb-5 is-layout-flex wp-container-core-columns-is-layout-9d6595d7 wp-block-columns-is-layout-flex\">\n<div class=\"wp-block-column is-layout-flow wp-block-column-is-layout-flow\">\n<figure role=\"none\" class=\"wp-block-image size-full\"><img loading=\"lazy\" decoding=\"async\" width=\"1000\" height=\"800\" src=\"https:\/\/cms.bravobusinessmedia.com\/espace\/wp-content\/uploads\/sites\/14\/2024\/02\/Essence-FR.jpeg\" alt=\"\" class=\"wp-image-1399\" srcset=\"https:\/\/cms.bravobusinessmedia.com\/espace\/wp-content\/uploads\/sites\/14\/2024\/02\/Essence-FR.jpeg 1000w, https:\/\/cms.bravobusinessmedia.com\/espace\/wp-content\/uploads\/sites\/14\/2024\/02\/Essence-FR-300x240.jpeg 300w, https:\/\/cms.bravobusinessmedia.com\/espace\/wp-content\/uploads\/sites\/14\/2024\/02\/Essence-FR-768x614.jpeg 768w\" sizes=\"auto, (max-width: 1000px) 100vw, 1000px\" \/><\/figure>\n<\/div>\n\n\n\n<div class=\"wp-block-column is-layout-flow wp-block-column-is-layout-flow\">\n<figure role=\"none\" class=\"wp-block-image size-full\"><img loading=\"lazy\" decoding=\"async\" width=\"1000\" height=\"800\" src=\"https:\/\/cms.bravobusinessmedia.com\/espace\/wp-content\/uploads\/sites\/14\/2024\/02\/Oakville-FR.jpeg\" alt=\"\" class=\"wp-image-1400\" srcset=\"https:\/\/cms.bravobusinessmedia.com\/espace\/wp-content\/uploads\/sites\/14\/2024\/02\/Oakville-FR.jpeg 1000w, https:\/\/cms.bravobusinessmedia.com\/espace\/wp-content\/uploads\/sites\/14\/2024\/02\/Oakville-FR-300x240.jpeg 300w, https:\/\/cms.bravobusinessmedia.com\/espace\/wp-content\/uploads\/sites\/14\/2024\/02\/Oakville-FR-768x614.jpeg 768w\" sizes=\"auto, (max-width: 1000px) 100vw, 1000px\" \/><\/figure>\n<\/div>\n\n\n\n<div class=\"wp-block-column is-layout-flow wp-block-column-is-layout-flow\">\n<figure role=\"none\" class=\"wp-block-image size-full\"><img loading=\"lazy\" decoding=\"async\" width=\"1000\" height=\"800\" src=\"https:\/\/cms.bravobusinessmedia.com\/espace\/wp-content\/uploads\/sites\/14\/2024\/02\/StudioS-FR.jpeg\" alt=\"\" class=\"wp-image-1401\" srcset=\"https:\/\/cms.bravobusinessmedia.com\/espace\/wp-content\/uploads\/sites\/14\/2024\/02\/StudioS-FR.jpeg 1000w, https:\/\/cms.bravobusinessmedia.com\/espace\/wp-content\/uploads\/sites\/14\/2024\/02\/StudioS-FR-300x240.jpeg 300w, https:\/\/cms.bravobusinessmedia.com\/espace\/wp-content\/uploads\/sites\/14\/2024\/02\/StudioS-FR-768x614.jpeg 768w\" sizes=\"auto, (max-width: 1000px) 100vw, 1000px\" \/><\/figure>\n<\/div>\n<\/div>\n<\/div><\/div>\n","protected":false},"excerpt":{"rendered":"<p>Bravo \u00e0 notre Designer gagnant! Notre jury compos\u00e9 de l&#8217;\u00e9quipe de Lixil (American Standard,&nbsp;DXV,&nbsp;Grohe) et de Camille Charland Perez, s&#8217;est rassembl\u00e9 et a s\u00e9lectionn\u00e9 le grand gagnant de notre Concours Designer ! Nous sommes ravis de vous annoncer que c&#8217;est le projet de la designer Elizabeth Dube qui travaille au sein du Studio de design [&hellip;]<\/p>\n","protected":false},"author":23,"featured_media":0,"parent":0,"menu_order":0,"comment_status":"closed","ping_status":"closed","template":"","meta":{"_acf_changed":false,"footnotes":""},"class_list":["post-1287","page","type-page","status-publish","hentry"],"acf":{"seo_keywords":""},"yoast_head":"<!-- This site is optimized with the Yoast SEO Premium plugin v25.4 (Yoast SEO v27.3) - https:\/\/yoast.com\/product\/yoast-seo-premium-wordpress\/ -->\n<title>Concours Designers - Espace Plomberium<\/title>\n<meta name=\"robots\" content=\"index, follow, max-snippet:-1, max-image-preview:large, max-video-preview:-1\" \/>\n<link rel=\"canonical\" href=\"https:\/\/cms.bravobusinessmedia.com\/espace\/concours-designers\/\" \/>\n<meta property=\"og:locale\" content=\"en_US\" \/>\n<meta property=\"og:type\" content=\"article\" \/>\n<meta property=\"og:title\" content=\"Concours Designers\" \/>\n<meta property=\"og:description\" content=\"Bravo \u00e0 notre Designer gagnant! Notre jury compos\u00e9 de l&#8217;\u00e9quipe de Lixil (American Standard,&nbsp;DXV,&nbsp;Grohe) et de Camille Charland Perez, s&#8217;est rassembl\u00e9 et a s\u00e9lectionn\u00e9 le grand gagnant de notre Concours Designer ! Nous sommes ravis de vous annoncer que c&#8217;est le projet de la designer Elizabeth Dube qui travaille au sein du Studio de design [&hellip;]\" \/>\n<meta property=\"og:url\" content=\"https:\/\/cms.bravobusinessmedia.com\/espace\/concours-designers\/\" \/>\n<meta property=\"og:site_name\" content=\"Espace Plomberium\" \/>\n<meta property=\"article:modified_time\" content=\"2024-08-13T12:47:11+00:00\" \/>\n<meta property=\"og:image\" content=\"https:\/\/cms.bravobusinessmedia.com\/espace\/wp-content\/uploads\/sites\/14\/2024\/02\/Entete-landing-page-F-1-scaled.jpeg\" \/>\n<meta name=\"twitter:card\" content=\"summary_large_image\" \/>\n<meta name=\"twitter:label1\" content=\"Est. reading time\" \/>\n\t<meta name=\"twitter:data1\" content=\"5 minutes\" \/>\n<script type=\"application\/ld+json\" class=\"yoast-schema-graph\">{\"@context\":\"https:\\\/\\\/schema.org\",\"@graph\":[{\"@type\":\"WebPage\",\"@id\":\"https:\\\/\\\/cms.bravobusinessmedia.com\\\/espace\\\/concours-designers\\\/\",\"url\":\"https:\\\/\\\/cms.bravobusinessmedia.com\\\/espace\\\/concours-designers\\\/\",\"name\":\"Concours Designers - Espace Plomberium\",\"isPartOf\":{\"@id\":\"https:\\\/\\\/cms.bravobusinessmedia.com\\\/espace\\\/#website\"},\"primaryImageOfPage\":{\"@id\":\"https:\\\/\\\/cms.bravobusinessmedia.com\\\/espace\\\/concours-designers\\\/#primaryimage\"},\"image\":{\"@id\":\"https:\\\/\\\/cms.bravobusinessmedia.com\\\/espace\\\/concours-designers\\\/#primaryimage\"},\"thumbnailUrl\":\"https:\\\/\\\/cms.bravobusinessmedia.com\\\/espace\\\/wp-content\\\/uploads\\\/sites\\\/14\\\/2024\\\/02\\\/Entete-landing-page-F-1-scaled.jpeg\",\"datePublished\":\"2024-02-26T09:22:48+00:00\",\"dateModified\":\"2024-08-13T12:47:11+00:00\",\"breadcrumb\":{\"@id\":\"https:\\\/\\\/cms.bravobusinessmedia.com\\\/espace\\\/concours-designers\\\/#breadcrumb\"},\"inLanguage\":\"en-US\",\"potentialAction\":[{\"@type\":\"ReadAction\",\"target\":[\"https:\\\/\\\/cms.bravobusinessmedia.com\\\/espace\\\/concours-designers\\\/\"]}]},{\"@type\":\"ImageObject\",\"inLanguage\":\"en-US\",\"@id\":\"https:\\\/\\\/cms.bravobusinessmedia.com\\\/espace\\\/concours-designers\\\/#primaryimage\",\"url\":\"https:\\\/\\\/cms.bravobusinessmedia.com\\\/espace\\\/wp-content\\\/uploads\\\/sites\\\/14\\\/2024\\\/02\\\/Entete-landing-page-F-1-scaled.jpeg\",\"contentUrl\":\"https:\\\/\\\/cms.bravobusinessmedia.com\\\/espace\\\/wp-content\\\/uploads\\\/sites\\\/14\\\/2024\\\/02\\\/Entete-landing-page-F-1-scaled.jpeg\",\"width\":2560,\"height\":1024},{\"@type\":\"BreadcrumbList\",\"@id\":\"https:\\\/\\\/cms.bravobusinessmedia.com\\\/espace\\\/concours-designers\\\/#breadcrumb\",\"itemListElement\":[{\"@type\":\"ListItem\",\"position\":1,\"name\":\"Home\",\"item\":\"https:\\\/\\\/cms.bravobusinessmedia.com\\\/espace\\\/\"},{\"@type\":\"ListItem\",\"position\":2,\"name\":\"Concours Designers\"}]},{\"@type\":\"WebSite\",\"@id\":\"https:\\\/\\\/cms.bravobusinessmedia.com\\\/espace\\\/#website\",\"url\":\"https:\\\/\\\/cms.bravobusinessmedia.com\\\/espace\\\/\",\"name\":\"Espace Plomberium\",\"description\":\"\",\"potentialAction\":[{\"@type\":\"SearchAction\",\"target\":{\"@type\":\"EntryPoint\",\"urlTemplate\":\"https:\\\/\\\/cms.bravobusinessmedia.com\\\/espace\\\/?s={search_term_string}\"},\"query-input\":{\"@type\":\"PropertyValueSpecification\",\"valueRequired\":true,\"valueName\":\"search_term_string\"}}],\"inLanguage\":\"en-US\"}]}<\/script>\n<!-- \/ Yoast SEO Premium plugin. -->","yoast_head_json":{"title":"Concours Designers - Espace Plomberium","robots":{"index":"index","follow":"follow","max-snippet":"max-snippet:-1","max-image-preview":"max-image-preview:large","max-video-preview":"max-video-preview:-1"},"canonical":"https:\/\/cms.bravobusinessmedia.com\/espace\/concours-designers\/","og_locale":"en_US","og_type":"article","og_title":"Concours Designers","og_description":"Bravo \u00e0 notre Designer gagnant! Notre jury compos\u00e9 de l&#8217;\u00e9quipe de Lixil (American Standard,&nbsp;DXV,&nbsp;Grohe) et de Camille Charland Perez, s&#8217;est rassembl\u00e9 et a s\u00e9lectionn\u00e9 le grand gagnant de notre Concours Designer ! Nous sommes ravis de vous annoncer que c&#8217;est le projet de la designer Elizabeth Dube qui travaille au sein du Studio de design [&hellip;]","og_url":"https:\/\/cms.bravobusinessmedia.com\/espace\/concours-designers\/","og_site_name":"Espace Plomberium","article_modified_time":"2024-08-13T12:47:11+00:00","og_image":[{"url":"https:\/\/cms.bravobusinessmedia.com\/espace\/wp-content\/uploads\/sites\/14\/2024\/02\/Entete-landing-page-F-1-scaled.jpeg","type":"","width":"","height":""}],"twitter_card":"summary_large_image","twitter_misc":{"Est. reading time":"5 minutes"},"schema":{"@context":"https:\/\/schema.org","@graph":[{"@type":"WebPage","@id":"https:\/\/cms.bravobusinessmedia.com\/espace\/concours-designers\/","url":"https:\/\/cms.bravobusinessmedia.com\/espace\/concours-designers\/","name":"Concours Designers - Espace Plomberium","isPartOf":{"@id":"https:\/\/cms.bravobusinessmedia.com\/espace\/#website"},"primaryImageOfPage":{"@id":"https:\/\/cms.bravobusinessmedia.com\/espace\/concours-designers\/#primaryimage"},"image":{"@id":"https:\/\/cms.bravobusinessmedia.com\/espace\/concours-designers\/#primaryimage"},"thumbnailUrl":"https:\/\/cms.bravobusinessmedia.com\/espace\/wp-content\/uploads\/sites\/14\/2024\/02\/Entete-landing-page-F-1-scaled.jpeg","datePublished":"2024-02-26T09:22:48+00:00","dateModified":"2024-08-13T12:47:11+00:00","breadcrumb":{"@id":"https:\/\/cms.bravobusinessmedia.com\/espace\/concours-designers\/#breadcrumb"},"inLanguage":"en-US","potentialAction":[{"@type":"ReadAction","target":["https:\/\/cms.bravobusinessmedia.com\/espace\/concours-designers\/"]}]},{"@type":"ImageObject","inLanguage":"en-US","@id":"https:\/\/cms.bravobusinessmedia.com\/espace\/concours-designers\/#primaryimage","url":"https:\/\/cms.bravobusinessmedia.com\/espace\/wp-content\/uploads\/sites\/14\/2024\/02\/Entete-landing-page-F-1-scaled.jpeg","contentUrl":"https:\/\/cms.bravobusinessmedia.com\/espace\/wp-content\/uploads\/sites\/14\/2024\/02\/Entete-landing-page-F-1-scaled.jpeg","width":2560,"height":1024},{"@type":"BreadcrumbList","@id":"https:\/\/cms.bravobusinessmedia.com\/espace\/concours-designers\/#breadcrumb","itemListElement":[{"@type":"ListItem","position":1,"name":"Home","item":"https:\/\/cms.bravobusinessmedia.com\/espace\/"},{"@type":"ListItem","position":2,"name":"Concours Designers"}]},{"@type":"WebSite","@id":"https:\/\/cms.bravobusinessmedia.com\/espace\/#website","url":"https:\/\/cms.bravobusinessmedia.com\/espace\/","name":"Espace Plomberium","description":"","potentialAction":[{"@type":"SearchAction","target":{"@type":"EntryPoint","urlTemplate":"https:\/\/cms.bravobusinessmedia.com\/espace\/?s={search_term_string}"},"query-input":{"@type":"PropertyValueSpecification","valueRequired":true,"valueName":"search_term_string"}}],"inLanguage":"en-US"}]}},"lang":"en","translations":{"en":1287},"pll_sync_post":[],"_links":{"self":[{"href":"https:\/\/cms.bravobusinessmedia.com\/espace\/wp-json\/wp\/v2\/pages\/1287","targetHints":{"allow":["GET"]}}],"collection":[{"href":"https:\/\/cms.bravobusinessmedia.com\/espace\/wp-json\/wp\/v2\/pages"}],"about":[{"href":"https:\/\/cms.bravobusinessmedia.com\/espace\/wp-json\/wp\/v2\/types\/page"}],"author":[{"embeddable":true,"href":"https:\/\/cms.bravobusinessmedia.com\/espace\/wp-json\/wp\/v2\/users\/23"}],"replies":[{"embeddable":true,"href":"https:\/\/cms.bravobusinessmedia.com\/espace\/wp-json\/wp\/v2\/comments?post=1287"}],"version-history":[{"count":0,"href":"https:\/\/cms.bravobusinessmedia.com\/espace\/wp-json\/wp\/v2\/pages\/1287\/revisions"}],"wp:attachment":[{"href":"https:\/\/cms.bravobusinessmedia.com\/espace\/wp-json\/wp\/v2\/media?parent=1287"}],"curies":[{"name":"wp","href":"https:\/\/api.w.org\/{rel}","templated":true}]}}