{"id":1324,"date":"2024-02-26T12:55:39","date_gmt":"2024-02-26T12:55:39","guid":{"rendered":"https:\/\/cms.bravobusinessmedia.com\/espace\/?page_id=1324"},"modified":"2025-09-15T18:49:35","modified_gmt":"2025-09-15T18:49:35","slug":"termes-fr","status":"publish","type":"page","link":"https:\/\/cms.bravobusinessmedia.com\/espace\/termes-fr\/","title":{"rendered":"Termes FR"},"content":{"rendered":"\n<div class=\"wp-block-group container\"><div class=\"wp-block-group__inner-container is-layout-constrained wp-block-group-is-layout-constrained\">\n<h1 class=\"wp-block-heading espace-heading text-primary py-4\" id=\"h-conditions-de-vente\">Conditions de vente<\/h1>\n\n\n\n<p class=\"h6 font-weight-bold my-2\">Terminologie<\/p>\n\n\n\n<ul class=\"wp-block-list list-disc mb-3\">\n<li>Commande r\u00e9guli\u00e8re : l&#8217;achat d&#8217;un produit r\u00e9gulier maintenu en inventaire par Espace Plomberium.<\/li>\n\n\n\n<li>Commande sp\u00e9ciale : l&#8217;achat d&#8217;un produit sp\u00e9cial s\u00e9lectionn\u00e9 en catalogue et non maintenu en inventaire par Espace Plomberium. Une commande sp\u00e9ciale ne pourra en aucun temps \u00eatre annul\u00e9e. La marchandise ne pourra pas \u00eatre retourn\u00e9e ou \u00e9chang\u00e9e, elle est consid\u00e9r\u00e9e comme vente finale.<\/li>\n<\/ul>\n\n\n\n<p class=\"h6 font-weight-bold my-2\">Conditions de vente<\/p>\n\n\n\n<p>Apr\u00e8s avoir r\u00e9vis\u00e9 et sign\u00e9 sa commande aupr\u00e8s de son conseiller, l&#8217;acheteur s&#8217;engage \u00e0 accepter les conditions de vente de Espace Plomberium qui s&#8217;engage \u00e0 les afficher et \u00e0 les expliquer de fa\u00e7on claire par l&#8217;interm\u00e9diaire de nos conseillers.<\/p>\n\n\n\n<p class=\"h6 font-weight-bold my-2\">Modalit\u00e9s de paiement<\/p>\n\n\n\n<ul class=\"wp-block-list list-disc mb-3\">\n<li>Lors de l&#8217;\u00e9mission d&#8217;une commande r\u00e9guli\u00e8re, l&#8217;acheteur doit remettre un acompte minimum repr\u00e9sentant 50% du total de la facture. Lors de l&#8217;\u00e9mission d&#8217;une commande sp\u00e9ciale, l&#8217;acheteur doit remettre un acompte minimum non remboursable repr\u00e9sentant 50% du total de la facture. La balance peut \u00eatre pay\u00e9e en personne au magasin ou par t\u00e9l\u00e9phone au plus tard 48 heures avant la date de livraison.<\/li>\n\n\n\n<li>Les modes de paiements accept\u00e9s sont : argent comptant, carte de d\u00e9bit, carte de cr\u00e9dit Visa et MasterCard. Les prix indiqu\u00e9s sont en dollars canadiens.<\/li>\n<\/ul>\n\n\n\n<p class=\"h6 font-weight-bold my-2\">Livraison de la marchandise<\/p>\n\n\n\n<ul class=\"wp-block-list list-disc mb-3\">\n<li>La livraison sera effectu\u00e9e du lundi au vendredi entre 8h00 et 17h00 selon vos disponibilit\u00e9s et la disponibilit\u00e9 de nos camions. Vous serez avis\u00e9 une heure avant notre arriv\u00e9e pour vous assurer qu&#8217;il y aura une personne majeure (18 ans+) de disponible sur place en mesure de signer et de v\u00e9rifier la marchandise. Tout emballage en mauvais \u00e9tat ou produit non conforme doit \u00eatre mentionn\u00e9 au livreur et inscrit sur le bon de livraison. En coordonnant le tout avec votre conseiller, il est possible de ramasser vos marchandises \u00e0 notre entrep\u00f4t situ\u00e9 au 56 Rue Marius Warnet, Blainville, QC J7C 5P9. \u00c0 partir de l&#8217;avis de r\u00e9ception de votre marchandise, vous b\u00e9n\u00e9ficiez d&#8217;une p\u00e9riode de gr\u00e2ce de 30 jours pour prendre possession du mat\u00e9riel. Au-del\u00e0 de ces 30 jours des frais de 100$ par mois vous seront factur\u00e9s pour l&#8217;entreposage.<\/li>\n\n\n\n<li>Des frais de livraison sont applicables \u00e0 la facture en fonction de la distance de la destination. Votre conseiller vous confirmera le montant applicable lors de votre achat.<\/li>\n\n\n\n<li>Des frais de livraison suppl\u00e9mentaires peuvent s&#8217;ajouter \u00e0 la facture, selon le poids et\/ou le volume des produits livr\u00e9s.<\/li>\n\n\n\n<li>Le transport des produits sp\u00e9cifiques (tels que les produits en fonte, en pierre, etc.) sera assur\u00e9 par le fabricant et les frais de livraison qui y sont rattach\u00e9s seront payables par l&#8217;acheteur.<\/li>\n\n\n\n<li>Nous ne sommes aucunement responsables des inconv\u00e9nients occasionn\u00e9s par les retards de livraison de nos fournisseurs ou par des conditions hors de notre contr\u00f4le.<\/li>\n\n\n\n<li>Dans le cas d&#8217;une livraison urgente exp\u00e9di\u00e9e via Purolator, les frais seront enti\u00e8rement assum\u00e9s par l&#8217;acheteur. Toute demande de changement de date de livraison doit \u00eatre effectu\u00e9e dans un d\u00e9lai minimum de 48 heures. En l&#8217;absence de l&#8217;acheteur lors d&#8217;une livraison pr\u00e9vue, les frais d&#8217;une deuxi\u00e8me livraison s&#8217;additionneront.<\/li>\n\n\n\n<li>C&#8217;est la responsabilit\u00e9 de l&#8217;acheteur avant la livraison de s&#8217;assurer que l&#8217;entr\u00e9e, les embrasures de porte, l&#8217;escalier, l&#8217;ascenseur et l&#8217;espace libre pr\u00e9vu pour d\u00e9poser la marchandise soient suffisamment d\u00e9gag\u00e9s pour permettre aux livreurs de la d\u00e9poser ad\u00e9quatement et sans contrainte. Pour des raisons de sant\u00e9 et de s\u00e9curit\u00e9 au travail, les livreurs ne peuvent pas enlever leurs chaussures, vous devez prot\u00e9ger vos planchers de fa\u00e7on ad\u00e9quate.<\/li>\n\n\n\n<li>Espace Plomberium s&#8217;approvisionne aupr\u00e8s de fabricants, malgr\u00e9 toutes nos v\u00e9rifications aupr\u00e8s de ceux-ci, nous ne pouvons pas \u00eatre tenus responsables des d\u00e9lais de livraison.<\/li>\n<\/ul>\n\n\n\n<p class=\"h6 font-weight-bold my-2\">Mise de c\u00f4t\u00e9, marchandise r\u00e9serv\u00e9e<\/p>\n\n\n\n<p>Un d\u00e9p\u00f4t sera exig\u00e9 en tout temps pour toutes marchandises r\u00e9serv\u00e9es ou mises de c\u00f4t\u00e9. Si la marchandise n&#8217;est pas r\u00e9clam\u00e9e 45 jours apr\u00e8s la date d&#8217;achat, le client ne pourra en aucun cas demander le remboursement du d\u00e9p\u00f4t vers\u00e9.<\/p>\n\n\n\n<p class=\"h6 font-weight-bold my-2\">R\u00e9clamation<\/p>\n\n\n\n<p>Suite \u00e0 la r\u00e9ception de votre marchandise, toute anomalie concernant l&#8217;emballage ou le produit doit \u00eatre mentionn\u00e9e au livreur et inscrite sur le bon de livraison. Vous disposez d&#8217;un d\u00e9lai maximum de 48 heures suite \u00e0 la r\u00e9ception de la marchandise pour signifier toute non-conformit\u00e9 de vos marchandises command\u00e9es. Une r\u00e9clamation pourra \u00eatre faite aupr\u00e8s de votre conseiller afin de corriger la situation.<\/p>\n\n\n\n<p class=\"h6 font-weight-bold my-2\">Retour de marchandise<\/p>\n\n\n\n<ul class=\"wp-block-list list-disc mb-3\">\n<li>Tout retour de marchandise en provenance d&#8217;une commande r\u00e9guli\u00e8re est assujetti \u00e0 des frais de manutention de 25% du prix factur\u00e9. Dans le cas d&#8217;un \u00e9change d&#8217;un produit, des frais de manutention \u00e9quivalent \u00e0 10% de la valeur du produit retourn\u00e9 seront exig\u00e9s.<\/li>\n\n\n\n<li>En tout temps, tout retour ou \u00e9change de marchandise en provenance d&#8217;une commande sp\u00e9ciale sera refus\u00e9.<\/li>\n\n\n\n<li>Tout retour doit \u00eatre achemin\u00e9 dans un d\u00e9lai maximum de 30 jours suivant la date de r\u00e9ception. La marchandise doit \u00eatre dans son emballage d&#8217;origine, sans aucune perforation, sans aucune d\u00e9chirure et le produit doit \u00eatre \u00e0 l&#8217;\u00e9tat neuf.<\/li>\n\n\n\n<li>Aucun retour ou \u00e9change n&#8217;est accept\u00e9 sur les outils, les thermostats, les pi\u00e8ces \u00e9lectriques, les si\u00e8ges de toilette et les produits en liquidation.<\/li>\n<\/ul>\n\n\n\n<p class=\"h6 font-weight-bold my-2\">Garantie<\/p>\n\n\n\n<p>Les garanties sur les produits sont offertes et support\u00e9es exclusivement par les fabricants. Toute r\u00e9clamation au sujet d&#8217;un produit sur garantie doit \u00eatre dirig\u00e9e directement au fabricant. Veuillez toujours conserver la facture pour la p\u00e9riode enti\u00e8re de la garantie de vos produits, sans cette preuve, la garantie peut \u00eatre invalide. Espace Plomberium n&#8217;est pas responsable des r\u00e9clamations et de la gestion des garanties. Au besoin, nous pourrons vous fournir les coordonn\u00e9es des fabricants si vous n&#8217;\u00eates pas en mesure de les obtenir.<\/p>\n\n\n\n<p class=\"h6 font-weight-bold my-2\">Taxes de vente<\/p>\n\n\n\n<p>Les montants des taxes de vente f\u00e9d\u00e9rale et provinciale en vigueur sont en tout temps appliqu\u00e9s en sus.<\/p>\n\n\n\n<p class=\"h6 font-weight-bold my-2\">Limite du contrat<\/p>\n\n\n\n<p>Seuls les produits et informations inscrits sur la facture sont soumis aux conditions. L&#8217;installation, la r\u00e9paration ou tout autre service semblable ne sont pas inclus.<\/p>\n\n\n\n<p class=\"h6 font-weight-bold my-2\">Donn\u00e9es techniques<\/p>\n\n\n\n<p>Tous dessins, textes descriptifs, dimensions et donn\u00e9es de rendement soumis par l&#8217;acheteur conform\u00e9ment \u00e0 ses exigences demeurent sa responsabilit\u00e9. Espace Plomberium n&#8217;assume aucune responsabilit\u00e9 concernant l&#8217;exactitude de ces renseignements.<\/p>\n\n\n\n<p class=\"h6 font-weight-bold my-2\">Limitation de responsabilit\u00e9<\/p>\n\n\n\n<p>La responsabilit\u00e9 d&#8217;Espace Plomberium ne d\u00e9passera pas le prix d&#8217;achat des produits factur\u00e9s et ne sera pas responsable de tout dommage indirect, cons\u00e9cutif, accessoire ou punitif, quelle qu&#8217;en soit la nature.<\/p>\n\n\n\n<p class=\"h6 font-weight-bold my-2\">La direction Espace Plomberium<\/p>\n\n\n\n<hr class=\"wp-block-separator has-alpha-channel-opacity border-light\" \/>\n\n\n\n<h1 class=\"wp-block-heading espace-heading text-primary py-4\" id=\"h-conditions-d-utilisation\">Conditions d&#8217;utilisation<\/h1>\n\n\n\n<p>Voici les conditions d&#8217;utilisation qui r\u00e9gissent le site d&#8217;Espace Plomberium. Veuillez lire attentivement le texte qui suit avant de poursuivre votre navigation.<\/p>\n\n\n\n<p>En acc\u00e9dant \u00e0 ce site, vous acceptez de vous conformer aux conditions stipul\u00e9es dans ce document. Veuillez noter que Espace Plomberium peut modifier ces termes. Dans l&#8217;\u00e9ventualit\u00e9 d&#8217;un refus de vous conformer aux conditions d&#8217;utilisation, veuillez cesser toute navigation sur ce site.<\/p>\n\n\n\n<p>Vous ne pouvez utiliser le site qu&#8217;\u00e0 des fins personnelles. Aucune utilisation commerciale du site n&#8217;est permise sans le consentement d&#8217;Espace Plomberium. Vous ne devez jamais copier, employer, disposer, commercialiser ou alt\u00e9rer aucun \u00e9l\u00e9ment du site au b\u00e9n\u00e9fice de quelques personne ou entreprise que ce soit.<\/p>\n\n\n\n<p>Ce site et son contenu sont assujettis aux lois de la province de Qu\u00e9bec et aux lois canadiennes applicables dans cette province. Lorsque vous acc\u00e9dez \u00e0 ce site de l&#8217;ext\u00e9rieur du Qu\u00e9bec, vous devez vous assurer de respecter les lois applicables du lieu o\u00f9 vous vous trouvez. Vous ne pouvez utiliser ce site que dans les pays o\u00f9 l&#8217;ensemble des conditions \u00e9num\u00e9r\u00e9es dans ce document sont applicables. En naviguant sur ce site, vous garantissez \u00e0 Espace Plomberium que vous n&#8217;en ferez pas une utilisation interdite par la loi et vous vous engagez \u00e0 respecter les lois applicables, qu&#8217;elles soient locales, nationales ou internationales. Si vous souhaitez obtenir de plus amples renseignements relativement \u00e0 l&#8217;usage de ce site sur des territoires autres, vous devez consulter un conseiller juridique. Seuls les tribunaux du district judiciaire de Montr\u00e9al, situ\u00e9s dans la province de Qu\u00e9bec, Canada, ont juridiction sur le pr\u00e9sent site et ses applications.<\/p>\n\n\n\n<p class=\"h6 font-weight-bold my-2\">Confidentialit\u00e9<\/p>\n\n\n\n<p>Internet ne permet pas une navigation enti\u00e8rement s\u00e9curitaire et confidentielle. Les informations qui y sont \u00e9chang\u00e9es peuvent toujours \u00eatre intercept\u00e9es, perdues ou modifi\u00e9es. En faisant usage de ce site, vous admettez et conc\u00e9dez que Espace Plomberium, ainsi que ses employ\u00e9s, agents, repr\u00e9sentants et partenaires, ne peuvent en aucun temps \u00eatre tenus responsables des dommages r\u00e9sultant du mauvais fonctionnement de toute composante informatique, de tout logiciel ou de toute ligne de communication, relativement \u00e0 la perte ou \u00e0 l&#8217;absence de communication r\u00e9seau ou relativement \u00e0 toute transmission d\u00e9faillante, incompl\u00e8te, incompr\u00e9hensible ou effac\u00e9e par tout ordinateur ou tout r\u00e9seau. De plus, vous admettez que Espace Plomberium, ainsi que son personnel et ses partenaires, ne sont pas et ne peuvent \u00eatre tenus responsables d&#8217;aucun dommage ou perte r\u00e9sultant, directement ou indirectement, d&#8217;une intrusion frauduleuse d&#8217;un tiers, ayant entra\u00een\u00e9 une modification des informations ou \u00e9l\u00e9ments mis \u00e0 la disposition sur ce site, du t\u00e9l\u00e9chargement d&#8217;un logiciel ou d&#8217;un formulaire offert sur ce site, ainsi que par la transmission de toute information \u00e0 partir de ce site.<\/p>\n\n\n\n<p class=\"h6 font-weight-bold my-2\">Renseignements personnels<\/p>\n\n\n\n<p>Lors de votre inscription \u00e0 certaines applications du site (Infolettre, concours, etc.), des renseignements personnels peuvent vous \u00eatre demand\u00e9s, tels que votre nom, pr\u00e9nom et adresse courriel. Seule Espace Plomberium a acc\u00e8s \u00e0 ces renseignements et peut les utiliser. Ces renseignements sont employ\u00e9s aux seules fins d\u00e9crites sur le site. Vous pouvez toujours refuser de transmettre ces renseignements. Vous pouvez \u00e9galement vous adresser \u00e0 Espace Plomberium \u00e0 l&#8217;adresse courriel marketing.team@deschenes.ca pour effacer les renseignements transmis sur le site.<\/p>\n\n\n\n<p class=\"h6 font-weight-bold my-2\">Propri\u00e9t\u00e9 intellectuelle<\/p>\n\n\n\n<p>Le site de Espace Plomberium et l&#8217;ensemble des documents qui y sont publi\u00e9s tel que les images, illustrations, textes, photos, logiciels et autres font l&#8217;objet de droits de propri\u00e9t\u00e9 intellectuelle, incluant des droits d&#8217;auteurs. L&#8217;ensemble du site et des \u00e9l\u00e9ments qu&#8217;il contient sont la propri\u00e9t\u00e9 de Espace Plomberium ou de toute personne dont le nom est indiqu\u00e9 \u00e0 titre de d\u00e9tenteur des droits, comme dict\u00e9 sur ce site. Sauf autorisation pr\u00e9alable de la part des d\u00e9tenteurs des droits, toute transmission, vente, distribution, ex\u00e9cution, chargement, copie, reproduction, modification, redistribution, publication, affichage, exploitation ou tout transfert du pr\u00e9sent site ou de l&#8217;un des \u00e9l\u00e9ments qu&#8217;il contient, en totalit\u00e9 ou en partie, constitue une violation des droits de propri\u00e9t\u00e9 intellectuelle et peut \u00eatre sanctionn\u00e9.<\/p>\n\n\n\n<p class=\"h6 font-weight-bold my-2\">Marques de commerce<\/p>\n\n\n\n<p>\u00c0 l&#8217;int\u00e9rieur du pr\u00e9sent site, des noms, mots, titres, phrases, logos, concepts, \u00e9l\u00e9ments graphiques et ic\u00f4nes peuvent \u00eatre des marques de commerce appartenant \u00e0 Espace Plomberium. Le t\u00e9l\u00e9chargement, la retransmission, la reproduction ou la modification des marques de commerce apparaissant sur ce site constituent une violation de la Loi sur les marques de commerce.<\/p>\n\n\n\n<p class=\"h6 font-weight-bold my-2\">Sites provenant de tiers<\/p>\n\n\n\n<p>Vous pouvez acc\u00e9der par des hyperliens \u00e0 d&#8217;autres sites d&#8217;int\u00e9r\u00eat, or Espace Plomberium ne contr\u00f4le aucun aspect de ces sites produits par des tiers, lesquels demeurent totalement ind\u00e9pendants de Espace Plomberium. De m\u00eame, elle n&#8217;examine pas le contenu de ces sites. Espace Plomberium ne fournit aucune garantie quant \u00e0 la fiabilit\u00e9, au contenu ou \u00e0 la gestion de tout autre site internet. Il est strictement interdit d&#8217;utiliser ce site sous forme d&#8217;hyperlien sans avoir obtenu le consentement pr\u00e9alable et \u00e9crit d&#8217;Espace Plomberium.<\/p>\n\n\n\n<p class=\"h6 font-weight-bold my-2\">Limitation de responsabilit\u00e9<\/p>\n\n\n\n<p>Espace Plomberium s&#8217;efforce d&#8217;assurer au mieux de ses possibilit\u00e9s, l&#8217;exactitude et la mise \u00e0 jour des informations diffus\u00e9es sur ce site. Espace Plomberium ne fournit aucune garantie quant \u00e0 ce site ou \u00e0 son contenu et n&#8217;est pas et ne peut, en aucun cas, \u00eatre tenue responsable pour toutes inexactitudes, impr\u00e9cisions, fautes ou erreurs contenues dans ce site.<\/p>\n\n\n\n<p>\u00c0 l&#8217;exception des dommages directs r\u00e9sultant d&#8217;une faute lourde ou intentionnelle de sa part, Espace Plomberium n&#8217;est pas et ne peut, en aucun cas, \u00eatre tenue responsable pour tous dommages, directs ou indirects, peu importe les causes, origines, natures ou cons\u00e9quences, et ce, m\u00eame si Espace Plomberium peut avoir \u00e9t\u00e9 avis\u00e9e de la possibilit\u00e9 de tels dommages, provoqu\u00e9s en raison de votre acc\u00e8s \u00e0 ce site ou de votre impossibilit\u00e9 d&#8217;y acc\u00e9der, de votre utilisation de ce site, incluant toutes d\u00e9t\u00e9riorations ou virus qui pourraient infecter votre \u00e9quipement informatique ou tout autre bien, et\/ou de votre interpr\u00e9tation d&#8217;une quelconque information provenant directement ou indirectement de ce site.<\/p>\n\n\n\n<p>Espace Plomberium d\u00e9cline toute responsabilit\u00e9 quant \u00e0 tout autre site reli\u00e9, et ce, \u00e0 l&#8217;\u00e9gard d&#8217;aucune partie ou pour aucun dommage ou pr\u00e9judice que ce soit. Il vous revient de prendre les pr\u00e9cautions n\u00e9cessaires pour \u00e9viter toute contamination de votre ordinateur ou de tout autre appareil avec lequel vous acc\u00e9dez \u00e0 ce site.<\/p>\n\n\n\n<p class=\"h6 font-weight-bold my-2\">Affichage des produits et des prix<\/p>\n\n\n\n<p>Veuillez noter que tous les prix indiqu\u00e9s sur ce site Internet sont en dollars canadiens et qu&#8217;ils peuvent varier en fonction des finis et options. Des accessoires de raccordements peuvent \u00eatre n\u00e9cessaires et influencer le prix total du produit. Espace Plomberium n&#8217;est pas responsable des co\u00fbts suppl\u00e9mentaires cr\u00e9\u00e9s par l&#8217;achat des pi\u00e8ces n\u00e9cessaires pour l&#8217;installation et des erreurs de prix dans le site. La liste d&#8217;achat cr\u00e9\u00e9e sur ce site Web est un outil budg\u00e9taire \u00e0 votre disposition et constitue une approximation du co\u00fbt total de l&#8217;acquisition des produits. La confirmation des prix par un conseiller en boutique est n\u00e9cessaire pour activer la soumission. Seules les soumissions produites en boutique ont une valeur l\u00e9gale. Les prix affich\u00e9s peuvent \u00eatre modifi\u00e9s en tout temps sans avis pr\u00e9alable. Les photos sont \u00e0 titre indicatif et peuvent l\u00e9g\u00e8rement diff\u00e9rer des mod\u00e8les offerts.<\/p>\n\n\n\n<p>Malgr\u00e9 le grand soin apport\u00e9 \u00e0 l&#8217;entr\u00e9e des donn\u00e9es et de l&#8217;information, de malencontreuses erreurs ont pu s&#8217;y glisser. Nous nous excusons \u00e0 l&#8217;avance des inconv\u00e9nients que cela pourrait causer.<\/p>\n<\/div><\/div>\n","protected":false},"excerpt":{"rendered":"<p>Conditions de vente Terminologie Conditions de vente Apr\u00e8s avoir r\u00e9vis\u00e9 et sign\u00e9 sa commande aupr\u00e8s de son conseiller, l&#8217;acheteur s&#8217;engage \u00e0 accepter les conditions de vente de Espace Plomberium qui s&#8217;engage \u00e0 les afficher et \u00e0 les expliquer de fa\u00e7on claire par l&#8217;interm\u00e9diaire de nos conseillers. Modalit\u00e9s de paiement Livraison de la marchandise Mise de [&hellip;]<\/p>\n","protected":false},"author":22,"featured_media":0,"parent":0,"menu_order":0,"comment_status":"closed","ping_status":"closed","template":"","meta":{"_acf_changed":false,"footnotes":""},"class_list":["post-1324","page","type-page","status-publish","hentry"],"acf":{"seo_keywords":""},"yoast_head":"<!-- This site is optimized with the Yoast SEO Premium plugin v25.4 (Yoast SEO v27.3) - https:\/\/yoast.com\/product\/yoast-seo-premium-wordpress\/ -->\n<title>Termes FR - Espace Plomberium<\/title>\n<meta name=\"robots\" content=\"index, follow, max-snippet:-1, max-image-preview:large, max-video-preview:-1\" \/>\n<link rel=\"canonical\" href=\"https:\/\/cms.bravobusinessmedia.com\/espace\/termes-fr\/\" \/>\n<meta property=\"og:locale\" content=\"en_US\" \/>\n<meta property=\"og:type\" content=\"article\" \/>\n<meta property=\"og:title\" content=\"Termes FR\" \/>\n<meta property=\"og:description\" content=\"Conditions de vente Terminologie Conditions de vente Apr\u00e8s avoir r\u00e9vis\u00e9 et sign\u00e9 sa commande aupr\u00e8s de son conseiller, l&#8217;acheteur s&#8217;engage \u00e0 accepter les conditions de vente de Espace Plomberium qui s&#8217;engage \u00e0 les afficher et \u00e0 les expliquer de fa\u00e7on claire par l&#8217;interm\u00e9diaire de nos conseillers. Modalit\u00e9s de paiement Livraison de la marchandise Mise de [&hellip;]\" \/>\n<meta property=\"og:url\" content=\"https:\/\/cms.bravobusinessmedia.com\/espace\/termes-fr\/\" \/>\n<meta property=\"og:site_name\" content=\"Espace Plomberium\" \/>\n<meta property=\"article:modified_time\" content=\"2025-09-15T18:49:35+00:00\" \/>\n<meta name=\"twitter:card\" content=\"summary_large_image\" \/>\n<meta name=\"twitter:label1\" content=\"Est. reading time\" \/>\n\t<meta name=\"twitter:data1\" content=\"10 minutes\" \/>\n<script type=\"application\/ld+json\" class=\"yoast-schema-graph\">{\"@context\":\"https:\\\/\\\/schema.org\",\"@graph\":[{\"@type\":\"WebPage\",\"@id\":\"https:\\\/\\\/cms.bravobusinessmedia.com\\\/espace\\\/termes-fr\\\/\",\"url\":\"https:\\\/\\\/cms.bravobusinessmedia.com\\\/espace\\\/termes-fr\\\/\",\"name\":\"Termes FR - Espace Plomberium\",\"isPartOf\":{\"@id\":\"https:\\\/\\\/cms.bravobusinessmedia.com\\\/espace\\\/#website\"},\"datePublished\":\"2024-02-26T12:55:39+00:00\",\"dateModified\":\"2025-09-15T18:49:35+00:00\",\"breadcrumb\":{\"@id\":\"https:\\\/\\\/cms.bravobusinessmedia.com\\\/espace\\\/termes-fr\\\/#breadcrumb\"},\"inLanguage\":\"en-US\",\"potentialAction\":[{\"@type\":\"ReadAction\",\"target\":[\"https:\\\/\\\/cms.bravobusinessmedia.com\\\/espace\\\/termes-fr\\\/\"]}]},{\"@type\":\"BreadcrumbList\",\"@id\":\"https:\\\/\\\/cms.bravobusinessmedia.com\\\/espace\\\/termes-fr\\\/#breadcrumb\",\"itemListElement\":[{\"@type\":\"ListItem\",\"position\":1,\"name\":\"Home\",\"item\":\"https:\\\/\\\/cms.bravobusinessmedia.com\\\/espace\\\/\"},{\"@type\":\"ListItem\",\"position\":2,\"name\":\"Termes FR\"}]},{\"@type\":\"WebSite\",\"@id\":\"https:\\\/\\\/cms.bravobusinessmedia.com\\\/espace\\\/#website\",\"url\":\"https:\\\/\\\/cms.bravobusinessmedia.com\\\/espace\\\/\",\"name\":\"Espace Plomberium\",\"description\":\"\",\"potentialAction\":[{\"@type\":\"SearchAction\",\"target\":{\"@type\":\"EntryPoint\",\"urlTemplate\":\"https:\\\/\\\/cms.bravobusinessmedia.com\\\/espace\\\/?s={search_term_string}\"},\"query-input\":{\"@type\":\"PropertyValueSpecification\",\"valueRequired\":true,\"valueName\":\"search_term_string\"}}],\"inLanguage\":\"en-US\"}]}<\/script>\n<!-- \/ Yoast SEO Premium plugin. -->","yoast_head_json":{"title":"Termes FR - Espace Plomberium","robots":{"index":"index","follow":"follow","max-snippet":"max-snippet:-1","max-image-preview":"max-image-preview:large","max-video-preview":"max-video-preview:-1"},"canonical":"https:\/\/cms.bravobusinessmedia.com\/espace\/termes-fr\/","og_locale":"en_US","og_type":"article","og_title":"Termes FR","og_description":"Conditions de vente Terminologie Conditions de vente Apr\u00e8s avoir r\u00e9vis\u00e9 et sign\u00e9 sa commande aupr\u00e8s de son conseiller, l&#8217;acheteur s&#8217;engage \u00e0 accepter les conditions de vente de Espace Plomberium qui s&#8217;engage \u00e0 les afficher et \u00e0 les expliquer de fa\u00e7on claire par l&#8217;interm\u00e9diaire de nos conseillers. Modalit\u00e9s de paiement Livraison de la marchandise Mise de [&hellip;]","og_url":"https:\/\/cms.bravobusinessmedia.com\/espace\/termes-fr\/","og_site_name":"Espace Plomberium","article_modified_time":"2025-09-15T18:49:35+00:00","twitter_card":"summary_large_image","twitter_misc":{"Est. reading time":"10 minutes"},"schema":{"@context":"https:\/\/schema.org","@graph":[{"@type":"WebPage","@id":"https:\/\/cms.bravobusinessmedia.com\/espace\/termes-fr\/","url":"https:\/\/cms.bravobusinessmedia.com\/espace\/termes-fr\/","name":"Termes FR - Espace Plomberium","isPartOf":{"@id":"https:\/\/cms.bravobusinessmedia.com\/espace\/#website"},"datePublished":"2024-02-26T12:55:39+00:00","dateModified":"2025-09-15T18:49:35+00:00","breadcrumb":{"@id":"https:\/\/cms.bravobusinessmedia.com\/espace\/termes-fr\/#breadcrumb"},"inLanguage":"en-US","potentialAction":[{"@type":"ReadAction","target":["https:\/\/cms.bravobusinessmedia.com\/espace\/termes-fr\/"]}]},{"@type":"BreadcrumbList","@id":"https:\/\/cms.bravobusinessmedia.com\/espace\/termes-fr\/#breadcrumb","itemListElement":[{"@type":"ListItem","position":1,"name":"Home","item":"https:\/\/cms.bravobusinessmedia.com\/espace\/"},{"@type":"ListItem","position":2,"name":"Termes FR"}]},{"@type":"WebSite","@id":"https:\/\/cms.bravobusinessmedia.com\/espace\/#website","url":"https:\/\/cms.bravobusinessmedia.com\/espace\/","name":"Espace Plomberium","description":"","potentialAction":[{"@type":"SearchAction","target":{"@type":"EntryPoint","urlTemplate":"https:\/\/cms.bravobusinessmedia.com\/espace\/?s={search_term_string}"},"query-input":{"@type":"PropertyValueSpecification","valueRequired":true,"valueName":"search_term_string"}}],"inLanguage":"en-US"}]}},"lang":"en","translations":{"en":1324},"pll_sync_post":[],"_links":{"self":[{"href":"https:\/\/cms.bravobusinessmedia.com\/espace\/wp-json\/wp\/v2\/pages\/1324","targetHints":{"allow":["GET"]}}],"collection":[{"href":"https:\/\/cms.bravobusinessmedia.com\/espace\/wp-json\/wp\/v2\/pages"}],"about":[{"href":"https:\/\/cms.bravobusinessmedia.com\/espace\/wp-json\/wp\/v2\/types\/page"}],"author":[{"embeddable":true,"href":"https:\/\/cms.bravobusinessmedia.com\/espace\/wp-json\/wp\/v2\/users\/22"}],"replies":[{"embeddable":true,"href":"https:\/\/cms.bravobusinessmedia.com\/espace\/wp-json\/wp\/v2\/comments?post=1324"}],"version-history":[{"count":0,"href":"https:\/\/cms.bravobusinessmedia.com\/espace\/wp-json\/wp\/v2\/pages\/1324\/revisions"}],"wp:attachment":[{"href":"https:\/\/cms.bravobusinessmedia.com\/espace\/wp-json\/wp\/v2\/media?parent=1324"}],"curies":[{"name":"wp","href":"https:\/\/api.w.org\/{rel}","templated":true}]}}