{"id":1334,"date":"2024-02-26T23:59:46","date_gmt":"2024-02-26T23:59:46","guid":{"rendered":"https:\/\/cms.bravobusinessmedia.com\/espace\/?page_id=1334"},"modified":"2025-05-20T15:26:44","modified_gmt":"2025-05-20T15:26:44","slug":"prixfr","status":"publish","type":"page","link":"https:\/\/cms.bravobusinessmedia.com\/espace\/prixfr\/","title":{"rendered":"PrixFR"},"content":{"rendered":"\n<div class=\"wp-block-group container\"><div class=\"wp-block-group__inner-container is-layout-constrained wp-block-group-is-layout-constrained\">\n<h1 class=\"wp-block-heading h1 espace-heading text-primary pt-3\" id=\"h-chez-espace-plomberium-nous\">Chez Espace Plomberium, nous<\/h1>\n\n\n\n<h2 class=\"wp-block-heading espace-heading text-primary mb-3\" id=\"h-garantissons-le-meilleur-prix\">garantissons le meilleur prix<\/h2>\n\n\n\n<figure role=\"none\" class=\"wp-block-image size-thumbnail pt-3 pb-2 d-flex\"><img loading=\"lazy\" decoding=\"async\" width=\"150\" height=\"150\" src=\"https:\/\/cms.bravobusinessmedia.com\/espace\/wp-content\/uploads\/sites\/14\/2024\/05\/Espace-Best-Price-logo-FR-150x150.png\" alt=\"\" class=\"wp-image-2052\" srcset=\"https:\/\/cms.bravobusinessmedia.com\/espace\/wp-content\/uploads\/sites\/14\/2024\/05\/Espace-Best-Price-logo-FR-150x150.png 150w, https:\/\/cms.bravobusinessmedia.com\/espace\/wp-content\/uploads\/sites\/14\/2024\/05\/Espace-Best-Price-logo-FR-300x300.png 300w, https:\/\/cms.bravobusinessmedia.com\/espace\/wp-content\/uploads\/sites\/14\/2024\/05\/Espace-Best-Price-logo-FR.png 400w\" sizes=\"auto, (max-width: 150px) 100vw, 150px\" \/><\/figure>\n\n\n\n<p class=\"my-3\">Si vous trouvez un concurrent local qui offre un produit identique au n\u00f4tre \u00e0 un prix moindre, nous \u00e9galerons le prix !<\/p>\n\n\n\n<p>Sur pr\u00e9sentation d&#8217;une preuve satisfaisante et sous r\u00e9serve du respect de certaines conditions, nous vous offrons l&#8217;item en question au prix annonc\u00e9 par ce d\u00e9taillant.<\/p>\n\n\n\n<div class=\"wp-block-columns is-layout-flex wp-container-core-columns-is-layout-9d6595d7 wp-block-columns-is-layout-flex\">\n<div class=\"wp-block-column d-flex justify-content-center is-layout-flow wp-block-column-is-layout-flow\" style=\"flex-basis:10%\">\n<figure role=\"none\" class=\"wp-block-image size-full w-50\"><img loading=\"lazy\" decoding=\"async\" width=\"300\" height=\"300\" src=\"https:\/\/cms.bravobusinessmedia.com\/espace\/wp-content\/uploads\/sites\/14\/2024\/02\/Best-price-icon-1.jpeg\" alt=\"\" class=\"wp-image-1327\" srcset=\"https:\/\/cms.bravobusinessmedia.com\/espace\/wp-content\/uploads\/sites\/14\/2024\/02\/Best-price-icon-1.jpeg 300w, https:\/\/cms.bravobusinessmedia.com\/espace\/wp-content\/uploads\/sites\/14\/2024\/02\/Best-price-icon-1-150x150.jpeg 150w\" sizes=\"auto, (max-width: 300px) 100vw, 300px\" \/><\/figure>\n<\/div>\n\n\n\n<div class=\"wp-block-column is-layout-flow wp-block-column-is-layout-flow\" style=\"flex-basis:90%\">\n<p><strong><strong>DANS UN RAYON DE 100 KM<\/strong><\/strong><\/p>\n\n\n\n<p>Un magasin de vente au d\u00e9tail situ\u00e9 au Canada dans un rayon de 100 km autour du magasin o\u00f9 l&#8217;alignement des prix est demand\u00e9.<\/p>\n<\/div>\n<\/div>\n\n\n\n<hr class=\"wp-block-separator has-alpha-channel-opacity border-light\"\/>\n\n\n\n<div class=\"wp-block-columns is-layout-flex wp-container-core-columns-is-layout-9d6595d7 wp-block-columns-is-layout-flex\">\n<div class=\"wp-block-column d-flex justify-content-center is-layout-flow wp-block-column-is-layout-flow\" style=\"flex-basis:10%\">\n<figure role=\"none\" class=\"wp-block-image size-full w-50\"><img loading=\"lazy\" decoding=\"async\" width=\"300\" height=\"300\" src=\"https:\/\/cms.bravobusinessmedia.com\/espace\/wp-content\/uploads\/sites\/14\/2024\/02\/Best-price-icon-2.jpeg\" alt=\"\" class=\"wp-image-1329\" srcset=\"https:\/\/cms.bravobusinessmedia.com\/espace\/wp-content\/uploads\/sites\/14\/2024\/02\/Best-price-icon-2.jpeg 300w, https:\/\/cms.bravobusinessmedia.com\/espace\/wp-content\/uploads\/sites\/14\/2024\/02\/Best-price-icon-2-150x150.jpeg 150w\" sizes=\"auto, (max-width: 300px) 100vw, 300px\" \/><\/figure>\n<\/div>\n\n\n\n<div class=\"wp-block-column is-layout-flow wp-block-column-is-layout-flow\" style=\"flex-basis:90%\">\n<p><strong><strong><strong>PRODUIT IDENTIQUE<\/strong><\/strong><\/strong><\/p>\n\n\n\n<p>Un produit d&#8217;un m\u00eame fabricant ayant les m\u00eames caract\u00e9ristiques, garanties applicables, num\u00e9ro de mod\u00e8le et taille\/volume.<\/p>\n<\/div>\n<\/div>\n\n\n\n<hr class=\"wp-block-separator has-alpha-channel-opacity border-light\"\/>\n\n\n\n<div class=\"wp-block-columns is-layout-flex wp-container-core-columns-is-layout-9d6595d7 wp-block-columns-is-layout-flex\">\n<div class=\"wp-block-column d-flex justify-content-center is-layout-flow wp-block-column-is-layout-flow\" style=\"flex-basis:10%\">\n<figure role=\"none\" class=\"wp-block-image size-full w-50\"><img loading=\"lazy\" decoding=\"async\" width=\"300\" height=\"300\" src=\"https:\/\/cms.bravobusinessmedia.com\/espace\/wp-content\/uploads\/sites\/14\/2024\/02\/Best-price-icon-3.jpeg\" alt=\"\" class=\"wp-image-1331\" srcset=\"https:\/\/cms.bravobusinessmedia.com\/espace\/wp-content\/uploads\/sites\/14\/2024\/02\/Best-price-icon-3.jpeg 300w, https:\/\/cms.bravobusinessmedia.com\/espace\/wp-content\/uploads\/sites\/14\/2024\/02\/Best-price-icon-3-150x150.jpeg 150w\" sizes=\"auto, (max-width: 300px) 100vw, 300px\" \/><\/figure>\n<\/div>\n\n\n\n<div class=\"wp-block-column is-layout-flow wp-block-column-is-layout-flow\" style=\"flex-basis:90%\">\n<p><strong><strong><strong>PR\u00c9SENTEMENT EN INVENTAIRE<\/strong><\/strong><\/strong><\/p>\n\n\n\n<p>Un produit actuellement offert par un concurrent local \u00e0 un prix de d\u00e9tail inf\u00e9rieur.<\/p>\n<\/div>\n<\/div>\n\n\n\n<hr class=\"wp-block-separator has-alpha-channel-opacity border-light\"\/>\n\n\n\n<div class=\"wp-block-columns is-layout-flex wp-container-core-columns-is-layout-9d6595d7 wp-block-columns-is-layout-flex\">\n<div class=\"wp-block-column d-flex justify-content-center is-layout-flow wp-block-column-is-layout-flow\" style=\"flex-basis:10%\">\n<figure role=\"none\" class=\"wp-block-image size-full w-50\"><img loading=\"lazy\" decoding=\"async\" width=\"300\" height=\"300\" src=\"https:\/\/cms.bravobusinessmedia.com\/espace\/wp-content\/uploads\/sites\/14\/2024\/02\/Best-price-icon-4-EN.jpeg\" alt=\"\" class=\"wp-image-1332\" srcset=\"https:\/\/cms.bravobusinessmedia.com\/espace\/wp-content\/uploads\/sites\/14\/2024\/02\/Best-price-icon-4-EN.jpeg 300w, https:\/\/cms.bravobusinessmedia.com\/espace\/wp-content\/uploads\/sites\/14\/2024\/02\/Best-price-icon-4-EN-150x150.jpeg 150w\" sizes=\"auto, (max-width: 300px) 100vw, 300px\" \/><\/figure>\n<\/div>\n\n\n\n<div class=\"wp-block-column is-layout-flow wp-block-column-is-layout-flow\" style=\"flex-basis:90%\">\n<p><strong><strong><strong>NEUF ET DANS SON EMBALLAGE<\/strong><\/strong><\/strong><\/p>\n\n\n\n<p>Un produit neuf, dans son emballage d&#8217;origine (pas de d\u00e9monstrateur, retour, remis \u00e0 neuf).<\/p>\n<\/div>\n<\/div>\n\n\n\n<hr class=\"wp-block-separator has-alpha-channel-opacity border-light\"\/>\n\n\n\n<p>N&#8217;h\u00e9sitez pas \u00e0 consulter l&#8217;un de nos conseillers pour plus d&#8217;informations et conna\u00eetre notre liste d&#8217;exclusions.<\/p>\n\n\n\n<hr class=\"wp-block-separator has-alpha-channel-opacity border-light\"\/>\n\n\n\n<h1 class=\"wp-block-heading espace-heading text-primary pt-2 pb-4\" id=\"h-politique-du-meilleur-prix\">Politique du meilleur prix<\/h1>\n\n\n\n<p class=\"my-2\"><em>Comment \u00e7a marche?<\/em><\/p>\n\n\n\n<p class=\"my-2\"><u>Vous aimeriez vous procurer un produit chez Espace Plomberium et celui-ci est annonc\u00e9 \u00e0 un prix moindre chez un concurrent?<\/u><\/p>\n\n\n\n<ul class=\"wp-block-list my-2\">\n<li>\u2022 &nbsp; D\u00e9montrez \u00e0 un conseiller l&#8217;offre que propose le concurrent local gr\u00e2ce \u00e0 une annonce Web, une circulaire ou une soumission pour le m\u00eame produit.<\/li>\n\n\n\n<li>\u2022 &nbsp; D\u00e8s que l&#8217;employ\u00e9 aura d\u00e9termin\u00e9 que votre produit est admissible, il \u00e9galera le prix!<\/li>\n<\/ul>\n\n\n\n<p class=\"my-2\"><u>Vous avez d\u00e9j\u00e0 achet\u00e9 un produit et le m\u00eame produit est actuellement offert \u00e0 un prix inf\u00e9rieur chez un concurrent local?<\/u><\/p>\n\n\n\n<ul class=\"wp-block-list my-2\">\n<li>\u2022 &nbsp; Visitez un magasin Espace Plomberium dans les 30 jours suivant l&#8217;achat et apportez votre re\u00e7u.<\/li>\n\n\n\n<li>\u2022 &nbsp; D\u00e9montrez \u00e0 un conseiller l&#8217;offre que propose le concurrent local gr\u00e2ce \u00e0 une annonce Web, une circulaire ou une soumission pour le m\u00eame produit<\/li>\n\n\n\n<li>\u2022 &nbsp; D\u00e8s que l&#8217;employ\u00e9 aura d\u00e9termin\u00e9 que votre produit est admissible, il \u00e9galera le prix!<\/li>\n<\/ul>\n\n\n\n<p class=\"my-2\"><em>Qu&#8217;est-ce qu&#8217;un produit admissible?<\/em><\/p>\n\n\n\n<ul class=\"wp-block-list my-2\">\n<li>\u2022 &nbsp; Un produit d&#8217;un m\u00eame fabricant ayant les m\u00eames caract\u00e9ristiques, garanties applicables, num\u00e9ro de mod\u00e8le et taille\/volume.<\/li>\n\n\n\n<li>\u2022 &nbsp; Un produit actuellement offert par un concurrent local \u00e0 un prix de d\u00e9tail inf\u00e9rieur.<\/li>\n\n\n\n<li>\u2022 &nbsp; Un produit neuf, dans son emballage d&#8217;origine (pas un retour ni un mod\u00e8le de d\u00e9monstration).<\/li>\n\n\n\n<li>\u2022 &nbsp; Un produit ne figurant pas sur notre liste d&#8217;exclusions.<\/li>\n<\/ul>\n\n\n\n<ul class=\"wp-block-list\">\n<li>\u2022 &nbsp; Un magasin de vente au d\u00e9tail situ\u00e9 au Canada dans un rayon de 100 km autour du magasin o\u00f9 l&#8217;alignement des prix est demand\u00e9.<\/li>\n\n\n\n<li>\u2022 &nbsp; Les autres magasins Espace Plomberium.<\/li>\n<\/ul>\n\n\n\n<p class=\"my-2\"><em>Exclusions<\/em><\/p>\n\n\n\n<p class=\"my-2\"><u>Les cas suivants sont exclus de notre garantie du meilleur prix:<\/u><\/p>\n\n\n\n<ul class=\"wp-block-list my-2\">\n<li>\u2022 &nbsp; Les commerces\/magasins de d\u00e9tail au Canada, situ\u00e9s \u00e0 plus de 100 km du point de vente o\u00f9 l&#8217;alignement des prix est demand\u00e9.<\/li>\n\n\n\n<li>\u2022 &nbsp; Les marchandises offertes en ligne de la part de d\u00e9taillants n&#8217;ayant pas de commerces physiques dans un rayon de 100 km du point de vente o\u00f9 l&#8217;alignement des prix est demand\u00e9.<\/li>\n\n\n\n<li>\u2022 &nbsp; Produits comportant des erreurs typographiques ou publicitaires ou des fautes d&#8217;impression.<\/li>\n\n\n\n<li>\u2022 &nbsp; Marchandises utilis\u00e9es, endommag\u00e9es, remises \u00e0 neuf, retourn\u00e9es, en bo\u00eete ouverte ou en pr\u00e9sentoirs.<\/li>\n\n\n\n<li>\u2022 &nbsp; Les chauffe-eau<\/li>\n\n\n\n<li>\u2022 &nbsp; Les produits \u00e0 usages commerciaux<\/li>\n<\/ul>\n\n\n\n<p class=\"my-2\"><u>Les offres sp\u00e9ciales et rabais suivants sont exclus de notre garantie du meilleur prix :<\/u><\/p>\n\n\n\n<ul class=\"wp-block-list my-2\">\n<li>\u2022 &nbsp; Produits \u00e0 prix de gros, les soldes qui ne sont pas offerts au grand public ou les produits \u00e0 prix de d\u00e9tail moindre qui ne sont offerts que dans le cadre d&#8217;un programme de fid\u00e9lisation.<\/li>\n\n\n\n<li>\u2022 &nbsp; Rabais offerts pour les achats en gros d\u00e9passant le volume qu&#8217;un consommateur moyen utiliserait.<\/li>\n\n\n\n<li>\u2022 &nbsp; Promotions n\u00e9cessitant l&#8217;achat de plus d&#8217;un produit ou offres cadeaux \u00e0 l&#8217;achat d&#8217;un produit suppl\u00e9mentaire (ex: les offres \u00abachetez-en 1, obtenez-en 1\u00bb).<\/li>\n\n\n\n<li>\u2022 &nbsp; Remises postales, rabais de type \u00abgrattez et \u00e9conomisez\u00bb, cadeaux \u00e0 la suite d&#8217;un achat, ou cartes pr\u00e9pay\u00e9es.<\/li>\n\n\n\n<li>\u2022 &nbsp; Programmes de cr\u00e9dit ou de financement offerts par les concurrents locaux.<\/li>\n\n\n\n<li>\u2022 &nbsp; Prix offerts par les concurrents locaux et qui ne sont offerts que lorsque les achats sont r\u00e9gl\u00e9s au moyen d&#8217;un mode de paiement exclusif (ex: rabais offert si vous r\u00e9glez l&#8217;achat \u00e0 l&#8217;aide d&#8217;une carte de cr\u00e9dit d&#8217;un concurrent local).<\/li>\n\n\n\n<li>\u2022 &nbsp; Prix de faillite, de liquidation, de produits de fin de s\u00e9rie, ou tout autre solde o\u00f9 les quantit\u00e9s sont limit\u00e9es.<\/li>\n\n\n\n<li>\u2022 &nbsp; Rabais ou tout autre type d&#8217;offres promotionnelles offertes par toute partie concern\u00e9e dans le cadre de la vente de cartes-cadeaux.<\/li>\n\n\n\n<li>\u2022 &nbsp; Rabais, ch\u00e8ques-cadeaux, coupons ou cr\u00e9dits quelconques offerts par des \u00e9metteurs de coupons qui, en r\u00e9alit\u00e9, ne fournissent pas le produit ou le service.<\/li>\n\n\n\n<li>\u2022 &nbsp; Promotions \u00ab D\u00e9pensez et obtenez \u00bb (ex: d\u00e9pensez 200$ et obtenez une carte promo de 20$).<\/li>\n\n\n\n<li>\u2022 &nbsp; Alignement des prix apr\u00e8s-vente lors d&#8217;\u00e9v\u00e9nements et de soldes sp\u00e9ciaux tels que le Vendredi Fou\/Noir ou le Cyberlundi.<\/li>\n\n\n\n<li>\u2022 &nbsp; Produits de liquidation apr\u00e8s l&#8217;achat.<\/li>\n\n\n\n<li>\u2022 &nbsp; Exclus les marques que Espace Plomberium ne tient pas.<\/li>\n<\/ul>\n\n\n\n<p class=\"my-2\"><em>Les frais de service, de livraison et d&#8217;installation suivants sont exclus :<\/em><\/p>\n\n\n\n<ul class=\"wp-block-list pt-2 pb-5\">\n<li>\u2022 &nbsp; Frais de main-d&#8217;\u0153uvre, de service ou d&#8217;installation, les frais de livraison ou d&#8217;assemblage.<\/li>\n\n\n\n<li>\u2022 &nbsp; La garantie du meilleur prix de Espace Plomberium peut \u00eatre modifi\u00e9e ou retir\u00e9e \u00e0 tout moment sans pr\u00e9avis. Certaines restrictions peuvent s&#8217;appliquer.<\/li>\n<\/ul>\n<\/div><\/div>\n","protected":false},"excerpt":{"rendered":"<p>Chez Espace Plomberium, nous garantissons le meilleur prix Si vous trouvez un concurrent local qui offre un produit identique au n\u00f4tre \u00e0 un prix moindre, nous \u00e9galerons le prix ! Sur pr\u00e9sentation d&#8217;une preuve satisfaisante et sous r\u00e9serve du respect de certaines conditions, nous vous offrons l&#8217;item en question au prix annonc\u00e9 par ce d\u00e9taillant. [&hellip;]<\/p>\n","protected":false},"author":22,"featured_media":0,"parent":0,"menu_order":0,"comment_status":"closed","ping_status":"closed","template":"","meta":{"_acf_changed":false,"footnotes":""},"class_list":["post-1334","page","type-page","status-publish","hentry"],"acf":{"seo_keywords":""},"yoast_head":"<!-- This site is optimized with the Yoast SEO Premium plugin v25.4 (Yoast SEO v27.3) - https:\/\/yoast.com\/product\/yoast-seo-premium-wordpress\/ -->\n<title>PrixFR - Espace Plomberium<\/title>\n<meta name=\"robots\" content=\"index, follow, max-snippet:-1, max-image-preview:large, max-video-preview:-1\" \/>\n<link rel=\"canonical\" href=\"https:\/\/cms.bravobusinessmedia.com\/espace\/prixfr\/\" \/>\n<meta property=\"og:locale\" content=\"en_US\" \/>\n<meta property=\"og:type\" content=\"article\" \/>\n<meta property=\"og:title\" content=\"PrixFR\" \/>\n<meta property=\"og:description\" content=\"Chez Espace Plomberium, nous garantissons le meilleur prix Si vous trouvez un concurrent local qui offre un produit identique au n\u00f4tre \u00e0 un prix moindre, nous \u00e9galerons le prix ! Sur pr\u00e9sentation d&#8217;une preuve satisfaisante et sous r\u00e9serve du respect de certaines conditions, nous vous offrons l&#8217;item en question au prix annonc\u00e9 par ce d\u00e9taillant. [&hellip;]\" \/>\n<meta property=\"og:url\" content=\"https:\/\/cms.bravobusinessmedia.com\/espace\/prixfr\/\" \/>\n<meta property=\"og:site_name\" content=\"Espace Plomberium\" \/>\n<meta property=\"article:modified_time\" content=\"2025-05-20T15:26:44+00:00\" \/>\n<meta property=\"og:image\" content=\"https:\/\/cms.bravobusinessmedia.com\/espace\/wp-content\/uploads\/sites\/14\/2024\/05\/Espace-Best-Price-logo-FR.png\" \/>\n\t<meta property=\"og:image:width\" content=\"400\" \/>\n\t<meta property=\"og:image:height\" content=\"400\" \/>\n\t<meta property=\"og:image:type\" content=\"image\/png\" \/>\n<meta name=\"twitter:card\" content=\"summary_large_image\" \/>\n<meta name=\"twitter:label1\" content=\"Est. reading time\" \/>\n\t<meta name=\"twitter:data1\" content=\"5 minutes\" \/>\n<script type=\"application\/ld+json\" class=\"yoast-schema-graph\">{\"@context\":\"https:\\\/\\\/schema.org\",\"@graph\":[{\"@type\":\"WebPage\",\"@id\":\"https:\\\/\\\/cms.bravobusinessmedia.com\\\/espace\\\/prixfr\\\/\",\"url\":\"https:\\\/\\\/cms.bravobusinessmedia.com\\\/espace\\\/prixfr\\\/\",\"name\":\"PrixFR - Espace Plomberium\",\"isPartOf\":{\"@id\":\"https:\\\/\\\/cms.bravobusinessmedia.com\\\/espace\\\/#website\"},\"primaryImageOfPage\":{\"@id\":\"https:\\\/\\\/cms.bravobusinessmedia.com\\\/espace\\\/prixfr\\\/#primaryimage\"},\"image\":{\"@id\":\"https:\\\/\\\/cms.bravobusinessmedia.com\\\/espace\\\/prixfr\\\/#primaryimage\"},\"thumbnailUrl\":\"https:\\\/\\\/cms.bravobusinessmedia.com\\\/espace\\\/wp-content\\\/uploads\\\/sites\\\/14\\\/2024\\\/05\\\/Espace-Best-Price-logo-FR-150x150.png\",\"datePublished\":\"2024-02-26T23:59:46+00:00\",\"dateModified\":\"2025-05-20T15:26:44+00:00\",\"breadcrumb\":{\"@id\":\"https:\\\/\\\/cms.bravobusinessmedia.com\\\/espace\\\/prixfr\\\/#breadcrumb\"},\"inLanguage\":\"en-US\",\"potentialAction\":[{\"@type\":\"ReadAction\",\"target\":[\"https:\\\/\\\/cms.bravobusinessmedia.com\\\/espace\\\/prixfr\\\/\"]}]},{\"@type\":\"ImageObject\",\"inLanguage\":\"en-US\",\"@id\":\"https:\\\/\\\/cms.bravobusinessmedia.com\\\/espace\\\/prixfr\\\/#primaryimage\",\"url\":\"https:\\\/\\\/cms.bravobusinessmedia.com\\\/espace\\\/wp-content\\\/uploads\\\/sites\\\/14\\\/2024\\\/05\\\/Espace-Best-Price-logo-FR.png\",\"contentUrl\":\"https:\\\/\\\/cms.bravobusinessmedia.com\\\/espace\\\/wp-content\\\/uploads\\\/sites\\\/14\\\/2024\\\/05\\\/Espace-Best-Price-logo-FR.png\",\"width\":400,\"height\":400},{\"@type\":\"BreadcrumbList\",\"@id\":\"https:\\\/\\\/cms.bravobusinessmedia.com\\\/espace\\\/prixfr\\\/#breadcrumb\",\"itemListElement\":[{\"@type\":\"ListItem\",\"position\":1,\"name\":\"Home\",\"item\":\"https:\\\/\\\/cms.bravobusinessmedia.com\\\/espace\\\/\"},{\"@type\":\"ListItem\",\"position\":2,\"name\":\"PrixFR\"}]},{\"@type\":\"WebSite\",\"@id\":\"https:\\\/\\\/cms.bravobusinessmedia.com\\\/espace\\\/#website\",\"url\":\"https:\\\/\\\/cms.bravobusinessmedia.com\\\/espace\\\/\",\"name\":\"Espace Plomberium\",\"description\":\"\",\"potentialAction\":[{\"@type\":\"SearchAction\",\"target\":{\"@type\":\"EntryPoint\",\"urlTemplate\":\"https:\\\/\\\/cms.bravobusinessmedia.com\\\/espace\\\/?s={search_term_string}\"},\"query-input\":{\"@type\":\"PropertyValueSpecification\",\"valueRequired\":true,\"valueName\":\"search_term_string\"}}],\"inLanguage\":\"en-US\"}]}<\/script>\n<!-- \/ Yoast SEO Premium plugin. -->","yoast_head_json":{"title":"PrixFR - Espace Plomberium","robots":{"index":"index","follow":"follow","max-snippet":"max-snippet:-1","max-image-preview":"max-image-preview:large","max-video-preview":"max-video-preview:-1"},"canonical":"https:\/\/cms.bravobusinessmedia.com\/espace\/prixfr\/","og_locale":"en_US","og_type":"article","og_title":"PrixFR","og_description":"Chez Espace Plomberium, nous garantissons le meilleur prix Si vous trouvez un concurrent local qui offre un produit identique au n\u00f4tre \u00e0 un prix moindre, nous \u00e9galerons le prix ! Sur pr\u00e9sentation d&#8217;une preuve satisfaisante et sous r\u00e9serve du respect de certaines conditions, nous vous offrons l&#8217;item en question au prix annonc\u00e9 par ce d\u00e9taillant. [&hellip;]","og_url":"https:\/\/cms.bravobusinessmedia.com\/espace\/prixfr\/","og_site_name":"Espace Plomberium","article_modified_time":"2025-05-20T15:26:44+00:00","og_image":[{"width":400,"height":400,"url":"https:\/\/cms.bravobusinessmedia.com\/espace\/wp-content\/uploads\/sites\/14\/2024\/05\/Espace-Best-Price-logo-FR.png","type":"image\/png"}],"twitter_card":"summary_large_image","twitter_misc":{"Est. reading time":"5 minutes"},"schema":{"@context":"https:\/\/schema.org","@graph":[{"@type":"WebPage","@id":"https:\/\/cms.bravobusinessmedia.com\/espace\/prixfr\/","url":"https:\/\/cms.bravobusinessmedia.com\/espace\/prixfr\/","name":"PrixFR - Espace Plomberium","isPartOf":{"@id":"https:\/\/cms.bravobusinessmedia.com\/espace\/#website"},"primaryImageOfPage":{"@id":"https:\/\/cms.bravobusinessmedia.com\/espace\/prixfr\/#primaryimage"},"image":{"@id":"https:\/\/cms.bravobusinessmedia.com\/espace\/prixfr\/#primaryimage"},"thumbnailUrl":"https:\/\/cms.bravobusinessmedia.com\/espace\/wp-content\/uploads\/sites\/14\/2024\/05\/Espace-Best-Price-logo-FR-150x150.png","datePublished":"2024-02-26T23:59:46+00:00","dateModified":"2025-05-20T15:26:44+00:00","breadcrumb":{"@id":"https:\/\/cms.bravobusinessmedia.com\/espace\/prixfr\/#breadcrumb"},"inLanguage":"en-US","potentialAction":[{"@type":"ReadAction","target":["https:\/\/cms.bravobusinessmedia.com\/espace\/prixfr\/"]}]},{"@type":"ImageObject","inLanguage":"en-US","@id":"https:\/\/cms.bravobusinessmedia.com\/espace\/prixfr\/#primaryimage","url":"https:\/\/cms.bravobusinessmedia.com\/espace\/wp-content\/uploads\/sites\/14\/2024\/05\/Espace-Best-Price-logo-FR.png","contentUrl":"https:\/\/cms.bravobusinessmedia.com\/espace\/wp-content\/uploads\/sites\/14\/2024\/05\/Espace-Best-Price-logo-FR.png","width":400,"height":400},{"@type":"BreadcrumbList","@id":"https:\/\/cms.bravobusinessmedia.com\/espace\/prixfr\/#breadcrumb","itemListElement":[{"@type":"ListItem","position":1,"name":"Home","item":"https:\/\/cms.bravobusinessmedia.com\/espace\/"},{"@type":"ListItem","position":2,"name":"PrixFR"}]},{"@type":"WebSite","@id":"https:\/\/cms.bravobusinessmedia.com\/espace\/#website","url":"https:\/\/cms.bravobusinessmedia.com\/espace\/","name":"Espace Plomberium","description":"","potentialAction":[{"@type":"SearchAction","target":{"@type":"EntryPoint","urlTemplate":"https:\/\/cms.bravobusinessmedia.com\/espace\/?s={search_term_string}"},"query-input":{"@type":"PropertyValueSpecification","valueRequired":true,"valueName":"search_term_string"}}],"inLanguage":"en-US"}]}},"lang":"en","translations":{"en":1334},"pll_sync_post":[],"_links":{"self":[{"href":"https:\/\/cms.bravobusinessmedia.com\/espace\/wp-json\/wp\/v2\/pages\/1334","targetHints":{"allow":["GET"]}}],"collection":[{"href":"https:\/\/cms.bravobusinessmedia.com\/espace\/wp-json\/wp\/v2\/pages"}],"about":[{"href":"https:\/\/cms.bravobusinessmedia.com\/espace\/wp-json\/wp\/v2\/types\/page"}],"author":[{"embeddable":true,"href":"https:\/\/cms.bravobusinessmedia.com\/espace\/wp-json\/wp\/v2\/users\/22"}],"replies":[{"embeddable":true,"href":"https:\/\/cms.bravobusinessmedia.com\/espace\/wp-json\/wp\/v2\/comments?post=1334"}],"version-history":[{"count":0,"href":"https:\/\/cms.bravobusinessmedia.com\/espace\/wp-json\/wp\/v2\/pages\/1334\/revisions"}],"wp:attachment":[{"href":"https:\/\/cms.bravobusinessmedia.com\/espace\/wp-json\/wp\/v2\/media?parent=1334"}],"curies":[{"name":"wp","href":"https:\/\/api.w.org\/{rel}","templated":true}]}}