{"id":1423,"date":"2024-02-28T04:47:30","date_gmt":"2024-02-28T04:47:30","guid":{"rendered":"https:\/\/cms.bravobusinessmedia.com\/espace\/?page_id=1423"},"modified":"2024-08-13T12:55:59","modified_gmt":"2024-08-13T12:55:59","slug":"grohefr","status":"publish","type":"page","link":"https:\/\/cms.bravobusinessmedia.com\/espace\/grohefr\/","title":{"rendered":"GroheFR"},"content":{"rendered":"\n<div class=\"wp-block-group container\"><div class=\"wp-block-group__inner-container is-layout-constrained wp-block-group-is-layout-constrained\">\n<div class=\"wp-block-columns is-layout-flex wp-container-core-columns-is-layout-9d6595d7 wp-block-columns-is-layout-flex\">\n<div class=\"wp-block-column is-layout-flow wp-block-column-is-layout-flow\" style=\"flex-basis:15%\">\n<figure role=\"none\" class=\"wp-block-image size-large\"><img loading=\"lazy\" decoding=\"async\" width=\"1024\" height=\"790\" src=\"https:\/\/cms.bravobusinessmedia.com\/espace\/wp-content\/uploads\/sites\/14\/2024\/02\/grohe-1-1024x790.jpeg\" alt=\"\" class=\"wp-image-1408\" srcset=\"https:\/\/cms.bravobusinessmedia.com\/espace\/wp-content\/uploads\/sites\/14\/2024\/02\/grohe-1-1024x790.jpeg 1024w, https:\/\/cms.bravobusinessmedia.com\/espace\/wp-content\/uploads\/sites\/14\/2024\/02\/grohe-1-300x231.jpeg 300w, https:\/\/cms.bravobusinessmedia.com\/espace\/wp-content\/uploads\/sites\/14\/2024\/02\/grohe-1-768x592.jpeg 768w, https:\/\/cms.bravobusinessmedia.com\/espace\/wp-content\/uploads\/sites\/14\/2024\/02\/grohe-1.jpeg 1533w\" sizes=\"auto, (max-width: 1024px) 100vw, 1024px\" \/><\/figure>\n<\/div>\n\n\n\n<div class=\"wp-block-column is-vertically-aligned-center is-layout-flow wp-block-column-is-layout-flow\" style=\"flex-basis:85%\">\n<p class=\"text-left espace-heading text-primary mb-0 text-uppercase\">NOUVELLES EXCLUSIVIT\u00c9S GROHE EN BOUTIQUE<\/p>\n<\/div>\n<\/div>\n\n\n\n<p class=\"py-3\">Nouvelles collections exclusives de c\u00e9ramiques et de robinetterie Grohe. Disponibles pour la premi\u00e8re fois au Qu\u00e9bec.<\/p>\n\n\n\n<h2 class=\"wp-block-heading espace-heading font-weight-bold\" id=\"h-les-nouvelles-collections\">Les nouvelles collections<\/h2>\n\n\n\n<div class=\"wp-block-columns is-layout-flex wp-container-core-columns-is-layout-9d6595d7 wp-block-columns-is-layout-flex\">\n<div class=\"wp-block-column card border-0 is-layout-flow wp-block-column-is-layout-flow\">\n<div class=\"wp-block-group\"><div class=\"wp-block-group__inner-container is-layout-constrained wp-block-group-is-layout-constrained\">\n<figure role=\"none\" class=\"wp-block-image size-full card-img\"><img loading=\"lazy\" decoding=\"async\" width=\"300\" height=\"300\" src=\"https:\/\/cms.bravobusinessmedia.com\/espace\/wp-content\/uploads\/sites\/14\/2024\/02\/2essence.jpeg\" alt=\"\" class=\"wp-image-1410\" srcset=\"https:\/\/cms.bravobusinessmedia.com\/espace\/wp-content\/uploads\/sites\/14\/2024\/02\/2essence.jpeg 300w, https:\/\/cms.bravobusinessmedia.com\/espace\/wp-content\/uploads\/sites\/14\/2024\/02\/2essence-150x150.jpeg 150w\" sizes=\"auto, (max-width: 300px) 100vw, 300px\" \/><\/figure>\n\n\n\n<p class=\"btn btn-primary btn-lg btn-block text-uppercase py-2 mb-4\"><a href=\"\/Grohe-exclusive-Essence-v16.htm\">D\u00e9couvrir<span class=\"fa fa-angle-double-right\" aria-hidden=\"true\"><\/span><\/a><\/p>\n<\/div><\/div>\n<\/div>\n\n\n\n<div class=\"wp-block-column card border-0 is-layout-flow wp-block-column-is-layout-flow\">\n<div class=\"wp-block-group\"><div class=\"wp-block-group__inner-container is-layout-constrained wp-block-group-is-layout-constrained\">\n<figure role=\"none\" class=\"wp-block-image size-full card-img\"><img loading=\"lazy\" decoding=\"async\" width=\"300\" height=\"300\" src=\"https:\/\/cms.bravobusinessmedia.com\/espace\/wp-content\/uploads\/sites\/14\/2024\/02\/3eurocube.jpeg\" alt=\"\" class=\"wp-image-1412\" srcset=\"https:\/\/cms.bravobusinessmedia.com\/espace\/wp-content\/uploads\/sites\/14\/2024\/02\/3eurocube.jpeg 300w, https:\/\/cms.bravobusinessmedia.com\/espace\/wp-content\/uploads\/sites\/14\/2024\/02\/3eurocube-150x150.jpeg 150w\" sizes=\"auto, (max-width: 300px) 100vw, 300px\" \/><\/figure>\n\n\n\n<p class=\"btn btn-primary btn-lg btn-block text-uppercase py-2 mb-4\"><a href=\"\/Grohe-exclusive-Eurocube-v16.htm\">D\u00e9couvrir<span class=\"fa fa-angle-double-right\" aria-hidden=\"true\"><\/span><\/a><\/p>\n<\/div><\/div>\n<\/div>\n\n\n\n<div class=\"wp-block-column card border-0 is-layout-flow wp-block-column-is-layout-flow\">\n<div class=\"wp-block-group\"><div class=\"wp-block-group__inner-container is-layout-constrained wp-block-group-is-layout-constrained\">\n<figure role=\"none\" class=\"wp-block-image size-full card-img\"><img loading=\"lazy\" decoding=\"async\" width=\"300\" height=\"300\" src=\"https:\/\/cms.bravobusinessmedia.com\/espace\/wp-content\/uploads\/sites\/14\/2024\/02\/1defined.jpeg\" alt=\"\" class=\"wp-image-1414\" srcset=\"https:\/\/cms.bravobusinessmedia.com\/espace\/wp-content\/uploads\/sites\/14\/2024\/02\/1defined.jpeg 300w, https:\/\/cms.bravobusinessmedia.com\/espace\/wp-content\/uploads\/sites\/14\/2024\/02\/1defined-150x150.jpeg 150w\" sizes=\"auto, (max-width: 300px) 100vw, 300px\" \/><\/figure>\n\n\n\n<p class=\"btn btn-primary btn-lg btn-block text-uppercase py-2 mb-4\"><a href=\"\/Grohe-exclusive-Defined-v16.htm\">D\u00e9couvrir<span class=\"fa fa-angle-double-right\" aria-hidden=\"true\"><\/span><\/a><\/p>\n<\/div><\/div>\n<\/div>\n<\/div>\n\n\n\n<div class=\"wp-block-columns my-5 is-layout-flex wp-container-core-columns-is-layout-9d6595d7 wp-block-columns-is-layout-flex\">\n<div class=\"wp-block-column is-layout-flow wp-block-column-is-layout-flow\" style=\"flex-basis:66.66%\">\n<h2 class=\"wp-block-heading espace-heading font-weight-bold py-lg-4\" id=\"h-collection-essence\">Collection ESSENCE<\/h2>\n\n\n\n<p><strong>Chasse puissante<\/strong><\/p>\n\n\n\n<p>Fonctionnement puissant de la chasse, con\u00e7ue pour \u00e9viter l&#8217;obstruction du siphon : nettoie la cuvette en une seule utilisation.<\/p>\n\n\n\n<p><strong>DreamClean<\/strong><\/p>\n\n\n\n<p>Nettoie la cuvette \u00e0 l&#8217;eau sous pression projet\u00e9e du rebord \u00e0 chaque chasse.<\/p>\n\n\n\n<p><strong>InfrinaBright<\/strong><\/p>\n\n\n\n<p>Est une surface \u00e0 double rev\u00eatement pour pr\u00e9venir la formation de bact\u00e9ries et de moisissures pouvant causer des t\u00e2ches et des odeurs.<\/p>\n\n\n\n<p><strong>Si\u00e8ge \u00e0 d\u00e9gagement rapide<\/strong><\/p>\n\n\n\n<p>Sur simple pression d&#8217;un bouton, vous pouvez retirer et r\u00e9installer le si\u00e8ge pour un nettoyage rapide, facile et irr\u00e9prochable.<\/p>\n\n\n\n<p><strong>Si\u00e8ge et couvercle \u00e0 fermeture lente<\/strong><\/p>\n\n\n\n<p>Ce mouvement lent et pr\u00e9cautionneux est con\u00e7u pour \u00e9liminer le bruit et l&#8217;inconfort d&#8217;un claquement du si\u00e8ge.<\/p>\n\n\n\n<p class=\"btn btn-primary btn-lg text-uppercase mb-3\"><a href=\"\/Grohe-exclusive-Essence-v16.htm\">D\u00e9couvrir<span class=\"fa fa-angle-double-right\" aria-hidden=\"true\"><\/span><\/a><\/p>\n<\/div>\n\n\n\n<div class=\"wp-block-column is-layout-flow wp-block-column-is-layout-flow\" style=\"flex-basis:33.33%\">\n<figure role=\"none\" class=\"wp-block-image size-large img-fluid\"><img loading=\"lazy\" decoding=\"async\" width=\"768\" height=\"1024\" src=\"https:\/\/cms.bravobusinessmedia.com\/espace\/wp-content\/uploads\/sites\/14\/2024\/02\/B-39676000-768x1024.jpeg\" alt=\"\" class=\"wp-image-1416\" srcset=\"https:\/\/cms.bravobusinessmedia.com\/espace\/wp-content\/uploads\/sites\/14\/2024\/02\/B-39676000-768x1024.jpeg 768w, https:\/\/cms.bravobusinessmedia.com\/espace\/wp-content\/uploads\/sites\/14\/2024\/02\/B-39676000-225x300.jpeg 225w, https:\/\/cms.bravobusinessmedia.com\/espace\/wp-content\/uploads\/sites\/14\/2024\/02\/B-39676000-1152x1536.jpeg 1152w, https:\/\/cms.bravobusinessmedia.com\/espace\/wp-content\/uploads\/sites\/14\/2024\/02\/B-39676000.jpeg 1500w\" sizes=\"auto, (max-width: 768px) 100vw, 768px\" \/><\/figure>\n<\/div>\n<\/div>\n\n\n\n<div class=\"wp-block-columns my-5 is-layout-flex wp-container-core-columns-is-layout-9d6595d7 wp-block-columns-is-layout-flex\">\n<div class=\"wp-block-column is-layout-flow wp-block-column-is-layout-flow\" style=\"flex-basis:66.66%\">\n<h2 class=\"wp-block-heading espace-heading font-weight-bold py-lg-4\" id=\"h-collection-eurocube\">Collection EUROCUBE<\/h2>\n\n\n\n<p class=\"lead\">Pour un style \u00e9pur\u00e9 et sur mesure, des lignes claires et des angles pr\u00e9cis.<\/p>\n\n\n\n<p><strong>Si\u00e8ge \u00e0 d\u00e9gagement rapide<\/strong><\/p>\n\n\n\n<p>Sur simple pression d&#8217;un bouton, vous pouvez retirer et r\u00e9installer le si\u00e8ge pour un nettoyage rapide, facile et irr\u00e9prochable.<\/p>\n\n\n\n<p><strong>Si\u00e8ge et couvercle \u00e0 fermeture lente<\/strong><\/p>\n\n\n\n<p>Ce mouvement lent et pr\u00e9cautionneux est con\u00e7u pour \u00e9liminer le bruit et l&#8217;inconfort d&#8217;un claquement du si\u00e8ge.<\/p>\n\n\n\n<p><strong>Chasse puissante<\/strong><\/p>\n\n\n\n<p>Fonctionnement puissant de la chasse, con\u00e7ue pour \u00e9viter l&#8217;obstruction du siphon : nettoie la cuvette en une seule utilisation.<\/p>\n\n\n\n<p><strong>DREAMCLEAN\u2122<\/strong><\/p>\n\n\n\n<p>Nettoie la cuvette \u00e0 l&#8217;eau sous pression prot\u00e9g\u00e9e du rebord \u00e0 chaque chasse.<\/p>\n\n\n\n<p><strong>INFINABRIGHT\u2122<\/strong><\/p>\n\n\n\n<p>est une surface \u00e0 double rev\u00eatement pour pr\u00e9venir la formation de bact\u00e9ries et de moisissures pouvant causer des t\u00e2ches et des odeurs.<\/p>\n\n\n\n<p class=\"btn btn-primary btn-lg text-uppercase mb-3\"><a href=\"\/Grohe-exclusive-Eurocube-v16.htm\">D\u00e9couvrir<span class=\"fa fa-angle-double-right\" aria-hidden=\"true\"><\/span><\/a><\/p>\n<\/div>\n\n\n\n<div class=\"wp-block-column is-layout-flow wp-block-column-is-layout-flow\" style=\"flex-basis:33.33%\">\n<figure role=\"none\" class=\"wp-block-image size-large img-fluid\"><img loading=\"lazy\" decoding=\"async\" width=\"1024\" height=\"1024\" src=\"https:\/\/cms.bravobusinessmedia.com\/espace\/wp-content\/uploads\/sites\/14\/2024\/02\/eurocube-grohe-1024x1024.jpeg\" alt=\"\" class=\"wp-image-1419\" srcset=\"https:\/\/cms.bravobusinessmedia.com\/espace\/wp-content\/uploads\/sites\/14\/2024\/02\/eurocube-grohe-1024x1024.jpeg 1024w, https:\/\/cms.bravobusinessmedia.com\/espace\/wp-content\/uploads\/sites\/14\/2024\/02\/eurocube-grohe-300x300.jpeg 300w, https:\/\/cms.bravobusinessmedia.com\/espace\/wp-content\/uploads\/sites\/14\/2024\/02\/eurocube-grohe-150x150.jpeg 150w, https:\/\/cms.bravobusinessmedia.com\/espace\/wp-content\/uploads\/sites\/14\/2024\/02\/eurocube-grohe-768x768.jpeg 768w, https:\/\/cms.bravobusinessmedia.com\/espace\/wp-content\/uploads\/sites\/14\/2024\/02\/eurocube-grohe.jpeg 1200w\" sizes=\"auto, (max-width: 1024px) 100vw, 1024px\" \/><\/figure>\n<\/div>\n<\/div>\n\n\n\n<div class=\"wp-block-columns my-5 is-layout-flex wp-container-core-columns-is-layout-9d6595d7 wp-block-columns-is-layout-flex\">\n<div class=\"wp-block-column is-layout-flow wp-block-column-is-layout-flow\" style=\"flex-basis:66.66%\">\n<h2 class=\"wp-block-heading espace-heading font-weight-bold py-lg-5\" id=\"h-collection-defined\">Collection DEFINED<\/h2>\n\n\n\n<p class=\"lead\">Les lignes fluides et harmonieuses pr\u00e9sentent un style contemporain.<\/p>\n\n\n\n<p><strong>Si\u00e8ge \u00e0 d\u00e9gagement rapide<\/strong><\/p>\n\n\n\n<p>Sur simple pression d&#8217;un bouton, vous pouvez retirer et r\u00e9installer le si\u00e8ge pour un nettoyage rapide, facile et irr\u00e9prochable.<\/p>\n\n\n\n<p><strong>GROHE DREAMSPRAY<\/strong><\/p>\n\n\n\n<p>Des douches innovantes de qualit\u00e9 pour une sensation de luxe revigorant et de bien-\u00eatre.<\/p>\n\n\n\n<p><strong>SPEED CLEAN<\/strong><\/p>\n\n\n\n<p>\u00c9liminez le calcaire en un seul geste.<\/p>\n\n\n\n<p><strong>GROHE ECOJOY<\/strong><\/p>\n\n\n\n<p>\u00c9conomisez de pr\u00e9cieuses ressources et profitez de l&#8217;eau en tout confort.<\/p>\n\n\n\n<p><strong>GROHE SILKMOVE<\/strong><\/p>\n\n\n\n<p>Une manipulation tout en douceur pour une pr\u00e9cision sans effort et un confort absolu, \u00e0 vie.<\/p>\n\n\n\n<p><strong>GROHE STARLIGHT<\/strong><\/p>\n\n\n\n<p>Surfaces durables allant d&#8217;un mat pr\u00e9cieux \u00e0 un brillant de diamant.<\/p>\n\n\n\n<p class=\"btn btn-primary btn-lg text-uppercase mb-3\"><a href=\"https:\/\/espace.bravoadmin3.com\/en\/Grohe-exclusive-Defined-v16.htm\">D\u00e9couvrir<span class=\"fa fa-angle-double-right\" aria-hidden=\"true\"><\/span><\/a><\/p>\n<\/div>\n\n\n\n<div class=\"wp-block-column is-layout-flow wp-block-column-is-layout-flow\" style=\"flex-basis:33.33%\">\n<figure role=\"none\" class=\"wp-block-image size-large img-fluid\"><img loading=\"lazy\" decoding=\"async\" width=\"789\" height=\"1024\" src=\"https:\/\/cms.bravobusinessmedia.com\/espace\/wp-content\/uploads\/sites\/14\/2024\/02\/defined-grohe-789x1024.jpeg\" alt=\"\" class=\"wp-image-1420\" srcset=\"https:\/\/cms.bravobusinessmedia.com\/espace\/wp-content\/uploads\/sites\/14\/2024\/02\/defined-grohe-789x1024.jpeg 789w, https:\/\/cms.bravobusinessmedia.com\/espace\/wp-content\/uploads\/sites\/14\/2024\/02\/defined-grohe-231x300.jpeg 231w, https:\/\/cms.bravobusinessmedia.com\/espace\/wp-content\/uploads\/sites\/14\/2024\/02\/defined-grohe-768x997.jpeg 768w, https:\/\/cms.bravobusinessmedia.com\/espace\/wp-content\/uploads\/sites\/14\/2024\/02\/defined-grohe.jpeg 804w\" sizes=\"auto, (max-width: 789px) 100vw, 789px\" \/><\/figure>\n<\/div>\n<\/div>\n<\/div><\/div>\n","protected":false},"excerpt":{"rendered":"<p>NOUVELLES EXCLUSIVIT\u00c9S GROHE EN BOUTIQUE Nouvelles collections exclusives de c\u00e9ramiques et de robinetterie Grohe. Disponibles pour la premi\u00e8re fois au Qu\u00e9bec. Les nouvelles collections D\u00e9couvrir D\u00e9couvrir D\u00e9couvrir Collection ESSENCE Chasse puissante Fonctionnement puissant de la chasse, con\u00e7ue pour \u00e9viter l&#8217;obstruction du siphon : nettoie la cuvette en une seule utilisation. DreamClean Nettoie la cuvette \u00e0 [&hellip;]<\/p>\n","protected":false},"author":22,"featured_media":0,"parent":0,"menu_order":0,"comment_status":"closed","ping_status":"closed","template":"","meta":{"_acf_changed":false,"footnotes":""},"class_list":["post-1423","page","type-page","status-publish","hentry"],"acf":{"seo_keywords":""},"yoast_head":"<!-- This site is optimized with the Yoast SEO Premium plugin v25.4 (Yoast SEO v27.3) - https:\/\/yoast.com\/product\/yoast-seo-premium-wordpress\/ -->\n<title>GroheFR - Espace Plomberium<\/title>\n<meta name=\"robots\" content=\"index, follow, max-snippet:-1, max-image-preview:large, max-video-preview:-1\" \/>\n<link rel=\"canonical\" href=\"https:\/\/cms.bravobusinessmedia.com\/espace\/grohefr\/\" \/>\n<meta property=\"og:locale\" content=\"en_US\" \/>\n<meta property=\"og:type\" content=\"article\" \/>\n<meta property=\"og:title\" content=\"GroheFR\" \/>\n<meta property=\"og:description\" content=\"NOUVELLES EXCLUSIVIT\u00c9S GROHE EN BOUTIQUE Nouvelles collections exclusives de c\u00e9ramiques et de robinetterie Grohe. Disponibles pour la premi\u00e8re fois au Qu\u00e9bec. Les nouvelles collections D\u00e9couvrir D\u00e9couvrir D\u00e9couvrir Collection ESSENCE Chasse puissante Fonctionnement puissant de la chasse, con\u00e7ue pour \u00e9viter l&#8217;obstruction du siphon : nettoie la cuvette en une seule utilisation. DreamClean Nettoie la cuvette \u00e0 [&hellip;]\" \/>\n<meta property=\"og:url\" content=\"https:\/\/cms.bravobusinessmedia.com\/espace\/grohefr\/\" \/>\n<meta property=\"og:site_name\" content=\"Espace Plomberium\" \/>\n<meta property=\"article:modified_time\" content=\"2024-08-13T12:55:59+00:00\" \/>\n<meta property=\"og:image\" content=\"https:\/\/cms.bravobusinessmedia.com\/espace\/wp-content\/uploads\/sites\/14\/2024\/02\/grohe-1-1024x790.jpeg\" \/>\n<meta name=\"twitter:card\" content=\"summary_large_image\" \/>\n<meta name=\"twitter:label1\" content=\"Est. reading time\" \/>\n\t<meta name=\"twitter:data1\" content=\"3 minutes\" \/>\n<script type=\"application\/ld+json\" class=\"yoast-schema-graph\">{\"@context\":\"https:\\\/\\\/schema.org\",\"@graph\":[{\"@type\":\"WebPage\",\"@id\":\"https:\\\/\\\/cms.bravobusinessmedia.com\\\/espace\\\/grohefr\\\/\",\"url\":\"https:\\\/\\\/cms.bravobusinessmedia.com\\\/espace\\\/grohefr\\\/\",\"name\":\"GroheFR - Espace Plomberium\",\"isPartOf\":{\"@id\":\"https:\\\/\\\/cms.bravobusinessmedia.com\\\/espace\\\/#website\"},\"primaryImageOfPage\":{\"@id\":\"https:\\\/\\\/cms.bravobusinessmedia.com\\\/espace\\\/grohefr\\\/#primaryimage\"},\"image\":{\"@id\":\"https:\\\/\\\/cms.bravobusinessmedia.com\\\/espace\\\/grohefr\\\/#primaryimage\"},\"thumbnailUrl\":\"https:\\\/\\\/cms.bravobusinessmedia.com\\\/espace\\\/wp-content\\\/uploads\\\/sites\\\/14\\\/2024\\\/02\\\/grohe-1-1024x790.jpeg\",\"datePublished\":\"2024-02-28T04:47:30+00:00\",\"dateModified\":\"2024-08-13T12:55:59+00:00\",\"breadcrumb\":{\"@id\":\"https:\\\/\\\/cms.bravobusinessmedia.com\\\/espace\\\/grohefr\\\/#breadcrumb\"},\"inLanguage\":\"en-US\",\"potentialAction\":[{\"@type\":\"ReadAction\",\"target\":[\"https:\\\/\\\/cms.bravobusinessmedia.com\\\/espace\\\/grohefr\\\/\"]}]},{\"@type\":\"ImageObject\",\"inLanguage\":\"en-US\",\"@id\":\"https:\\\/\\\/cms.bravobusinessmedia.com\\\/espace\\\/grohefr\\\/#primaryimage\",\"url\":\"https:\\\/\\\/cms.bravobusinessmedia.com\\\/espace\\\/wp-content\\\/uploads\\\/sites\\\/14\\\/2024\\\/02\\\/grohe-1.jpeg\",\"contentUrl\":\"https:\\\/\\\/cms.bravobusinessmedia.com\\\/espace\\\/wp-content\\\/uploads\\\/sites\\\/14\\\/2024\\\/02\\\/grohe-1.jpeg\",\"width\":1533,\"height\":1182},{\"@type\":\"BreadcrumbList\",\"@id\":\"https:\\\/\\\/cms.bravobusinessmedia.com\\\/espace\\\/grohefr\\\/#breadcrumb\",\"itemListElement\":[{\"@type\":\"ListItem\",\"position\":1,\"name\":\"Home\",\"item\":\"https:\\\/\\\/cms.bravobusinessmedia.com\\\/espace\\\/\"},{\"@type\":\"ListItem\",\"position\":2,\"name\":\"GroheFR\"}]},{\"@type\":\"WebSite\",\"@id\":\"https:\\\/\\\/cms.bravobusinessmedia.com\\\/espace\\\/#website\",\"url\":\"https:\\\/\\\/cms.bravobusinessmedia.com\\\/espace\\\/\",\"name\":\"Espace Plomberium\",\"description\":\"\",\"potentialAction\":[{\"@type\":\"SearchAction\",\"target\":{\"@type\":\"EntryPoint\",\"urlTemplate\":\"https:\\\/\\\/cms.bravobusinessmedia.com\\\/espace\\\/?s={search_term_string}\"},\"query-input\":{\"@type\":\"PropertyValueSpecification\",\"valueRequired\":true,\"valueName\":\"search_term_string\"}}],\"inLanguage\":\"en-US\"}]}<\/script>\n<!-- \/ Yoast SEO Premium plugin. -->","yoast_head_json":{"title":"GroheFR - Espace Plomberium","robots":{"index":"index","follow":"follow","max-snippet":"max-snippet:-1","max-image-preview":"max-image-preview:large","max-video-preview":"max-video-preview:-1"},"canonical":"https:\/\/cms.bravobusinessmedia.com\/espace\/grohefr\/","og_locale":"en_US","og_type":"article","og_title":"GroheFR","og_description":"NOUVELLES EXCLUSIVIT\u00c9S GROHE EN BOUTIQUE Nouvelles collections exclusives de c\u00e9ramiques et de robinetterie Grohe. Disponibles pour la premi\u00e8re fois au Qu\u00e9bec. Les nouvelles collections D\u00e9couvrir D\u00e9couvrir D\u00e9couvrir Collection ESSENCE Chasse puissante Fonctionnement puissant de la chasse, con\u00e7ue pour \u00e9viter l&#8217;obstruction du siphon : nettoie la cuvette en une seule utilisation. DreamClean Nettoie la cuvette \u00e0 [&hellip;]","og_url":"https:\/\/cms.bravobusinessmedia.com\/espace\/grohefr\/","og_site_name":"Espace Plomberium","article_modified_time":"2024-08-13T12:55:59+00:00","og_image":[{"url":"https:\/\/cms.bravobusinessmedia.com\/espace\/wp-content\/uploads\/sites\/14\/2024\/02\/grohe-1-1024x790.jpeg","type":"","width":"","height":""}],"twitter_card":"summary_large_image","twitter_misc":{"Est. reading time":"3 minutes"},"schema":{"@context":"https:\/\/schema.org","@graph":[{"@type":"WebPage","@id":"https:\/\/cms.bravobusinessmedia.com\/espace\/grohefr\/","url":"https:\/\/cms.bravobusinessmedia.com\/espace\/grohefr\/","name":"GroheFR - Espace Plomberium","isPartOf":{"@id":"https:\/\/cms.bravobusinessmedia.com\/espace\/#website"},"primaryImageOfPage":{"@id":"https:\/\/cms.bravobusinessmedia.com\/espace\/grohefr\/#primaryimage"},"image":{"@id":"https:\/\/cms.bravobusinessmedia.com\/espace\/grohefr\/#primaryimage"},"thumbnailUrl":"https:\/\/cms.bravobusinessmedia.com\/espace\/wp-content\/uploads\/sites\/14\/2024\/02\/grohe-1-1024x790.jpeg","datePublished":"2024-02-28T04:47:30+00:00","dateModified":"2024-08-13T12:55:59+00:00","breadcrumb":{"@id":"https:\/\/cms.bravobusinessmedia.com\/espace\/grohefr\/#breadcrumb"},"inLanguage":"en-US","potentialAction":[{"@type":"ReadAction","target":["https:\/\/cms.bravobusinessmedia.com\/espace\/grohefr\/"]}]},{"@type":"ImageObject","inLanguage":"en-US","@id":"https:\/\/cms.bravobusinessmedia.com\/espace\/grohefr\/#primaryimage","url":"https:\/\/cms.bravobusinessmedia.com\/espace\/wp-content\/uploads\/sites\/14\/2024\/02\/grohe-1.jpeg","contentUrl":"https:\/\/cms.bravobusinessmedia.com\/espace\/wp-content\/uploads\/sites\/14\/2024\/02\/grohe-1.jpeg","width":1533,"height":1182},{"@type":"BreadcrumbList","@id":"https:\/\/cms.bravobusinessmedia.com\/espace\/grohefr\/#breadcrumb","itemListElement":[{"@type":"ListItem","position":1,"name":"Home","item":"https:\/\/cms.bravobusinessmedia.com\/espace\/"},{"@type":"ListItem","position":2,"name":"GroheFR"}]},{"@type":"WebSite","@id":"https:\/\/cms.bravobusinessmedia.com\/espace\/#website","url":"https:\/\/cms.bravobusinessmedia.com\/espace\/","name":"Espace Plomberium","description":"","potentialAction":[{"@type":"SearchAction","target":{"@type":"EntryPoint","urlTemplate":"https:\/\/cms.bravobusinessmedia.com\/espace\/?s={search_term_string}"},"query-input":{"@type":"PropertyValueSpecification","valueRequired":true,"valueName":"search_term_string"}}],"inLanguage":"en-US"}]}},"lang":"en","translations":{"en":1423},"pll_sync_post":[],"_links":{"self":[{"href":"https:\/\/cms.bravobusinessmedia.com\/espace\/wp-json\/wp\/v2\/pages\/1423","targetHints":{"allow":["GET"]}}],"collection":[{"href":"https:\/\/cms.bravobusinessmedia.com\/espace\/wp-json\/wp\/v2\/pages"}],"about":[{"href":"https:\/\/cms.bravobusinessmedia.com\/espace\/wp-json\/wp\/v2\/types\/page"}],"author":[{"embeddable":true,"href":"https:\/\/cms.bravobusinessmedia.com\/espace\/wp-json\/wp\/v2\/users\/22"}],"replies":[{"embeddable":true,"href":"https:\/\/cms.bravobusinessmedia.com\/espace\/wp-json\/wp\/v2\/comments?post=1423"}],"version-history":[{"count":0,"href":"https:\/\/cms.bravobusinessmedia.com\/espace\/wp-json\/wp\/v2\/pages\/1423\/revisions"}],"wp:attachment":[{"href":"https:\/\/cms.bravobusinessmedia.com\/espace\/wp-json\/wp\/v2\/media?parent=1423"}],"curies":[{"name":"wp","href":"https:\/\/api.w.org\/{rel}","templated":true}]}}