{"id":1441,"date":"2024-02-28T05:13:14","date_gmt":"2024-02-28T05:13:14","guid":{"rendered":"https:\/\/cms.bravobusinessmedia.com\/espace\/?page_id=1441"},"modified":"2024-08-13T12:58:09","modified_gmt":"2024-08-13T12:58:09","slug":"house-of-rohlfr","status":"publish","type":"page","link":"https:\/\/cms.bravobusinessmedia.com\/espace\/house-of-rohlfr\/","title":{"rendered":"House of RohlFR"},"content":{"rendered":"\n<div class=\"wp-block-group container\"><div class=\"wp-block-group__inner-container is-layout-constrained wp-block-group-is-layout-constrained\"><div class=\"wp-block-image\">\n<figure role=\"none\" class=\"aligncenter size-full\"><img loading=\"lazy\" decoding=\"async\" width=\"400\" height=\"183\" src=\"https:\/\/cms.bravobusinessmedia.com\/espace\/wp-content\/uploads\/sites\/14\/2024\/02\/houseofrohl-logo.png\" alt=\"\" class=\"wp-image-1425\" srcset=\"https:\/\/cms.bravobusinessmedia.com\/espace\/wp-content\/uploads\/sites\/14\/2024\/02\/houseofrohl-logo.png 400w, https:\/\/cms.bravobusinessmedia.com\/espace\/wp-content\/uploads\/sites\/14\/2024\/02\/houseofrohl-logo-300x137.png 300w\" sizes=\"auto, (max-width: 400px) 100vw, 400px\" \/><\/figure>\n<\/div>\n\n\n<h1 class=\"wp-block-heading espace-heading text-primary h4 py-2 text-uppercase font-weight-bold\" id=\"h-des-vies-qui-s-epanouissent-avec-les-produits-house-of-rohl\">Des Vies Qui S&#8217;\u00c9panouissent Avec Les Produits House Of Rohl<sup>\u00ae<\/sup><\/h1>\n\n\n\n<p class=\"mt-2 mb-2\">House of Rohl<sup>\u00ae<\/sup>&nbsp;c&#8217;est un portefeuille de cinq marques de plomberie d\u00e9corative de luxe provenant des quatre coins du monde qui vous permet de raconter le chef-d&#8217;oeuvre de votre propre vie.<\/p>\n\n\n\n<p class=\"pb-3\">Parmi ces marques, quatre d&#8217;entre elles offertes des gammes de produits pour la cuisine : Riobel<sup>\u00ae<\/sup>, Perrin &amp; Rowe<sup>\u00ae<\/sup>, Shaws<sup>\u00ae<\/sup>&nbsp;et ROHL<sup>\u00ae<\/sup>. Chaque marque poss\u00e8de sa propre histoire qui refl\u00e8te artisanat, lieu d&#8217;origine, et techniques sp\u00e9cialis\u00e9es pour donner naissance \u00e0 des collections intemporelles. Ensemble, elles insufflent \u00e0 votre cuisine une richesse exceptionnelle ancr\u00e9e dans la tradition, l&#8217;innovation et le design.<\/p>\n\n\n\n<div class=\"wp-block-columns pt-2 pb-5 is-layout-flex wp-container-core-columns-is-layout-9d6595d7 wp-block-columns-is-layout-flex\">\n<div class=\"wp-block-column is-layout-flow wp-block-column-is-layout-flow\" style=\"flex-basis:66.66%\">\n<hr class=\"wp-block-separator has-alpha-channel-opacity mt-5 mb-3  bg-dark\"\/>\n\n\n\n<figure role=\"none\" class=\"wp-block-image size-large\"><img loading=\"lazy\" decoding=\"async\" width=\"1024\" height=\"468\" src=\"https:\/\/cms.bravobusinessmedia.com\/espace\/wp-content\/uploads\/sites\/14\/2024\/02\/house-of-rohl-banner1-1024x468.jpeg\" alt=\"\" class=\"wp-image-1427\" srcset=\"https:\/\/cms.bravobusinessmedia.com\/espace\/wp-content\/uploads\/sites\/14\/2024\/02\/house-of-rohl-banner1-1024x468.jpeg 1024w, https:\/\/cms.bravobusinessmedia.com\/espace\/wp-content\/uploads\/sites\/14\/2024\/02\/house-of-rohl-banner1-300x137.jpeg 300w, https:\/\/cms.bravobusinessmedia.com\/espace\/wp-content\/uploads\/sites\/14\/2024\/02\/house-of-rohl-banner1-768x351.jpeg 768w, https:\/\/cms.bravobusinessmedia.com\/espace\/wp-content\/uploads\/sites\/14\/2024\/02\/house-of-rohl-banner1.jpeg 1200w\" sizes=\"auto, (max-width: 1024px) 100vw, 1024px\" \/><\/figure>\n\n\n\n<div class=\"wp-block-group d-flex align-items-center justify-content-start flex-wrap is-nowrap is-layout-flex wp-container-core-group-is-layout-ad2f72ca wp-block-group-is-layout-flex\">\n<figure role=\"none\" class=\"wp-block-image size-full\"><img loading=\"lazy\" decoding=\"async\" width=\"253\" height=\"91\" src=\"https:\/\/cms.bravobusinessmedia.com\/espace\/wp-content\/uploads\/sites\/14\/2024\/02\/Riobel-logo.png\" alt=\"\" class=\"wp-image-1428\"\/><\/figure>\n\n\n\n<p class=\"text-primary pt-2\">Le luxe con\u00e7u pour la vraie vie<\/p>\n<\/div>\n\n\n\n<p class=\"mb-2\">Originaire du Qu\u00e9bec, Riobel<sup>\u00ae<\/sup>&nbsp;m\u00e9lange panache europ\u00e9en et instinct nord-am\u00e9ricain dans un style simple et assum\u00e9. Derni\u00e8res technologies et syst\u00e8mes brevet\u00e9s s&#8217;int\u00e8grent dans un design remarquable gr\u00e2ce \u00e0 l&#8217;innovation et l&#8217;ing\u00e9niosit\u00e9. La sym\u00e9trie est au coeur des formes g\u00e9om\u00e9triques et des angles architecturaux qui caract\u00e9risent nos collections prim\u00e9es et intemporelles. En y associant des performances in\u00e9gal\u00e9es, Riobel<sup>\u00ae<\/sup>&nbsp;c&#8217;est le luxe con\u00e7u pour la vraie vie.<\/p>\n\n\n\n<figure role=\"none\" class=\"wp-block-image size-full text-left\"><a href=\"\/Riobel-Cuisine-v12.htm\"><img loading=\"lazy\" decoding=\"async\" width=\"200\" height=\"49\" src=\"https:\/\/cms.bravobusinessmedia.com\/espace\/wp-content\/uploads\/sites\/14\/2024\/02\/house-of-rohl-Button.png\" alt=\"\" class=\"wp-image-1429\"\/><\/a><\/figure>\n<\/div>\n\n\n\n<div class=\"wp-block-column is-layout-flow wp-block-column-is-layout-flow\" style=\"flex-basis:33.33%\">\n<figure role=\"none\" class=\"wp-block-image size-full\"><img loading=\"lazy\" decoding=\"async\" width=\"350\" height=\"551\" src=\"https:\/\/cms.bravobusinessmedia.com\/espace\/wp-content\/uploads\/sites\/14\/2024\/02\/house-of-rohl-banner2.jpeg\" alt=\"\" class=\"wp-image-1426\" srcset=\"https:\/\/cms.bravobusinessmedia.com\/espace\/wp-content\/uploads\/sites\/14\/2024\/02\/house-of-rohl-banner2.jpeg 350w, https:\/\/cms.bravobusinessmedia.com\/espace\/wp-content\/uploads\/sites\/14\/2024\/02\/house-of-rohl-banner2-191x300.jpeg 191w\" sizes=\"auto, (max-width: 350px) 100vw, 350px\" \/><\/figure>\n<\/div>\n<\/div>\n\n\n\n<div class=\"wp-block-columns pt-2 pb-5 is-layout-flex wp-container-core-columns-is-layout-9d6595d7 wp-block-columns-is-layout-flex\">\n<div class=\"wp-block-column is-layout-flow wp-block-column-is-layout-flow\" style=\"flex-basis:33.33%\">\n<figure role=\"none\" class=\"wp-block-image size-full\"><img loading=\"lazy\" decoding=\"async\" width=\"350\" height=\"551\" src=\"https:\/\/cms.bravobusinessmedia.com\/espace\/wp-content\/uploads\/sites\/14\/2024\/02\/house-of-rohl-banner3.jpeg\" alt=\"\" class=\"wp-image-1430\" srcset=\"https:\/\/cms.bravobusinessmedia.com\/espace\/wp-content\/uploads\/sites\/14\/2024\/02\/house-of-rohl-banner3.jpeg 350w, https:\/\/cms.bravobusinessmedia.com\/espace\/wp-content\/uploads\/sites\/14\/2024\/02\/house-of-rohl-banner3-191x300.jpeg 191w\" sizes=\"auto, (max-width: 350px) 100vw, 350px\" \/><\/figure>\n<\/div>\n\n\n\n<div class=\"wp-block-column is-layout-flow wp-block-column-is-layout-flow\" style=\"flex-basis:66.66%\">\n<figure role=\"none\" class=\"wp-block-image size-large\"><img loading=\"lazy\" decoding=\"async\" width=\"1024\" height=\"468\" src=\"https:\/\/cms.bravobusinessmedia.com\/espace\/wp-content\/uploads\/sites\/14\/2024\/02\/house-of-rohl-banner4-1024x468.jpeg\" alt=\"\" class=\"wp-image-1431\" srcset=\"https:\/\/cms.bravobusinessmedia.com\/espace\/wp-content\/uploads\/sites\/14\/2024\/02\/house-of-rohl-banner4-1024x468.jpeg 1024w, https:\/\/cms.bravobusinessmedia.com\/espace\/wp-content\/uploads\/sites\/14\/2024\/02\/house-of-rohl-banner4-300x137.jpeg 300w, https:\/\/cms.bravobusinessmedia.com\/espace\/wp-content\/uploads\/sites\/14\/2024\/02\/house-of-rohl-banner4-768x351.jpeg 768w, https:\/\/cms.bravobusinessmedia.com\/espace\/wp-content\/uploads\/sites\/14\/2024\/02\/house-of-rohl-banner4.jpeg 1200w\" sizes=\"auto, (max-width: 1024px) 100vw, 1024px\" \/><\/figure>\n\n\n\n<div class=\"wp-block-group d-flex align-items-center justify-content-start flex-wrap is-nowrap is-layout-flex wp-container-core-group-is-layout-ad2f72ca wp-block-group-is-layout-flex\">\n<figure role=\"none\" class=\"wp-block-image size-full\"><img loading=\"lazy\" decoding=\"async\" width=\"253\" height=\"91\" src=\"https:\/\/cms.bravobusinessmedia.com\/espace\/wp-content\/uploads\/sites\/14\/2024\/02\/perrin-rowe-logo.png\" alt=\"\" class=\"wp-image-1433\"\/><\/figure>\n\n\n\n<p class=\"text-primary pt-2\">Red\u00e9finis les plus hauts standards<\/p>\n<\/div>\n\n\n\n<p class=\"mb-2\">Inspir\u00e9s des plus beaux bijoux, les robinets Perrin &amp; Rowe<sup>\u00ae<\/sup>&nbsp;offrent des proportions parfaites. Pour cr\u00e9er le meilleur, nous faisons en sorte que les innovations les plus avant-gardistes rencontrent le summum de l\u2019artisanat britannique. \u00c9labor\u00e9s en Angleterre, nos produits exclusifs requi\u00e8rent un moulage et un polissage \u00e0 la main. Les designs unissent des r\u00e9interpr\u00e9tations contemporaines du pass\u00e9 avec les styles in\u00e9dits d\u2019aujourd\u2019hui. Fabriqu\u00e9 avec qualit\u00e9 et int\u00e9grit\u00e9, et con\u00e7u pour durer.<a href=\"https:\/\/www.espaceplomberium.com\/Perrin-and-rowe-Cuisine-v12.htm\"><\/a><\/p>\n\n\n\n<figure role=\"none\" class=\"wp-block-image size-full text-left\"><a href=\"\/Perrin-and-rowe-Cuisine-v12.htm\"><img loading=\"lazy\" decoding=\"async\" width=\"200\" height=\"49\" src=\"https:\/\/cms.bravobusinessmedia.com\/espace\/wp-content\/uploads\/sites\/14\/2024\/02\/house-of-rohl-Button.png\" alt=\"\" class=\"wp-image-1429\"\/><\/a><\/figure>\n<\/div>\n<\/div>\n\n\n\n<div class=\"wp-block-columns pt-2 pb-5 is-layout-flex wp-container-core-columns-is-layout-9d6595d7 wp-block-columns-is-layout-flex\">\n<div class=\"wp-block-column is-layout-flow wp-block-column-is-layout-flow\" style=\"flex-basis:66.66%\">\n<figure role=\"none\" class=\"wp-block-image size-large\"><img loading=\"lazy\" decoding=\"async\" width=\"1024\" height=\"468\" src=\"https:\/\/cms.bravobusinessmedia.com\/espace\/wp-content\/uploads\/sites\/14\/2024\/02\/house-of-rohl-banner5-1024x468.jpeg\" alt=\"\" class=\"wp-image-1436\" srcset=\"https:\/\/cms.bravobusinessmedia.com\/espace\/wp-content\/uploads\/sites\/14\/2024\/02\/house-of-rohl-banner5-1024x468.jpeg 1024w, https:\/\/cms.bravobusinessmedia.com\/espace\/wp-content\/uploads\/sites\/14\/2024\/02\/house-of-rohl-banner5-300x137.jpeg 300w, https:\/\/cms.bravobusinessmedia.com\/espace\/wp-content\/uploads\/sites\/14\/2024\/02\/house-of-rohl-banner5-768x351.jpeg 768w, https:\/\/cms.bravobusinessmedia.com\/espace\/wp-content\/uploads\/sites\/14\/2024\/02\/house-of-rohl-banner5.jpeg 1200w\" sizes=\"auto, (max-width: 1024px) 100vw, 1024px\" \/><\/figure>\n\n\n\n<div class=\"wp-block-group d-flex align-items-center justify-content-start flex-wrap is-nowrap is-layout-flex wp-container-core-group-is-layout-ad2f72ca wp-block-group-is-layout-flex\">\n<figure role=\"none\" class=\"wp-block-image size-full\"><img loading=\"lazy\" decoding=\"async\" width=\"253\" height=\"91\" src=\"https:\/\/cms.bravobusinessmedia.com\/espace\/wp-content\/uploads\/sites\/14\/2024\/02\/Shaws-logo.png\" alt=\"\" class=\"wp-image-1437\"\/><\/figure>\n\n\n\n<p class=\"text-primary pt-2\">Aussi unique que l&#8217;artisan qui l&#8217;a cr\u00e9\u00e9<\/p>\n<\/div>\n\n\n\n<p class=\"mb-2\">Depuis nos d\u00e9buts en Angleterre en 1897, chacun de nos \u00e9viers en argile r\u00e9fractaire est fait \u00e0 la main et sign\u00e9 par un seul ma\u00eetre artisan. Cuits \u00e0 des temp\u00e9ratures plus \u00e9lev\u00e9es que tout autre \u00e9vier en argile r\u00e9fractaire, ils traversent le temps et sont encore utilis\u00e9s dans des maisons anglaises centenaires. La beaut\u00e9 intemporelle s&#8217;adaptant partout, nos collections classiques et contemporaines s&#8217;int\u00e8grent parfaitement \u00e0 tous les d\u00e9cors. Shaws pour ceux qui aiment l&#8217;authentique, le vrai et qui l&#8217;assument.<a href=\"https:\/\/www.espaceplomberium.com\/Shaws-Cuisine-v12.htm\"><\/a><a href=\"https:\/\/www.espaceplomberium.com\/Perrin-and-rowe-Cuisine-v12.htm\"><\/a><\/p>\n\n\n\n<figure role=\"none\" class=\"wp-block-image size-full text-left\"><a href=\"\/Shaws-Cuisine-v12.htm\"><img loading=\"lazy\" decoding=\"async\" width=\"200\" height=\"49\" src=\"https:\/\/cms.bravobusinessmedia.com\/espace\/wp-content\/uploads\/sites\/14\/2024\/02\/house-of-rohl-Button.png\" alt=\"\" class=\"wp-image-1429\"\/><\/a><\/figure>\n<\/div>\n\n\n\n<div class=\"wp-block-column is-layout-flow wp-block-column-is-layout-flow\" style=\"flex-basis:33.33%\">\n<figure role=\"none\" class=\"wp-block-image size-full\"><img loading=\"lazy\" decoding=\"async\" width=\"350\" height=\"551\" src=\"https:\/\/cms.bravobusinessmedia.com\/espace\/wp-content\/uploads\/sites\/14\/2024\/02\/house-of-rohl-banner2.jpeg\" alt=\"\" class=\"wp-image-1426\" srcset=\"https:\/\/cms.bravobusinessmedia.com\/espace\/wp-content\/uploads\/sites\/14\/2024\/02\/house-of-rohl-banner2.jpeg 350w, https:\/\/cms.bravobusinessmedia.com\/espace\/wp-content\/uploads\/sites\/14\/2024\/02\/house-of-rohl-banner2-191x300.jpeg 191w\" sizes=\"auto, (max-width: 350px) 100vw, 350px\" \/><\/figure>\n<\/div>\n<\/div>\n\n\n\n<div class=\"wp-block-columns pt-2 pb-5 is-layout-flex wp-container-core-columns-is-layout-9d6595d7 wp-block-columns-is-layout-flex\">\n<div class=\"wp-block-column is-layout-flow wp-block-column-is-layout-flow\" style=\"flex-basis:33.33%\">\n<figure role=\"none\" class=\"wp-block-image size-full\"><img loading=\"lazy\" decoding=\"async\" width=\"300\" height=\"472\" src=\"https:\/\/cms.bravobusinessmedia.com\/espace\/wp-content\/uploads\/sites\/14\/2024\/02\/house-of-rohl-banner7.jpeg\" alt=\"\" class=\"wp-image-1438\" srcset=\"https:\/\/cms.bravobusinessmedia.com\/espace\/wp-content\/uploads\/sites\/14\/2024\/02\/house-of-rohl-banner7.jpeg 300w, https:\/\/cms.bravobusinessmedia.com\/espace\/wp-content\/uploads\/sites\/14\/2024\/02\/house-of-rohl-banner7-191x300.jpeg 191w\" sizes=\"auto, (max-width: 300px) 100vw, 300px\" \/><\/figure>\n<\/div>\n\n\n\n<div class=\"wp-block-column is-layout-flow wp-block-column-is-layout-flow\" style=\"flex-basis:66.66%\">\n<figure role=\"none\" class=\"wp-block-image size-large\"><img loading=\"lazy\" decoding=\"async\" width=\"1024\" height=\"468\" src=\"https:\/\/cms.bravobusinessmedia.com\/espace\/wp-content\/uploads\/sites\/14\/2024\/02\/house-of-rohl-banner8-1024x468.jpeg\" alt=\"\" class=\"wp-image-1439\" srcset=\"https:\/\/cms.bravobusinessmedia.com\/espace\/wp-content\/uploads\/sites\/14\/2024\/02\/house-of-rohl-banner8-1024x468.jpeg 1024w, https:\/\/cms.bravobusinessmedia.com\/espace\/wp-content\/uploads\/sites\/14\/2024\/02\/house-of-rohl-banner8-300x137.jpeg 300w, https:\/\/cms.bravobusinessmedia.com\/espace\/wp-content\/uploads\/sites\/14\/2024\/02\/house-of-rohl-banner8-768x351.jpeg 768w, https:\/\/cms.bravobusinessmedia.com\/espace\/wp-content\/uploads\/sites\/14\/2024\/02\/house-of-rohl-banner8.jpeg 1200w\" sizes=\"auto, (max-width: 1024px) 100vw, 1024px\" \/><\/figure>\n\n\n\n<div class=\"wp-block-group d-flex align-items-center justify-content-start flex-wrap is-nowrap is-layout-flex wp-container-core-group-is-layout-ad2f72ca wp-block-group-is-layout-flex\">\n<figure role=\"none\" class=\"wp-block-image size-full\"><img loading=\"lazy\" decoding=\"async\" width=\"253\" height=\"91\" src=\"https:\/\/cms.bravobusinessmedia.com\/espace\/wp-content\/uploads\/sites\/14\/2024\/02\/Rohl-logo.png\" alt=\"\" class=\"wp-image-1440\"\/><\/figure>\n\n\n\n<p class=\"text-primary pt-2\">La passion pour l\u2019exceptionnel<\/p>\n<\/div>\n\n\n\n<p class=\"mb-2\">Depuis nos d\u00e9buts en Angleterre en 1897, chacun de nos \u00e9viers en argile r\u00e9fractaire est fait \u00e0 la main et sign\u00e9 par un seul ma\u00eetre artisan. Cuits \u00e0 des temp\u00e9ratures plus \u00e9lev\u00e9es que tout autre \u00e9vier en argile r\u00e9fractaire, ils traversent le temps et sont encore utilis\u00e9s dans des maisons anglaises centenaires. La beaut\u00e9 intemporelle s\u2019adaptant partout, nos collections classiques et contemporaines s\u2019int\u00e8grent parfaitement \u00e0 tous les d\u00e9cors. Shaws pour ceux qui aiment l\u2019authentique, le vrai et qui l\u2019assument.<a href=\"https:\/\/www.espaceplomberium.com\/Rohl-Cuisine-v12.htm\"><\/a><a href=\"https:\/\/www.espaceplomberium.com\/Shaws-Cuisine-v12.htm\"><\/a><a href=\"https:\/\/www.espaceplomberium.com\/Perrin-and-rowe-Cuisine-v12.htm\"><\/a><\/p>\n\n\n\n<figure role=\"none\" class=\"wp-block-image size-full text-left\"><a href=\"\/Rohl-Cuisine-v12.htm\"><img loading=\"lazy\" decoding=\"async\" width=\"200\" height=\"49\" src=\"https:\/\/cms.bravobusinessmedia.com\/espace\/wp-content\/uploads\/sites\/14\/2024\/02\/house-of-rohl-Button.png\" alt=\"\" class=\"wp-image-1429\"\/><\/a><\/figure>\n<\/div>\n<\/div>\n<\/div><\/div>\n","protected":false},"excerpt":{"rendered":"<p>Des Vies Qui S&#8217;\u00c9panouissent Avec Les Produits House Of Rohl\u00ae House of Rohl\u00ae&nbsp;c&#8217;est un portefeuille de cinq marques de plomberie d\u00e9corative de luxe provenant des quatre coins du monde qui vous permet de raconter le chef-d&#8217;oeuvre de votre propre vie. Parmi ces marques, quatre d&#8217;entre elles offertes des gammes de produits pour la cuisine : [&hellip;]<\/p>\n","protected":false},"author":22,"featured_media":0,"parent":0,"menu_order":0,"comment_status":"closed","ping_status":"closed","template":"","meta":{"_acf_changed":false,"footnotes":""},"class_list":["post-1441","page","type-page","status-publish","hentry"],"acf":{"seo_keywords":""},"yoast_head":"<!-- This site is optimized with the Yoast SEO Premium plugin v25.4 (Yoast SEO v27.3) - https:\/\/yoast.com\/product\/yoast-seo-premium-wordpress\/ -->\n<title>House of RohlFR - Espace Plomberium<\/title>\n<meta name=\"robots\" content=\"index, follow, max-snippet:-1, max-image-preview:large, max-video-preview:-1\" \/>\n<link rel=\"canonical\" href=\"https:\/\/cms.bravobusinessmedia.com\/espace\/house-of-rohlfr\/\" \/>\n<meta property=\"og:locale\" content=\"en_US\" \/>\n<meta property=\"og:type\" content=\"article\" \/>\n<meta property=\"og:title\" content=\"House of RohlFR\" \/>\n<meta property=\"og:description\" content=\"Des Vies Qui S&#8217;\u00c9panouissent Avec Les Produits House Of Rohl\u00ae House of Rohl\u00ae&nbsp;c&#8217;est un portefeuille de cinq marques de plomberie d\u00e9corative de luxe provenant des quatre coins du monde qui vous permet de raconter le chef-d&#8217;oeuvre de votre propre vie. Parmi ces marques, quatre d&#8217;entre elles offertes des gammes de produits pour la cuisine : [&hellip;]\" \/>\n<meta property=\"og:url\" content=\"https:\/\/cms.bravobusinessmedia.com\/espace\/house-of-rohlfr\/\" \/>\n<meta property=\"og:site_name\" content=\"Espace Plomberium\" \/>\n<meta property=\"article:modified_time\" content=\"2024-08-13T12:58:09+00:00\" \/>\n<meta property=\"og:image\" content=\"https:\/\/cms.bravobusinessmedia.com\/espace\/wp-content\/uploads\/sites\/14\/2024\/02\/houseofrohl-logo.png\" \/>\n<meta name=\"twitter:card\" content=\"summary_large_image\" \/>\n<meta name=\"twitter:label1\" content=\"Est. reading time\" \/>\n\t<meta name=\"twitter:data1\" content=\"6 minutes\" \/>\n<script type=\"application\/ld+json\" class=\"yoast-schema-graph\">{\"@context\":\"https:\\\/\\\/schema.org\",\"@graph\":[{\"@type\":\"WebPage\",\"@id\":\"https:\\\/\\\/cms.bravobusinessmedia.com\\\/espace\\\/house-of-rohlfr\\\/\",\"url\":\"https:\\\/\\\/cms.bravobusinessmedia.com\\\/espace\\\/house-of-rohlfr\\\/\",\"name\":\"House of RohlFR - Espace Plomberium\",\"isPartOf\":{\"@id\":\"https:\\\/\\\/cms.bravobusinessmedia.com\\\/espace\\\/#website\"},\"primaryImageOfPage\":{\"@id\":\"https:\\\/\\\/cms.bravobusinessmedia.com\\\/espace\\\/house-of-rohlfr\\\/#primaryimage\"},\"image\":{\"@id\":\"https:\\\/\\\/cms.bravobusinessmedia.com\\\/espace\\\/house-of-rohlfr\\\/#primaryimage\"},\"thumbnailUrl\":\"https:\\\/\\\/cms.bravobusinessmedia.com\\\/espace\\\/wp-content\\\/uploads\\\/sites\\\/14\\\/2024\\\/02\\\/houseofrohl-logo.png\",\"datePublished\":\"2024-02-28T05:13:14+00:00\",\"dateModified\":\"2024-08-13T12:58:09+00:00\",\"breadcrumb\":{\"@id\":\"https:\\\/\\\/cms.bravobusinessmedia.com\\\/espace\\\/house-of-rohlfr\\\/#breadcrumb\"},\"inLanguage\":\"en-US\",\"potentialAction\":[{\"@type\":\"ReadAction\",\"target\":[\"https:\\\/\\\/cms.bravobusinessmedia.com\\\/espace\\\/house-of-rohlfr\\\/\"]}]},{\"@type\":\"ImageObject\",\"inLanguage\":\"en-US\",\"@id\":\"https:\\\/\\\/cms.bravobusinessmedia.com\\\/espace\\\/house-of-rohlfr\\\/#primaryimage\",\"url\":\"https:\\\/\\\/cms.bravobusinessmedia.com\\\/espace\\\/wp-content\\\/uploads\\\/sites\\\/14\\\/2024\\\/02\\\/houseofrohl-logo.png\",\"contentUrl\":\"https:\\\/\\\/cms.bravobusinessmedia.com\\\/espace\\\/wp-content\\\/uploads\\\/sites\\\/14\\\/2024\\\/02\\\/houseofrohl-logo.png\",\"width\":400,\"height\":183},{\"@type\":\"BreadcrumbList\",\"@id\":\"https:\\\/\\\/cms.bravobusinessmedia.com\\\/espace\\\/house-of-rohlfr\\\/#breadcrumb\",\"itemListElement\":[{\"@type\":\"ListItem\",\"position\":1,\"name\":\"Home\",\"item\":\"https:\\\/\\\/cms.bravobusinessmedia.com\\\/espace\\\/\"},{\"@type\":\"ListItem\",\"position\":2,\"name\":\"House of RohlFR\"}]},{\"@type\":\"WebSite\",\"@id\":\"https:\\\/\\\/cms.bravobusinessmedia.com\\\/espace\\\/#website\",\"url\":\"https:\\\/\\\/cms.bravobusinessmedia.com\\\/espace\\\/\",\"name\":\"Espace Plomberium\",\"description\":\"\",\"potentialAction\":[{\"@type\":\"SearchAction\",\"target\":{\"@type\":\"EntryPoint\",\"urlTemplate\":\"https:\\\/\\\/cms.bravobusinessmedia.com\\\/espace\\\/?s={search_term_string}\"},\"query-input\":{\"@type\":\"PropertyValueSpecification\",\"valueRequired\":true,\"valueName\":\"search_term_string\"}}],\"inLanguage\":\"en-US\"}]}<\/script>\n<!-- \/ Yoast SEO Premium plugin. -->","yoast_head_json":{"title":"House of RohlFR - Espace Plomberium","robots":{"index":"index","follow":"follow","max-snippet":"max-snippet:-1","max-image-preview":"max-image-preview:large","max-video-preview":"max-video-preview:-1"},"canonical":"https:\/\/cms.bravobusinessmedia.com\/espace\/house-of-rohlfr\/","og_locale":"en_US","og_type":"article","og_title":"House of RohlFR","og_description":"Des Vies Qui S&#8217;\u00c9panouissent Avec Les Produits House Of Rohl\u00ae House of Rohl\u00ae&nbsp;c&#8217;est un portefeuille de cinq marques de plomberie d\u00e9corative de luxe provenant des quatre coins du monde qui vous permet de raconter le chef-d&#8217;oeuvre de votre propre vie. Parmi ces marques, quatre d&#8217;entre elles offertes des gammes de produits pour la cuisine : [&hellip;]","og_url":"https:\/\/cms.bravobusinessmedia.com\/espace\/house-of-rohlfr\/","og_site_name":"Espace Plomberium","article_modified_time":"2024-08-13T12:58:09+00:00","og_image":[{"url":"https:\/\/cms.bravobusinessmedia.com\/espace\/wp-content\/uploads\/sites\/14\/2024\/02\/houseofrohl-logo.png","type":"","width":"","height":""}],"twitter_card":"summary_large_image","twitter_misc":{"Est. reading time":"6 minutes"},"schema":{"@context":"https:\/\/schema.org","@graph":[{"@type":"WebPage","@id":"https:\/\/cms.bravobusinessmedia.com\/espace\/house-of-rohlfr\/","url":"https:\/\/cms.bravobusinessmedia.com\/espace\/house-of-rohlfr\/","name":"House of RohlFR - Espace Plomberium","isPartOf":{"@id":"https:\/\/cms.bravobusinessmedia.com\/espace\/#website"},"primaryImageOfPage":{"@id":"https:\/\/cms.bravobusinessmedia.com\/espace\/house-of-rohlfr\/#primaryimage"},"image":{"@id":"https:\/\/cms.bravobusinessmedia.com\/espace\/house-of-rohlfr\/#primaryimage"},"thumbnailUrl":"https:\/\/cms.bravobusinessmedia.com\/espace\/wp-content\/uploads\/sites\/14\/2024\/02\/houseofrohl-logo.png","datePublished":"2024-02-28T05:13:14+00:00","dateModified":"2024-08-13T12:58:09+00:00","breadcrumb":{"@id":"https:\/\/cms.bravobusinessmedia.com\/espace\/house-of-rohlfr\/#breadcrumb"},"inLanguage":"en-US","potentialAction":[{"@type":"ReadAction","target":["https:\/\/cms.bravobusinessmedia.com\/espace\/house-of-rohlfr\/"]}]},{"@type":"ImageObject","inLanguage":"en-US","@id":"https:\/\/cms.bravobusinessmedia.com\/espace\/house-of-rohlfr\/#primaryimage","url":"https:\/\/cms.bravobusinessmedia.com\/espace\/wp-content\/uploads\/sites\/14\/2024\/02\/houseofrohl-logo.png","contentUrl":"https:\/\/cms.bravobusinessmedia.com\/espace\/wp-content\/uploads\/sites\/14\/2024\/02\/houseofrohl-logo.png","width":400,"height":183},{"@type":"BreadcrumbList","@id":"https:\/\/cms.bravobusinessmedia.com\/espace\/house-of-rohlfr\/#breadcrumb","itemListElement":[{"@type":"ListItem","position":1,"name":"Home","item":"https:\/\/cms.bravobusinessmedia.com\/espace\/"},{"@type":"ListItem","position":2,"name":"House of RohlFR"}]},{"@type":"WebSite","@id":"https:\/\/cms.bravobusinessmedia.com\/espace\/#website","url":"https:\/\/cms.bravobusinessmedia.com\/espace\/","name":"Espace Plomberium","description":"","potentialAction":[{"@type":"SearchAction","target":{"@type":"EntryPoint","urlTemplate":"https:\/\/cms.bravobusinessmedia.com\/espace\/?s={search_term_string}"},"query-input":{"@type":"PropertyValueSpecification","valueRequired":true,"valueName":"search_term_string"}}],"inLanguage":"en-US"}]}},"lang":"en","translations":{"en":1441},"pll_sync_post":[],"_links":{"self":[{"href":"https:\/\/cms.bravobusinessmedia.com\/espace\/wp-json\/wp\/v2\/pages\/1441","targetHints":{"allow":["GET"]}}],"collection":[{"href":"https:\/\/cms.bravobusinessmedia.com\/espace\/wp-json\/wp\/v2\/pages"}],"about":[{"href":"https:\/\/cms.bravobusinessmedia.com\/espace\/wp-json\/wp\/v2\/types\/page"}],"author":[{"embeddable":true,"href":"https:\/\/cms.bravobusinessmedia.com\/espace\/wp-json\/wp\/v2\/users\/22"}],"replies":[{"embeddable":true,"href":"https:\/\/cms.bravobusinessmedia.com\/espace\/wp-json\/wp\/v2\/comments?post=1441"}],"version-history":[{"count":0,"href":"https:\/\/cms.bravobusinessmedia.com\/espace\/wp-json\/wp\/v2\/pages\/1441\/revisions"}],"wp:attachment":[{"href":"https:\/\/cms.bravobusinessmedia.com\/espace\/wp-json\/wp\/v2\/media?parent=1441"}],"curies":[{"name":"wp","href":"https:\/\/api.w.org\/{rel}","templated":true}]}}