{"id":3269,"date":"2025-03-26T18:25:18","date_gmt":"2025-03-26T18:25:18","guid":{"rendered":"https:\/\/cms.bravobusinessmedia.com\/espace\/?page_id=3269"},"modified":"2025-05-15T20:32:48","modified_gmt":"2025-05-15T20:32:48","slug":"plan-your-visitfr","status":"publish","type":"page","link":"https:\/\/cms.bravobusinessmedia.com\/espace\/plan-your-visitfr\/","title":{"rendered":"Pr\u00e9parer votre visite"},"content":{"rendered":"\n<div class=\"d-none d-lg-block\">\n    <div class=\"ha-bg-parallax-about text-center block-marginb-none\" data-type=\"background\" data-speed=\"20\" style=\"background:url(https:\/\/cms.bravobusinessmedia.com\/espace\/wp-content\/uploads\/sites\/14\/2025\/03\/planyourvisit.jpg) no-repeat fixed top center;background-size: cover\">\n        <div class=\"ha-parallax-body\">\n            <div class=\"ha-content\">\n            <\/div>\n        <\/div>\n    <\/div>\n<\/div>\n\n\n\n<div class=\"wp-block-group container\"><div class=\"wp-block-group__inner-container is-layout-constrained wp-block-group-is-layout-constrained\">\n<h1 class=\"wp-block-heading espace-heading text-primary pb-3 pt-5\" id=\"h-preparer-votre-visite\">Pr\u00e9parer votre visite<\/h1>\n\n\n\n<p>Afin de maximiser votre rendez-vous avec votre conseiller, assurez-vous d\u2019avoir en main le plus d\u2019informations possible :<\/p>\n\n\n\n<div class=\"wp-block-columns mt-4 pb-2 flex-lg-row flex-column is-layout-flex wp-container-core-columns-is-layout-9d6595d7 wp-block-columns-is-layout-flex\">\n<div class=\"wp-block-column card wishlistcard bg-light is-layout-flow wp-block-column-is-layout-flow\">\n<div class=\"wp-block-group card-body d-flex justify-content-center align-items-start\"><div class=\"wp-block-group__inner-container is-layout-constrained wp-block-group-is-layout-constrained\">\n<i class=\"fa-regular fa-user-tie fa-4x mx-auto my-4 pb-3\"><\/i>\n\n\n\n<h2 class=\"wp-block-heading has-text-align-center h4\" id=\"h-details-professionnels\">D\u00e9tails professionnels<\/h2>\n\n\n\n<p class=\"has-text-align-center mt-0\">Nom du plombier \/ entrepreneur \/ designer (si applicable)<\/p>\n<\/div><\/div>\n<\/div>\n\n\n\n<div class=\"wp-block-column card wishlistcard bg-light is-layout-flow wp-block-column-is-layout-flow\">\n<div class=\"wp-block-group card-body d-flex justify-content-center align-items-start\"><div class=\"wp-block-group__inner-container is-layout-constrained wp-block-group-is-layout-constrained\">\n<i class=\"fa-regular fa-calendar fa-4x mx-auto my-4 pb-3\"><\/i>\n\n\n\n<h2 class=\"wp-block-heading has-text-align-center h4 mt-0\" id=\"h-chronologie-du-projet\">Chronologie du projet<\/h2>\n\n\n\n<p class=\"has-text-align-center mt-0\">Date souhait\u00e9e des travaux<\/p>\n<\/div><\/div>\n<\/div>\n\n\n\n<div class=\"wp-block-column card wishlistcard bg-light is-layout-flow wp-block-column-is-layout-flow\">\n<div class=\"wp-block-group card-body d-flex justify-content-center align-items-start\"><div class=\"wp-block-group__inner-container is-layout-constrained wp-block-group-is-layout-constrained\">\n<i class=\"fa-regular fa-sack-dollar fa-4x mx-auto my-4 pb-3\"><\/i>\n\n\n\n<h2 class=\"wp-block-heading has-text-align-center h4 mt-0\" id=\"h-estimation-du-budget\">Estimation du budget<\/h2>\n\n\n\n<p class=\"has-text-align-center mt-0\">Avoir une id\u00e9e du budget approximatif<\/p>\n<\/div><\/div>\n<\/div>\n\n\n\n<div class=\"wp-block-column card wishlistcard bg-light is-layout-flow wp-block-column-is-layout-flow\">\n<div class=\"wp-block-group card-body d-flex justify-content-center align-items-start\"><div class=\"wp-block-group__inner-container is-layout-constrained wp-block-group-is-layout-constrained\">\n<i class=\"fa-regular fa-ruler-combined fa-4x mx-auto my-4 pb-3\"><\/i>\n\n\n\n<h2 class=\"wp-block-heading has-text-align-center h4 mt-0\" id=\"h-mesures-de-l-espace\">Mesures de l\u2019espace<\/h2>\n\n\n\n<p class=\"has-text-align-center mt-0\">Mesures de l\u2019emplacement des portes et fen\u00eatres<\/p>\n<\/div><\/div>\n<\/div>\n<\/div>\n\n\n\n<div class=\"wp-block-columns mt-2 pb-5 flex-lg-row flex-column is-layout-flex wp-container-core-columns-is-layout-9d6595d7 wp-block-columns-is-layout-flex\">\n<div class=\"wp-block-column card wishlistcard bg-light is-layout-flow wp-block-column-is-layout-flow\">\n<div class=\"wp-block-group card-body d-flex justify-content-center align-items-start\"><div class=\"wp-block-group__inner-container is-layout-constrained wp-block-group-is-layout-constrained\">\n<i class=\"fa-regular fa-compass-drafting fa-4x mx-auto my-4 pb-3\"><\/i>\n\n\n\n<h2 class=\"wp-block-heading has-text-align-center h4 mt-0\" id=\"h-disposition-existante\">Disposition existante<\/h2>\n\n\n\n<p class=\"has-text-align-center mt-0\">Emplacement des sanitaires actuels (si r\u00e9novation)<\/p>\n<\/div><\/div>\n<\/div>\n\n\n\n<div class=\"wp-block-column card wishlistcard bg-light is-layout-flow wp-block-column-is-layout-flow\">\n<div class=\"wp-block-group card-body d-flex justify-content-center align-items-start\"><div class=\"wp-block-group__inner-container is-layout-constrained wp-block-group-is-layout-constrained\">\n<i class=\"fa-regular fa-image fa-4x mx-auto my-4 pb-3\"><\/i>\n\n\n\n<h2 class=\"wp-block-heading has-text-align-center h4 mt-0\" id=\"h-photos-de-l-amenagement-actuel\">Photos de l\u2019am\u00e9nagement actuel<\/h2>\n\n\n\n<p class=\"has-text-align-center mt-0\">Photos de votre am\u00e9nagement actuel (si r\u00e9novation)<\/p>\n<\/div><\/div>\n<\/div>\n\n\n\n<div class=\"wp-block-column card wishlistcard bg-light is-layout-flow wp-block-column-is-layout-flow\">\n<div class=\"wp-block-group card-body d-flex justify-content-center align-items-start\"><div class=\"wp-block-group__inner-container is-layout-constrained wp-block-group-is-layout-constrained\">\n<i class=\"fa-regular fa-palette fa-4x mx-auto my-4 pb-3\"><\/i>\n\n\n\n<h2 class=\"wp-block-heading has-text-align-center h4 mt-0\" id=\"h-inspirations-de-design\">Inspirations de design<\/h2>\n\n\n\n<p class=\"has-text-align-center mt-0\">Photos d\u2019inspirations afin d\u2019aider votre conseiller \u00e0 d\u00e9terminer votre style et vos go\u00fbts (si possible)<\/p>\n<\/div><\/div>\n<\/div>\n\n\n\n<div class=\"wp-block-column card wishlistcard bg-light is-layout-flow wp-block-column-is-layout-flow\">\n<div class=\"wp-block-group card-body d-flex justify-content-center align-items-start\"><div class=\"wp-block-group__inner-container is-layout-constrained wp-block-group-is-layout-constrained\">\n<i class=\"fa-regular fa-heart fa-4x mx-auto my-4 pb-3\"><\/i>\n\n\n\n<h2 class=\"wp-block-heading has-text-align-center h4 mt-0\" id=\"h-liste-de-souhaits-et-preferences\">Liste de souhaits et pr\u00e9f\u00e9rences<\/h2>\n\n\n\n<p class=\"has-text-align-center mt-0\">Votre liste de souhaits<\/p>\n\n\n\n<p class=\"has-text-align-center mt-0\"><\/p>\n<\/div><\/div>\n<\/div>\n<\/div>\n\n\n\n<h2 class=\"wp-block-heading h4\" id=\"h-creer-votre-liste-de-souhaits\">Cr\u00e9er votre liste de souhaits<\/h2>\n\n\n\n<p>Gr\u00e2ce \u00e0 notre vaste catalogue de produits de marques renomm\u00e9es, nous vous invitons \u00e0 consulter notre site Internet afin de d\u00e9couvrir les multiples options qui s\u2019offrent \u00e0 vous.<br>Cr\u00e9er une liste de souhaits permet aux conseillers de mieux comprendre votre projet.<\/p>\n\n\n\n<h2 class=\"wp-block-heading h4 pt-2\" id=\"h-voici-comment-faire\">Voici comment faire :<\/h2>\n\n\n\n<p>Naviguez sur notre site Internet et ajoutez les produits de votre choix d\u2019un simple clic sur le <i class=\"fa-solid fa-heart wishlist-heart\" style=\"color: #00b5e2;font-size: 20px;position: relative;top: 2px;left: 6px\"><\/i> <br>Enregistrez votre liste de souhaits en vous cr\u00e9ant un compte client afin de la retrouver plus facilement.<\/p>\n\n\n\n<p> <\/p>\n\n\n\n<p><strong><a href=\"https:\/\/www.espaceplomberium.com\/fr\/contact.HTML\">Prenez rendez-vous avec un conseiller d\u00e8s maintenant !<br><\/a><\/strong><\/p>\n<\/div><\/div>\n","protected":false},"excerpt":{"rendered":"<p>Pr\u00e9parer votre visite Afin de maximiser votre rendez-vous avec votre conseiller, assurez-vous d\u2019avoir en main le plus d\u2019informations possible : D\u00e9tails professionnels Nom du plombier \/ entrepreneur \/ designer (si applicable) Chronologie du projet Date souhait\u00e9e des travaux Estimation du budget Avoir une id\u00e9e du budget approximatif Mesures de l\u2019espace Mesures de l\u2019emplacement des portes [&hellip;]<\/p>\n","protected":false},"author":22,"featured_media":0,"parent":0,"menu_order":0,"comment_status":"closed","ping_status":"closed","template":"","meta":{"_acf_changed":false,"footnotes":""},"class_list":["post-3269","page","type-page","status-publish","hentry"],"acf":{"seo_keywords":""},"yoast_head":"<!-- This site is optimized with the Yoast SEO Premium plugin v25.4 (Yoast SEO v27.3) - https:\/\/yoast.com\/product\/yoast-seo-premium-wordpress\/ -->\n<title>Pr\u00e9parer votre visite - Espace Plomberium %<\/title>\n<meta name=\"description\" content=\"Espace Plomberium counts five stores located in Montreal, Laval, Mascouche and Saint-J\u00e9r\u00f4me, which specialize in quality plumbing products.\" \/>\n<meta name=\"robots\" content=\"index, follow, max-snippet:-1, max-image-preview:large, max-video-preview:-1\" \/>\n<link rel=\"canonical\" href=\"https:\/\/cms.bravobusinessmedia.com\/espace\/plan-your-visitfr\/\" \/>\n<meta property=\"og:locale\" content=\"en_US\" \/>\n<meta property=\"og:type\" content=\"article\" \/>\n<meta property=\"og:title\" content=\"Pr\u00e9parer votre visite\" \/>\n<meta property=\"og:description\" content=\"Espace Plomberium counts five stores located in Montreal, Laval, Mascouche and Saint-J\u00e9r\u00f4me, which specialize in quality plumbing products.\" \/>\n<meta property=\"og:url\" content=\"https:\/\/cms.bravobusinessmedia.com\/espace\/plan-your-visitfr\/\" \/>\n<meta property=\"og:site_name\" content=\"Espace Plomberium\" \/>\n<meta property=\"article:modified_time\" content=\"2025-05-15T20:32:48+00:00\" \/>\n<meta name=\"twitter:card\" content=\"summary_large_image\" \/>\n<meta name=\"twitter:label1\" content=\"Est. reading time\" \/>\n\t<meta name=\"twitter:data1\" content=\"1 minute\" \/>\n<script type=\"application\/ld+json\" class=\"yoast-schema-graph\">{\"@context\":\"https:\\\/\\\/schema.org\",\"@graph\":[{\"@type\":\"WebPage\",\"@id\":\"https:\\\/\\\/cms.bravobusinessmedia.com\\\/espace\\\/plan-your-visitfr\\\/\",\"url\":\"https:\\\/\\\/cms.bravobusinessmedia.com\\\/espace\\\/plan-your-visitfr\\\/\",\"name\":\"Pr\u00e9parer votre visite - Espace Plomberium %\",\"isPartOf\":{\"@id\":\"https:\\\/\\\/cms.bravobusinessmedia.com\\\/espace\\\/#website\"},\"datePublished\":\"2025-03-26T18:25:18+00:00\",\"dateModified\":\"2025-05-15T20:32:48+00:00\",\"description\":\"Espace Plomberium counts five stores located in Montreal, Laval, Mascouche and Saint-J\u00e9r\u00f4me, which specialize in quality plumbing products.\",\"breadcrumb\":{\"@id\":\"https:\\\/\\\/cms.bravobusinessmedia.com\\\/espace\\\/plan-your-visitfr\\\/#breadcrumb\"},\"inLanguage\":\"en-US\",\"potentialAction\":[{\"@type\":\"ReadAction\",\"target\":[\"https:\\\/\\\/cms.bravobusinessmedia.com\\\/espace\\\/plan-your-visitfr\\\/\"]}]},{\"@type\":\"BreadcrumbList\",\"@id\":\"https:\\\/\\\/cms.bravobusinessmedia.com\\\/espace\\\/plan-your-visitfr\\\/#breadcrumb\",\"itemListElement\":[{\"@type\":\"ListItem\",\"position\":1,\"name\":\"Home\",\"item\":\"https:\\\/\\\/cms.bravobusinessmedia.com\\\/espace\\\/\"},{\"@type\":\"ListItem\",\"position\":2,\"name\":\"Pr\u00e9parer votre visite\"}]},{\"@type\":\"WebSite\",\"@id\":\"https:\\\/\\\/cms.bravobusinessmedia.com\\\/espace\\\/#website\",\"url\":\"https:\\\/\\\/cms.bravobusinessmedia.com\\\/espace\\\/\",\"name\":\"Espace Plomberium\",\"description\":\"\",\"potentialAction\":[{\"@type\":\"SearchAction\",\"target\":{\"@type\":\"EntryPoint\",\"urlTemplate\":\"https:\\\/\\\/cms.bravobusinessmedia.com\\\/espace\\\/?s={search_term_string}\"},\"query-input\":{\"@type\":\"PropertyValueSpecification\",\"valueRequired\":true,\"valueName\":\"search_term_string\"}}],\"inLanguage\":\"en-US\"}]}<\/script>\n<!-- \/ Yoast SEO Premium plugin. -->","yoast_head_json":{"title":"Pr\u00e9parer votre visite - Espace Plomberium %","description":"Espace Plomberium counts five stores located in Montreal, Laval, Mascouche and Saint-J\u00e9r\u00f4me, which specialize in quality plumbing products.","robots":{"index":"index","follow":"follow","max-snippet":"max-snippet:-1","max-image-preview":"max-image-preview:large","max-video-preview":"max-video-preview:-1"},"canonical":"https:\/\/cms.bravobusinessmedia.com\/espace\/plan-your-visitfr\/","og_locale":"en_US","og_type":"article","og_title":"Pr\u00e9parer votre visite","og_description":"Espace Plomberium counts five stores located in Montreal, Laval, Mascouche and Saint-J\u00e9r\u00f4me, which specialize in quality plumbing products.","og_url":"https:\/\/cms.bravobusinessmedia.com\/espace\/plan-your-visitfr\/","og_site_name":"Espace Plomberium","article_modified_time":"2025-05-15T20:32:48+00:00","twitter_card":"summary_large_image","twitter_misc":{"Est. reading time":"1 minute"},"schema":{"@context":"https:\/\/schema.org","@graph":[{"@type":"WebPage","@id":"https:\/\/cms.bravobusinessmedia.com\/espace\/plan-your-visitfr\/","url":"https:\/\/cms.bravobusinessmedia.com\/espace\/plan-your-visitfr\/","name":"Pr\u00e9parer votre visite - Espace Plomberium %","isPartOf":{"@id":"https:\/\/cms.bravobusinessmedia.com\/espace\/#website"},"datePublished":"2025-03-26T18:25:18+00:00","dateModified":"2025-05-15T20:32:48+00:00","description":"Espace Plomberium counts five stores located in Montreal, Laval, Mascouche and Saint-J\u00e9r\u00f4me, which specialize in quality plumbing products.","breadcrumb":{"@id":"https:\/\/cms.bravobusinessmedia.com\/espace\/plan-your-visitfr\/#breadcrumb"},"inLanguage":"en-US","potentialAction":[{"@type":"ReadAction","target":["https:\/\/cms.bravobusinessmedia.com\/espace\/plan-your-visitfr\/"]}]},{"@type":"BreadcrumbList","@id":"https:\/\/cms.bravobusinessmedia.com\/espace\/plan-your-visitfr\/#breadcrumb","itemListElement":[{"@type":"ListItem","position":1,"name":"Home","item":"https:\/\/cms.bravobusinessmedia.com\/espace\/"},{"@type":"ListItem","position":2,"name":"Pr\u00e9parer votre visite"}]},{"@type":"WebSite","@id":"https:\/\/cms.bravobusinessmedia.com\/espace\/#website","url":"https:\/\/cms.bravobusinessmedia.com\/espace\/","name":"Espace Plomberium","description":"","potentialAction":[{"@type":"SearchAction","target":{"@type":"EntryPoint","urlTemplate":"https:\/\/cms.bravobusinessmedia.com\/espace\/?s={search_term_string}"},"query-input":{"@type":"PropertyValueSpecification","valueRequired":true,"valueName":"search_term_string"}}],"inLanguage":"en-US"}]}},"lang":"en","translations":{"en":3269},"pll_sync_post":[],"_links":{"self":[{"href":"https:\/\/cms.bravobusinessmedia.com\/espace\/wp-json\/wp\/v2\/pages\/3269","targetHints":{"allow":["GET"]}}],"collection":[{"href":"https:\/\/cms.bravobusinessmedia.com\/espace\/wp-json\/wp\/v2\/pages"}],"about":[{"href":"https:\/\/cms.bravobusinessmedia.com\/espace\/wp-json\/wp\/v2\/types\/page"}],"author":[{"embeddable":true,"href":"https:\/\/cms.bravobusinessmedia.com\/espace\/wp-json\/wp\/v2\/users\/22"}],"replies":[{"embeddable":true,"href":"https:\/\/cms.bravobusinessmedia.com\/espace\/wp-json\/wp\/v2\/comments?post=3269"}],"version-history":[{"count":0,"href":"https:\/\/cms.bravobusinessmedia.com\/espace\/wp-json\/wp\/v2\/pages\/3269\/revisions"}],"wp:attachment":[{"href":"https:\/\/cms.bravobusinessmedia.com\/espace\/wp-json\/wp\/v2\/media?parent=3269"}],"curies":[{"name":"wp","href":"https:\/\/api.w.org\/{rel}","templated":true}]}}