{"id":4123,"date":"2026-01-05T13:59:10","date_gmt":"2026-01-05T13:59:10","guid":{"rendered":"https:\/\/cms.bravobusinessmedia.com\/espace\/?page_id=4123"},"modified":"2026-01-13T17:03:52","modified_gmt":"2026-01-13T17:03:52","slug":"foire-aux-questions","status":"publish","type":"page","link":"https:\/\/cms.bravobusinessmedia.com\/espace\/foire-aux-questions\/","title":{"rendered":"Foire aux questions"},"content":{"rendered":"\n<div class=\"wp-block-group container\"><div class=\"wp-block-group__inner-container is-layout-constrained wp-block-group-is-layout-constrained\">\n<h1 class=\"wp-block-heading espace-heading text-primary pt-5 pb-4\" id=\"h-foire-aux-questions\">Foire aux questions<\/h1>\n\n\n\n<div class=\"wp-block-group alignwide\" style=\"padding-top:0px;padding-bottom:80px\"><div class=\"wp-block-group__inner-container is-layout-flow wp-block-group-is-layout-flow\">\n<h3 class=\"wp-block-heading\" id=\"h-quels-services-propose-espace-nbsp-plomberium\"><strong><strong><strong>Quels services propose Espace&nbsp;Plomberium\u202f?<\/strong><\/strong><\/strong><\/h3>\n\n\n\n<p>Chez Espace&nbsp;Plomberium, vous b\u00e9n\u00e9ficiez d\u2019un accompagnement personnalis\u00e9 par des conseillers exp\u00e9riment\u00e9s, form\u00e9s pour vous guider dans vos choix de produits de salle de bain ou de cuisine : robinetterie, bains, douches, toilettes, lavabos, accessoires et plus encore. Nos experts prennent en compte votre style, votre espace et votre budget pour vous proposer une solution adapt\u00e9e. Ils ne se contentent pas de vendre, ils expliquent les aspects techniques, en passant par la performance et la durabilit\u00e9 afin que vous fassiez un choix \u00e9clair\u00e9. En plus de cette expertise&nbsp;et d\u2019un vaste&nbsp;choix&nbsp;de produits, Espace&nbsp;Plomberium&nbsp;applique une politique \u00ab Meilleur&nbsp;prix&nbsp;garanti&nbsp;\u00bb pour que vous profitiez toujours du meilleur rapport qualit\u00e9-prix.<\/p>\n\n\n\n<div style=\"height:20px\" aria-hidden=\"true\" class=\"wp-block-spacer\"><\/div>\n\n\n\n<h3 class=\"wp-block-heading\" id=\"h-puis-je-venir-sans-rendez-vous-pour-des-conseils-ou-une-soumission\"><strong><strong><strong>Puis-je venir sans rendez-vous pour des conseils ou une soumission\u202f?<\/strong><\/strong><\/strong><\/h3>\n\n\n\n<p>Oui, vous pouvez visiter notre salle de montre sans rendez-vous durant&nbsp;<a href=\"\/fr\/locations.HTML\" target=\"_blank\" rel=\"noreferrer noopener\">nos heures d\u2019ouverture<\/a>. Toutefois, pour une consultation personnalis\u00e9e, nous vous recommandons de prendre rendez-vous.<\/p>\n\n\n\n<p class=\"btn btn-outline-secondary text-decoration-none\"><a href=\"\/fr\/contact.HTML\" target=\"_blank\" rel=\"noreferrer noopener\">Prenez rendez-vous ici<\/a><\/p>\n\n\n\n<div style=\"height:20px\" aria-hidden=\"true\" class=\"wp-block-spacer\"><\/div>\n\n\n\n<h3 class=\"wp-block-heading\" id=\"h-combien-de-temps-dure-une-consultation-avec-un-conseiller\"><strong><strong><strong>Combien de temps dure une consultation avec un conseiller\u202f?<\/strong><\/strong><\/strong><\/h3>\n\n\n\n<p>En moyenne, une rencontre dure entre 45 et&nbsp;120 minutes, selon la complexit\u00e9 de votre projet. Cela permet d\u2019analyser vos besoins, de vous pr\u00e9senter des options adapt\u00e9es, de voir, toucher et essayer les produits ainsi que&nbsp;de pr\u00e9parer&nbsp;la&nbsp;soumission sur mesure.<\/p>\n\n\n\n<p class=\"btn btn-outline-secondary text-decoration-none\"><a href=\"\/fr\/contact.HTML\" target=\"_blank\" rel=\"noreferrer noopener\">R\u00e9servez votre consultation<\/a><\/p>\n\n\n\n<div style=\"height:20px\" aria-hidden=\"true\" class=\"wp-block-spacer\"><\/div>\n\n\n\n<h3 class=\"wp-block-heading\" id=\"h-vos-conseillers-peuvent-ils-m-aider-a-planifier-ma-salle-de-bain-ou-ma-cuisine\"><strong><strong><strong>Vos conseillers peuvent-ils m\u2019aider \u00e0 planifier ma salle de bain ou ma cuisine\u202f?<\/strong><\/strong><\/strong><\/h3>\n\n\n\n<p>Oui, nos experts vous accompagnent dans la planification compl\u00e8te\u202f: s\u00e9lection des produits, conseils techniques et coordination des&nbsp;\u00e9l\u00e9ments essentiels.<\/p>\n\n\n\n<p class=\"btn btn-outline-secondary text-decoration-none\"><a href=\"\/fr\/contact.HTML\" target=\"_blank\" rel=\"noreferrer noopener\">Planifiez une rencontre personnalis\u00e9e<\/a>&nbsp;<\/p>\n\n\n\n<div style=\"height:20px\" aria-hidden=\"true\" class=\"wp-block-spacer\"><\/div>\n\n\n\n<h3 class=\"wp-block-heading\" id=\"h-comment-preparer-mon-rendez-vous-en-boutique\"><strong><strong><strong>Comment pr\u00e9parer mon rendez-vous en boutique ?<\/strong><\/strong><\/strong><\/h3>\n\n\n\n<p>Pour bien pr\u00e9parer votre visite, apportez un maximum d\u2019informations sur votre projet : le nom de votre plombier, la date pr\u00e9vue des travaux, votre budget approximatif ainsi que les mesures de l\u2019espace y compris l\u2019emplacement des portes et fen\u00eatres, etc.&nbsp;<\/p>\n\n\n\n<p class=\"btn btn-outline-secondary text-decoration-none\"><a href=\"\/fr\/pages\/plan-your-visitfr\" target=\"_blank\" rel=\"noreferrer noopener\">Consultez notre guide complet pour planifier votre rendez-vous.<\/a>&nbsp;<\/p>\n\n\n\n<div style=\"height:20px\" aria-hidden=\"true\" class=\"wp-block-spacer\"><\/div>\n\n\n\n<h3 class=\"wp-block-heading\" id=\"h-offrez-vous-un-service-d-installation\"><strong><strong><strong>Offrez-vous un service d\u2019installation\u202f?<\/strong><\/strong><\/strong><\/h3>\n\n\n\n<p>Espace&nbsp;Plomberium&nbsp;ne propose pas l\u2019installation&nbsp;des produits.&nbsp;<\/p>\n\n\n\n<div style=\"height:20px\" aria-hidden=\"true\" class=\"wp-block-spacer\"><\/div>\n\n\n\n<h3 class=\"wp-block-heading\" id=\"h-vos-produits-sont-ils-couverts-par-une-garantie\"><strong><strong><strong>Vos produits sont-ils couverts par une garantie\u202f?<\/strong><\/strong><\/strong><\/h3>\n\n\n\n<p>Oui, tous nos produits sont couverts par la garantie offerte par le fabricant.&nbsp;Nous&nbsp;travaillons uniquement avec des marques&nbsp;solides et fiables&nbsp;afin de garantir la qualit\u00e9 et la s\u00e9curit\u00e9 en lien avec nos produits.&nbsp;Nos conseillers peuvent vous fournir les d\u00e9tails pr\u00e9cis sur les conditions et la dur\u00e9e de chaque garantie.<\/p>\n\n\n\n<div style=\"height:20px\" aria-hidden=\"true\" class=\"wp-block-spacer\"><\/div>\n\n\n\n<h3 class=\"wp-block-heading\" id=\"h-est-il-possible-de-commander-des-produits-sur-mesure\"><strong><strong><strong>Est-il possible de commander des produits sur mesure\u202f?<\/strong><\/strong><\/strong><\/h3>\n\n\n\n<p>Oui, nous offrons la possibilit\u00e9 de commander&nbsp;de nombreux&nbsp;produits sur mesure pour r\u00e9pondre \u00e0 vos besoins sp\u00e9cifiques.&nbsp;L\u2019important pour Espace&nbsp;Plomberium&nbsp;est de vous offrir le produit de vos r\u00eaves et non uniquement ce que nous tenons en inventaire.&nbsp;Nos conseillers vous aideront \u00e0 choisir et \u00e0 personnaliser ces produits.<\/p>\n\n\n\n<div style=\"height:20px\" aria-hidden=\"true\" class=\"wp-block-spacer\"><\/div>\n\n\n\n<h3 class=\"wp-block-heading\" id=\"h-proposez-vous-un-service-de-livraison\"><strong><strong><strong>Proposez-vous un service de livraison ?<\/strong><\/strong><\/strong><\/h3>\n\n\n\n<p>Oui, la livraison de vos produits&nbsp;est disponible&nbsp;\u00e0 l\u2019adresse de votre choix.&nbsp;Des frais de livraison s\u2019appliquent.<\/p>\n\n\n\n<div style=\"height:20px\" aria-hidden=\"true\" class=\"wp-block-spacer\"><\/div>\n\n\n\n<h3 class=\"wp-block-heading\" id=\"h-proposez-vous-un-service-apres-vente\"><strong><strong><strong>Proposez-vous un service apr\u00e8s-vente\u202f?<\/strong><\/strong><\/strong><\/h3>\n\n\n\n<p>Absolument. Notre \u00e9quipe reste disponible apr\u00e8s votre achat pour vous assister en cas de question&nbsp;ou de probl\u00e9matique.<\/p>\n\n\n\n<p class=\"btn btn-outline-secondary text-decoration-none\"><a href=\"\/fr\/contact-information.HTML\" target=\"_blank\" rel=\"noreferrer noopener\">Contactez-nous.<\/a><\/p>\n\n\n\n<div style=\"height:20px\" aria-hidden=\"true\" class=\"wp-block-spacer\"><\/div>\n\n\n\n<h3 class=\"wp-block-heading\" id=\"h-offrez-vous-une-garantie-du-meilleur-prix-chez-espace-nbsp-plomberium-nbsp\"><strong><strong><strong>Offrez-vous une garantie du meilleur prix chez Espace&nbsp;Plomberium\u202f?<\/strong>&nbsp;<\/strong><\/strong><\/h3>\n\n\n\n<p>Oui\u202f! Chez Espace&nbsp;Plomberium, nous nous engageons&nbsp;\u00e0&nbsp;vous offrir le meilleur prix. Si vous trouvez un produit identique&nbsp;\u00e0&nbsp;meilleur prix chez un concurrent autoris\u00e9, nous nous ferons un plaisir d\u2019\u00e9galer ce prix. Certaines conditions s\u2019appliquent\u202f; n\u2019h\u00e9sitez pas&nbsp;\u00e0&nbsp;contacter votre magasin Espace&nbsp;Plomberium&nbsp;pour plus de d\u00e9tails.<\/p>\n\n\n\n<p class=\"btn btn-outline-secondary text-decoration-none\">&nbsp;<a href=\"\/fr\/pages\/prixFR\" target=\"_blank\" rel=\"noreferrer noopener\">Plus d\u2019informations sur notre Politique du meilleur prix garanti.<\/a>&nbsp;<\/p>\n\n\n\n<div style=\"height:20px\" aria-hidden=\"true\" class=\"wp-block-spacer\"><\/div>\n\n\n\n<h3 class=\"wp-block-heading\" id=\"h-quels-modes-de-paiement-acceptez-vous-en-boutique\"><strong><strong><strong>Quels modes de paiement acceptez-vous en boutique\u202f?<\/strong><\/strong><\/strong><\/h3>\n\n\n\n<p>Nous acceptons les paiements par carte de cr\u00e9dit, carte de d\u00e9bit et argent comptant.&nbsp;<\/p>\n<\/div><\/div>\n<\/div><\/div>\n","protected":false},"excerpt":{"rendered":"<p>Foire aux questions Quels services propose Espace&nbsp;Plomberium\u202f? Chez Espace&nbsp;Plomberium, vous b\u00e9n\u00e9ficiez d\u2019un accompagnement personnalis\u00e9 par des conseillers exp\u00e9riment\u00e9s, form\u00e9s pour vous guider dans vos choix de produits de salle de bain ou de cuisine : robinetterie, bains, douches, toilettes, lavabos, accessoires et plus encore. Nos experts prennent en compte votre style, votre espace et votre [&hellip;]<\/p>\n","protected":false},"author":22,"featured_media":0,"parent":0,"menu_order":0,"comment_status":"closed","ping_status":"closed","template":"","meta":{"_acf_changed":false,"footnotes":""},"class_list":["post-4123","page","type-page","status-publish","hentry"],"acf":{"seo_keywords":""},"yoast_head":"<!-- This site is optimized with the Yoast SEO Premium plugin v25.4 (Yoast SEO v27.3) - https:\/\/yoast.com\/product\/yoast-seo-premium-wordpress\/ -->\n<title>Foire aux questions - Espace Plomberium<\/title>\n<meta name=\"description\" content=\"Foire aux questions Espace Plomberium : Retrouvez toutes les r\u00e9ponses \u00e0 vos questions sur nos services.\" \/>\n<meta name=\"robots\" content=\"index, follow, max-snippet:-1, max-image-preview:large, max-video-preview:-1\" \/>\n<link rel=\"canonical\" href=\"https:\/\/cms.bravobusinessmedia.com\/espace\/foire-aux-questions\/\" \/>\n<meta property=\"og:locale\" content=\"en_US\" \/>\n<meta property=\"og:type\" content=\"article\" \/>\n<meta property=\"og:title\" content=\"Foire aux questions\" \/>\n<meta property=\"og:description\" content=\"Foire aux questions Espace Plomberium : Retrouvez toutes les r\u00e9ponses \u00e0 vos questions sur nos services.\" \/>\n<meta property=\"og:url\" content=\"https:\/\/cms.bravobusinessmedia.com\/espace\/foire-aux-questions\/\" \/>\n<meta property=\"og:site_name\" content=\"Espace Plomberium\" \/>\n<meta property=\"article:modified_time\" content=\"2026-01-13T17:03:52+00:00\" \/>\n<meta name=\"twitter:card\" content=\"summary_large_image\" \/>\n<meta name=\"twitter:label1\" content=\"Est. reading time\" \/>\n\t<meta name=\"twitter:data1\" content=\"3 minutes\" \/>\n<script type=\"application\/ld+json\" class=\"yoast-schema-graph\">{\"@context\":\"https:\\\/\\\/schema.org\",\"@graph\":[{\"@type\":\"WebPage\",\"@id\":\"https:\\\/\\\/cms.bravobusinessmedia.com\\\/espace\\\/foire-aux-questions\\\/\",\"url\":\"https:\\\/\\\/cms.bravobusinessmedia.com\\\/espace\\\/foire-aux-questions\\\/\",\"name\":\"Foire aux questions - Espace Plomberium\",\"isPartOf\":{\"@id\":\"https:\\\/\\\/cms.bravobusinessmedia.com\\\/espace\\\/#website\"},\"datePublished\":\"2026-01-05T13:59:10+00:00\",\"dateModified\":\"2026-01-13T17:03:52+00:00\",\"description\":\"Foire aux questions Espace Plomberium : Retrouvez toutes les r\u00e9ponses \u00e0 vos questions sur nos services.\",\"breadcrumb\":{\"@id\":\"https:\\\/\\\/cms.bravobusinessmedia.com\\\/espace\\\/foire-aux-questions\\\/#breadcrumb\"},\"inLanguage\":\"en-US\",\"potentialAction\":[{\"@type\":\"ReadAction\",\"target\":[\"https:\\\/\\\/cms.bravobusinessmedia.com\\\/espace\\\/foire-aux-questions\\\/\"]}]},{\"@type\":\"BreadcrumbList\",\"@id\":\"https:\\\/\\\/cms.bravobusinessmedia.com\\\/espace\\\/foire-aux-questions\\\/#breadcrumb\",\"itemListElement\":[{\"@type\":\"ListItem\",\"position\":1,\"name\":\"Home\",\"item\":\"https:\\\/\\\/cms.bravobusinessmedia.com\\\/espace\\\/\"},{\"@type\":\"ListItem\",\"position\":2,\"name\":\"Foire aux questions\"}]},{\"@type\":\"WebSite\",\"@id\":\"https:\\\/\\\/cms.bravobusinessmedia.com\\\/espace\\\/#website\",\"url\":\"https:\\\/\\\/cms.bravobusinessmedia.com\\\/espace\\\/\",\"name\":\"Espace Plomberium\",\"description\":\"\",\"potentialAction\":[{\"@type\":\"SearchAction\",\"target\":{\"@type\":\"EntryPoint\",\"urlTemplate\":\"https:\\\/\\\/cms.bravobusinessmedia.com\\\/espace\\\/?s={search_term_string}\"},\"query-input\":{\"@type\":\"PropertyValueSpecification\",\"valueRequired\":true,\"valueName\":\"search_term_string\"}}],\"inLanguage\":\"en-US\"}]}<\/script>\n<!-- \/ Yoast SEO Premium plugin. -->","yoast_head_json":{"title":"Foire aux questions - Espace Plomberium","description":"Foire aux questions Espace Plomberium : Retrouvez toutes les r\u00e9ponses \u00e0 vos questions sur nos services.","robots":{"index":"index","follow":"follow","max-snippet":"max-snippet:-1","max-image-preview":"max-image-preview:large","max-video-preview":"max-video-preview:-1"},"canonical":"https:\/\/cms.bravobusinessmedia.com\/espace\/foire-aux-questions\/","og_locale":"en_US","og_type":"article","og_title":"Foire aux questions","og_description":"Foire aux questions Espace Plomberium : Retrouvez toutes les r\u00e9ponses \u00e0 vos questions sur nos services.","og_url":"https:\/\/cms.bravobusinessmedia.com\/espace\/foire-aux-questions\/","og_site_name":"Espace Plomberium","article_modified_time":"2026-01-13T17:03:52+00:00","twitter_card":"summary_large_image","twitter_misc":{"Est. reading time":"3 minutes"},"schema":{"@context":"https:\/\/schema.org","@graph":[{"@type":"WebPage","@id":"https:\/\/cms.bravobusinessmedia.com\/espace\/foire-aux-questions\/","url":"https:\/\/cms.bravobusinessmedia.com\/espace\/foire-aux-questions\/","name":"Foire aux questions - Espace Plomberium","isPartOf":{"@id":"https:\/\/cms.bravobusinessmedia.com\/espace\/#website"},"datePublished":"2026-01-05T13:59:10+00:00","dateModified":"2026-01-13T17:03:52+00:00","description":"Foire aux questions Espace Plomberium : Retrouvez toutes les r\u00e9ponses \u00e0 vos questions sur nos services.","breadcrumb":{"@id":"https:\/\/cms.bravobusinessmedia.com\/espace\/foire-aux-questions\/#breadcrumb"},"inLanguage":"en-US","potentialAction":[{"@type":"ReadAction","target":["https:\/\/cms.bravobusinessmedia.com\/espace\/foire-aux-questions\/"]}]},{"@type":"BreadcrumbList","@id":"https:\/\/cms.bravobusinessmedia.com\/espace\/foire-aux-questions\/#breadcrumb","itemListElement":[{"@type":"ListItem","position":1,"name":"Home","item":"https:\/\/cms.bravobusinessmedia.com\/espace\/"},{"@type":"ListItem","position":2,"name":"Foire aux questions"}]},{"@type":"WebSite","@id":"https:\/\/cms.bravobusinessmedia.com\/espace\/#website","url":"https:\/\/cms.bravobusinessmedia.com\/espace\/","name":"Espace Plomberium","description":"","potentialAction":[{"@type":"SearchAction","target":{"@type":"EntryPoint","urlTemplate":"https:\/\/cms.bravobusinessmedia.com\/espace\/?s={search_term_string}"},"query-input":{"@type":"PropertyValueSpecification","valueRequired":true,"valueName":"search_term_string"}}],"inLanguage":"en-US"}]}},"lang":"en","translations":{"en":4123},"pll_sync_post":[],"_links":{"self":[{"href":"https:\/\/cms.bravobusinessmedia.com\/espace\/wp-json\/wp\/v2\/pages\/4123","targetHints":{"allow":["GET"]}}],"collection":[{"href":"https:\/\/cms.bravobusinessmedia.com\/espace\/wp-json\/wp\/v2\/pages"}],"about":[{"href":"https:\/\/cms.bravobusinessmedia.com\/espace\/wp-json\/wp\/v2\/types\/page"}],"author":[{"embeddable":true,"href":"https:\/\/cms.bravobusinessmedia.com\/espace\/wp-json\/wp\/v2\/users\/22"}],"replies":[{"embeddable":true,"href":"https:\/\/cms.bravobusinessmedia.com\/espace\/wp-json\/wp\/v2\/comments?post=4123"}],"version-history":[{"count":0,"href":"https:\/\/cms.bravobusinessmedia.com\/espace\/wp-json\/wp\/v2\/pages\/4123\/revisions"}],"wp:attachment":[{"href":"https:\/\/cms.bravobusinessmedia.com\/espace\/wp-json\/wp\/v2\/media?parent=4123"}],"curies":[{"name":"wp","href":"https:\/\/api.w.org\/{rel}","templated":true}]}}