{"id":4154,"date":"2026-01-27T10:44:36","date_gmt":"2026-01-27T10:44:36","guid":{"rendered":"https:\/\/cms.bravobusinessmedia.com\/espace\/?page_id=4154"},"modified":"2026-02-18T15:01:17","modified_gmt":"2026-02-18T15:01:17","slug":"marque-vanico-maronyx","status":"publish","type":"page","link":"https:\/\/cms.bravobusinessmedia.com\/espace\/fr\/marque-vanico-maronyx\/","title":{"rendered":"Produits de la marque Vanico Maronyx"},"content":{"rendered":"\n<div class=\"wp-block-group container\"><div class=\"wp-block-group__inner-container is-layout-constrained wp-block-group-is-layout-constrained\">\n<div class=\"wp-block-columns are-vertically-aligned-center py-5 is-layout-flex wp-container-core-columns-is-layout-9d6595d7 wp-block-columns-is-layout-flex\">\n<div class=\"wp-block-column is-layout-flow wp-block-column-is-layout-flow\">\n<figure role=\"none\" class=\"wp-block-image size-full is-resized img-fluid shadow-sm\"><img loading=\"lazy\" decoding=\"async\" width=\"960\" height=\"960\" src=\"https:\/\/cms.bravobusinessmedia.com\/espace\/wp-content\/uploads\/sites\/14\/2026\/01\/Plaza_Transitional_WPO-202-C_Q-LIB_RGB_HR_croppe.jpg\" alt=\"Vanico Maronyx - Vanit\u00e9s de salle de bain personnalisables chez Espace Plomberium\" class=\"wp-image-4181\" style=\"width:453px;height:auto\" srcset=\"https:\/\/cms.bravobusinessmedia.com\/espace\/wp-content\/uploads\/sites\/14\/2026\/01\/Plaza_Transitional_WPO-202-C_Q-LIB_RGB_HR_croppe.jpg 960w, https:\/\/cms.bravobusinessmedia.com\/espace\/wp-content\/uploads\/sites\/14\/2026\/01\/Plaza_Transitional_WPO-202-C_Q-LIB_RGB_HR_croppe-300x300.jpg 300w, https:\/\/cms.bravobusinessmedia.com\/espace\/wp-content\/uploads\/sites\/14\/2026\/01\/Plaza_Transitional_WPO-202-C_Q-LIB_RGB_HR_croppe-150x150.jpg 150w, https:\/\/cms.bravobusinessmedia.com\/espace\/wp-content\/uploads\/sites\/14\/2026\/01\/Plaza_Transitional_WPO-202-C_Q-LIB_RGB_HR_croppe-768x768.jpg 768w\" sizes=\"auto, (max-width: 960px) 100vw, 960px\" \/><\/figure>\n<\/div>\n\n\n\n<div class=\"wp-block-column pl-lg-5 is-layout-flow wp-block-column-is-layout-flow\">\n<h1 class=\"wp-block-heading text-primary mb-4\" id=\"h-produits-de-la-marque-vanico-maronyx\">Produits de la marque Vanico Maronyx<\/h1>\n\n\n\n<p class=\"mb-3\">Fort d&#8217;une exp\u00e9rience de plus de 40 ans, le manufacturier qu\u00e9b\u00e9cois VANICO-MARONYX con\u00e7oit du mobilier, des lavabos et des comptoirs optimis\u00e9s avec soin pour la salle de bains.<\/p>\n\n\n\n<p class=\"mb-3\">Reconnue pour la grande personnalisation de ses designs esth\u00e9tiques et fonctionnels, l\u2019entreprise mise sur sa cr\u00e9ativit\u00e9 et sa flexibilit\u00e9 manufacturi\u00e8re pour offrir des solutions adapt\u00e9es \u00e0 chaque projet. Certains produits sont enti\u00e8rement personnalisables, permettant une configuration sur mesure selon vos pr\u00e9f\u00e9rences.<\/p>\n\n\n\n<p class=\"mb-3\"><strong>Nos conseillers experts sont l\u00e0 pour vous accompagner et vous fournir toutes les informations n\u00e9cessaires sur les produits de cette marque : finis, dimensions, options de personnalisation, prix, etc. N\u2019h\u00e9sitez pas \u00e0 les consulter pour concr\u00e9tiser votre projet en toute confiance. <\/strong><\/p>\n\n\n\n<h3 class=\"wp-block-heading\" id=\"h-pour-en-savoir-davantage-sur-ces-produits-renseignez-vous-aupres-de-nos-conseillers\"><strong>Pour en savoir davantage sur ces produits renseignez vous aupr\u00e8s de nos conseillers.<\/strong><\/h3>\n\n\n\n<p><\/p>\n\n\n\n<p class=\"btn btn-primary\"><a href=\"https:\/\/www.espaceplomberium.com\/fr\/Search-Vanico-maronyx-v01.htm?searchbar=vanico%20maronyx\">Consulter les produits de la marque Vanico Maronyx <\/a><\/p>\n<\/div>\n<\/div>\n<\/div><\/div>\n\n\n\n<p><\/p>\n","protected":false},"excerpt":{"rendered":"<p>Produits de la marque Vanico Maronyx Fort d&#8217;une exp\u00e9rience de plus de 40 ans, le manufacturier qu\u00e9b\u00e9cois VANICO-MARONYX con\u00e7oit du mobilier, des lavabos et des comptoirs optimis\u00e9s avec soin pour la salle de bains. Reconnue pour la grande personnalisation de ses designs esth\u00e9tiques et fonctionnels, l\u2019entreprise mise sur sa cr\u00e9ativit\u00e9 et sa flexibilit\u00e9 manufacturi\u00e8re pour [&hellip;]<\/p>\n","protected":false},"author":23,"featured_media":0,"parent":0,"menu_order":0,"comment_status":"closed","ping_status":"closed","template":"","meta":{"_acf_changed":false,"footnotes":""},"class_list":["post-4154","page","type-page","status-publish","hentry"],"acf":{"seo_keywords":"Produits de la marque Vanico Maronyx - Chez Espace Plomberium"},"yoast_head":"<!-- This site is optimized with the Yoast SEO Premium plugin v25.4 (Yoast SEO v27.3) - https:\/\/yoast.com\/product\/yoast-seo-premium-wordpress\/ -->\n<title>\u00c0 propos<\/title>\n<meta name=\"description\" content=\"Produits de plomberie de la marque Vanico Maronyx, chez Espace Plomberium.\" \/>\n<meta name=\"robots\" content=\"index, follow, max-snippet:-1, max-image-preview:large, max-video-preview:-1\" \/>\n<link rel=\"canonical\" href=\"https:\/\/cms.bravobusinessmedia.com\/espace\/fr\/marque-vanico-maronyx\/\" \/>\n<meta property=\"og:locale\" content=\"en_US\" \/>\n<meta property=\"og:type\" content=\"article\" \/>\n<meta property=\"og:title\" content=\"Produits de la marque Vanico Maronyx\" \/>\n<meta property=\"og:description\" content=\"Produits de plomberie de la marque Vanico Maronyx, chez Espace Plomberium.\" \/>\n<meta property=\"og:url\" content=\"https:\/\/cms.bravobusinessmedia.com\/espace\/fr\/marque-vanico-maronyx\/\" \/>\n<meta property=\"og:site_name\" content=\"Espace Plomberium\" \/>\n<meta property=\"article:modified_time\" content=\"2026-02-18T15:01:17+00:00\" \/>\n<meta property=\"og:image\" content=\"https:\/\/cms.bravobusinessmedia.com\/espace\/wp-content\/uploads\/sites\/14\/2026\/01\/Plaza_Transitional_WPO-202-C_Q-LIB_RGB_HR_croppe.jpg\" \/>\n\t<meta property=\"og:image:width\" content=\"960\" \/>\n\t<meta property=\"og:image:height\" content=\"960\" \/>\n\t<meta property=\"og:image:type\" content=\"image\/jpeg\" \/>\n<meta name=\"twitter:card\" content=\"summary_large_image\" \/>\n<meta name=\"twitter:label1\" content=\"Est. reading time\" \/>\n\t<meta name=\"twitter:data1\" content=\"1 minute\" \/>\n<script type=\"application\/ld+json\" class=\"yoast-schema-graph\">{\"@context\":\"https:\\\/\\\/schema.org\",\"@graph\":[{\"@type\":\"WebPage\",\"@id\":\"https:\\\/\\\/cms.bravobusinessmedia.com\\\/espace\\\/fr\\\/marque-vanico-maronyx\\\/\",\"url\":\"https:\\\/\\\/cms.bravobusinessmedia.com\\\/espace\\\/fr\\\/marque-vanico-maronyx\\\/\",\"name\":\"\u00c0 propos\",\"isPartOf\":{\"@id\":\"https:\\\/\\\/cms.bravobusinessmedia.com\\\/espace\\\/#website\"},\"primaryImageOfPage\":{\"@id\":\"https:\\\/\\\/cms.bravobusinessmedia.com\\\/espace\\\/fr\\\/marque-vanico-maronyx\\\/#primaryimage\"},\"image\":{\"@id\":\"https:\\\/\\\/cms.bravobusinessmedia.com\\\/espace\\\/fr\\\/marque-vanico-maronyx\\\/#primaryimage\"},\"thumbnailUrl\":\"https:\\\/\\\/cms.bravobusinessmedia.com\\\/espace\\\/wp-content\\\/uploads\\\/sites\\\/14\\\/2026\\\/01\\\/Plaza_Transitional_WPO-202-C_Q-LIB_RGB_HR_croppe.jpg\",\"datePublished\":\"2026-01-27T10:44:36+00:00\",\"dateModified\":\"2026-02-18T15:01:17+00:00\",\"description\":\"Produits de plomberie de la marque Vanico Maronyx, chez Espace Plomberium.\",\"breadcrumb\":{\"@id\":\"https:\\\/\\\/cms.bravobusinessmedia.com\\\/espace\\\/fr\\\/marque-vanico-maronyx\\\/#breadcrumb\"},\"inLanguage\":\"en-US\",\"potentialAction\":[{\"@type\":\"ReadAction\",\"target\":[\"https:\\\/\\\/cms.bravobusinessmedia.com\\\/espace\\\/fr\\\/marque-vanico-maronyx\\\/\"]}]},{\"@type\":\"ImageObject\",\"inLanguage\":\"en-US\",\"@id\":\"https:\\\/\\\/cms.bravobusinessmedia.com\\\/espace\\\/fr\\\/marque-vanico-maronyx\\\/#primaryimage\",\"url\":\"https:\\\/\\\/cms.bravobusinessmedia.com\\\/espace\\\/wp-content\\\/uploads\\\/sites\\\/14\\\/2026\\\/01\\\/Plaza_Transitional_WPO-202-C_Q-LIB_RGB_HR_croppe.jpg\",\"contentUrl\":\"https:\\\/\\\/cms.bravobusinessmedia.com\\\/espace\\\/wp-content\\\/uploads\\\/sites\\\/14\\\/2026\\\/01\\\/Plaza_Transitional_WPO-202-C_Q-LIB_RGB_HR_croppe.jpg\",\"width\":960,\"height\":960,\"caption\":\"Vanico Maronyx - Vanit\u00e9s de salle de bain personnalisables chez Espace Plomberium\"},{\"@type\":\"BreadcrumbList\",\"@id\":\"https:\\\/\\\/cms.bravobusinessmedia.com\\\/espace\\\/fr\\\/marque-vanico-maronyx\\\/#breadcrumb\",\"itemListElement\":[{\"@type\":\"ListItem\",\"position\":1,\"name\":\"Home\",\"item\":\"https:\\\/\\\/cms.bravobusinessmedia.com\\\/espace\\\/\"},{\"@type\":\"ListItem\",\"position\":2,\"name\":\"Produits de la marque Vanico Maronyx\"}]},{\"@type\":\"WebSite\",\"@id\":\"https:\\\/\\\/cms.bravobusinessmedia.com\\\/espace\\\/#website\",\"url\":\"https:\\\/\\\/cms.bravobusinessmedia.com\\\/espace\\\/\",\"name\":\"Espace Plomberium\",\"description\":\"\",\"potentialAction\":[{\"@type\":\"SearchAction\",\"target\":{\"@type\":\"EntryPoint\",\"urlTemplate\":\"https:\\\/\\\/cms.bravobusinessmedia.com\\\/espace\\\/?s={search_term_string}\"},\"query-input\":{\"@type\":\"PropertyValueSpecification\",\"valueRequired\":true,\"valueName\":\"search_term_string\"}}],\"inLanguage\":\"en-US\"}]}<\/script>\n<!-- \/ Yoast SEO Premium plugin. -->","yoast_head_json":{"title":"\u00c0 propos","description":"Produits de plomberie de la marque Vanico Maronyx, chez Espace Plomberium.","robots":{"index":"index","follow":"follow","max-snippet":"max-snippet:-1","max-image-preview":"max-image-preview:large","max-video-preview":"max-video-preview:-1"},"canonical":"https:\/\/cms.bravobusinessmedia.com\/espace\/fr\/marque-vanico-maronyx\/","og_locale":"en_US","og_type":"article","og_title":"Produits de la marque Vanico Maronyx","og_description":"Produits de plomberie de la marque Vanico Maronyx, chez Espace Plomberium.","og_url":"https:\/\/cms.bravobusinessmedia.com\/espace\/fr\/marque-vanico-maronyx\/","og_site_name":"Espace Plomberium","article_modified_time":"2026-02-18T15:01:17+00:00","og_image":[{"width":960,"height":960,"url":"https:\/\/cms.bravobusinessmedia.com\/espace\/wp-content\/uploads\/sites\/14\/2026\/01\/Plaza_Transitional_WPO-202-C_Q-LIB_RGB_HR_croppe.jpg","type":"image\/jpeg"}],"twitter_card":"summary_large_image","twitter_misc":{"Est. reading time":"1 minute"},"schema":{"@context":"https:\/\/schema.org","@graph":[{"@type":"WebPage","@id":"https:\/\/cms.bravobusinessmedia.com\/espace\/fr\/marque-vanico-maronyx\/","url":"https:\/\/cms.bravobusinessmedia.com\/espace\/fr\/marque-vanico-maronyx\/","name":"\u00c0 propos","isPartOf":{"@id":"https:\/\/cms.bravobusinessmedia.com\/espace\/#website"},"primaryImageOfPage":{"@id":"https:\/\/cms.bravobusinessmedia.com\/espace\/fr\/marque-vanico-maronyx\/#primaryimage"},"image":{"@id":"https:\/\/cms.bravobusinessmedia.com\/espace\/fr\/marque-vanico-maronyx\/#primaryimage"},"thumbnailUrl":"https:\/\/cms.bravobusinessmedia.com\/espace\/wp-content\/uploads\/sites\/14\/2026\/01\/Plaza_Transitional_WPO-202-C_Q-LIB_RGB_HR_croppe.jpg","datePublished":"2026-01-27T10:44:36+00:00","dateModified":"2026-02-18T15:01:17+00:00","description":"Produits de plomberie de la marque Vanico Maronyx, chez Espace Plomberium.","breadcrumb":{"@id":"https:\/\/cms.bravobusinessmedia.com\/espace\/fr\/marque-vanico-maronyx\/#breadcrumb"},"inLanguage":"en-US","potentialAction":[{"@type":"ReadAction","target":["https:\/\/cms.bravobusinessmedia.com\/espace\/fr\/marque-vanico-maronyx\/"]}]},{"@type":"ImageObject","inLanguage":"en-US","@id":"https:\/\/cms.bravobusinessmedia.com\/espace\/fr\/marque-vanico-maronyx\/#primaryimage","url":"https:\/\/cms.bravobusinessmedia.com\/espace\/wp-content\/uploads\/sites\/14\/2026\/01\/Plaza_Transitional_WPO-202-C_Q-LIB_RGB_HR_croppe.jpg","contentUrl":"https:\/\/cms.bravobusinessmedia.com\/espace\/wp-content\/uploads\/sites\/14\/2026\/01\/Plaza_Transitional_WPO-202-C_Q-LIB_RGB_HR_croppe.jpg","width":960,"height":960,"caption":"Vanico Maronyx - Vanit\u00e9s de salle de bain personnalisables chez Espace Plomberium"},{"@type":"BreadcrumbList","@id":"https:\/\/cms.bravobusinessmedia.com\/espace\/fr\/marque-vanico-maronyx\/#breadcrumb","itemListElement":[{"@type":"ListItem","position":1,"name":"Home","item":"https:\/\/cms.bravobusinessmedia.com\/espace\/"},{"@type":"ListItem","position":2,"name":"Produits de la marque Vanico Maronyx"}]},{"@type":"WebSite","@id":"https:\/\/cms.bravobusinessmedia.com\/espace\/#website","url":"https:\/\/cms.bravobusinessmedia.com\/espace\/","name":"Espace Plomberium","description":"","potentialAction":[{"@type":"SearchAction","target":{"@type":"EntryPoint","urlTemplate":"https:\/\/cms.bravobusinessmedia.com\/espace\/?s={search_term_string}"},"query-input":{"@type":"PropertyValueSpecification","valueRequired":true,"valueName":"search_term_string"}}],"inLanguage":"en-US"}]}},"lang":"fr","translations":{"fr":4154},"pll_sync_post":[],"_links":{"self":[{"href":"https:\/\/cms.bravobusinessmedia.com\/espace\/wp-json\/wp\/v2\/pages\/4154","targetHints":{"allow":["GET"]}}],"collection":[{"href":"https:\/\/cms.bravobusinessmedia.com\/espace\/wp-json\/wp\/v2\/pages"}],"about":[{"href":"https:\/\/cms.bravobusinessmedia.com\/espace\/wp-json\/wp\/v2\/types\/page"}],"author":[{"embeddable":true,"href":"https:\/\/cms.bravobusinessmedia.com\/espace\/wp-json\/wp\/v2\/users\/23"}],"replies":[{"embeddable":true,"href":"https:\/\/cms.bravobusinessmedia.com\/espace\/wp-json\/wp\/v2\/comments?post=4154"}],"version-history":[{"count":5,"href":"https:\/\/cms.bravobusinessmedia.com\/espace\/wp-json\/wp\/v2\/pages\/4154\/revisions"}],"predecessor-version":[{"id":4258,"href":"https:\/\/cms.bravobusinessmedia.com\/espace\/wp-json\/wp\/v2\/pages\/4154\/revisions\/4258"}],"wp:attachment":[{"href":"https:\/\/cms.bravobusinessmedia.com\/espace\/wp-json\/wp\/v2\/media?parent=4154"}],"curies":[{"name":"wp","href":"https:\/\/api.w.org\/{rel}","templated":true}]}}