{"id":4155,"date":"2026-01-27T10:44:39","date_gmt":"2026-01-27T10:44:39","guid":{"rendered":"https:\/\/cms.bravobusinessmedia.com\/espace\/?page_id=4155"},"modified":"2026-02-18T14:53:51","modified_gmt":"2026-02-18T14:53:51","slug":"marques-pierdeco","status":"publish","type":"page","link":"https:\/\/cms.bravobusinessmedia.com\/espace\/fr\/marques-pierdeco\/","title":{"rendered":"Produits de la marque Pierdeco"},"content":{"rendered":"\n<div class=\"wp-block-group container\"><div class=\"wp-block-group__inner-container is-layout-constrained wp-block-group-is-layout-constrained\">\n<div class=\"wp-block-columns are-vertically-aligned-center py-5 is-layout-flex wp-container-core-columns-is-layout-9d6595d7 wp-block-columns-is-layout-flex\">\n<div class=\"wp-block-column is-layout-flow wp-block-column-is-layout-flow\">\n<figure role=\"none\" class=\"wp-block-image size-full img-fluid shadow-sm\"><img loading=\"lazy\" decoding=\"async\" width=\"650\" height=\"400\" src=\"https:\/\/cms.bravobusinessmedia.com\/espace\/wp-content\/uploads\/sites\/14\/2026\/02\/Aquamassage.jpg\" alt=\"Aquamassage marque Pierdeo, chez Espace Plomberium\" class=\"wp-image-4247\" srcset=\"https:\/\/cms.bravobusinessmedia.com\/espace\/wp-content\/uploads\/sites\/14\/2026\/02\/Aquamassage.jpg 650w, https:\/\/cms.bravobusinessmedia.com\/espace\/wp-content\/uploads\/sites\/14\/2026\/02\/Aquamassage-300x185.jpg 300w\" sizes=\"auto, (max-width: 650px) 100vw, 650px\" \/><\/figure>\n<\/div>\n\n\n\n<div class=\"wp-block-column pl-lg-5 is-layout-flow wp-block-column-is-layout-flow\">\n<h1 class=\"wp-block-heading text-primary mb-4\" id=\"h-produits-des-marques-de-pierdeco\">Produits des marques de PierDeco<\/h1>\n\n\n\n<p class=\"mb-3\">PierDeco Design est un distributeur canadien sp\u00e9cialis\u00e9 dans les produits pour la salle de bain et la cuisine. Depuis plus de 40 ans, l\u2019entreprise s\u00e9lectionne des marques reconnues pour leur qualit\u00e9, leur design et la diversit\u00e9 de leurs finis.<\/p>\n\n\n\n<p><strong>Chez Espace Plomberium, vous retrouverez les collections de PierDeco telles que Aquamassage, Aquamobilia, Aet Italia, Palazzani et Salgar. Certains produits sont personnalisables selon vos pr\u00e9f\u00e9rences. Nos conseillers sont l\u00e0 pour vous accompagner et vous fournir toutes les informations n\u00e9cessaires sur ces marques : prix, dimensions, options de personnalisation, finis, etc. <\/strong><\/p>\n\n\n\n<h3 class=\"wp-block-heading\" id=\"h-pour-en-savoir-davantage-sur-ces-produits-renseignez-vous-aupres-de-nos-conseillers\"><strong>Pour en savoir davantage sur ces produits renseignez vous aupr\u00e8s de nos conseillers.<\/strong><br><\/h3>\n\n\n\n<p class=\"mb-3\"><\/p>\n\n\n\n<p class=\"btn btn-primary\"><a href=\"https:\/\/www.espaceplomberium.com\/fr\/brands.HTML\">Retrouvez les marques de Pierdeco ici<\/a><\/p>\n<\/div>\n<\/div>\n\n\n\n<p><\/p>\n<\/div><\/div>\n\n\n\n<p><\/p>\n","protected":false},"excerpt":{"rendered":"<p>Produits des marques de PierDeco PierDeco Design est un distributeur canadien sp\u00e9cialis\u00e9 dans les produits pour la salle de bain et la cuisine. Depuis plus de 40 ans, l\u2019entreprise s\u00e9lectionne des marques reconnues pour leur qualit\u00e9, leur design et la diversit\u00e9 de leurs finis. Chez Espace Plomberium, vous retrouverez les collections de PierDeco telles que [&hellip;]<\/p>\n","protected":false},"author":23,"featured_media":0,"parent":0,"menu_order":0,"comment_status":"closed","ping_status":"closed","template":"","meta":{"_acf_changed":false,"footnotes":""},"class_list":["post-4155","page","type-page","status-publish","hentry"],"acf":{"seo_keywords":"Produits de plomberie de la marque Pierdeco, chez Espace Plomberium."},"yoast_head":"<!-- This site is optimized with the Yoast SEO Premium plugin v25.4 (Yoast SEO v27.3) - https:\/\/yoast.com\/product\/yoast-seo-premium-wordpress\/ -->\n<title>\u00c0 propos<\/title>\n<meta name=\"description\" content=\"Produits de plomberie de la marque Pierdeco, chez Espace Plomberium.\" \/>\n<meta name=\"robots\" content=\"index, follow, max-snippet:-1, max-image-preview:large, max-video-preview:-1\" \/>\n<link rel=\"canonical\" href=\"https:\/\/cms.bravobusinessmedia.com\/espace\/fr\/marques-pierdeco\/\" \/>\n<meta property=\"og:locale\" content=\"en_US\" \/>\n<meta property=\"og:type\" content=\"article\" \/>\n<meta property=\"og:title\" content=\"Produits de la marque Pierdeco\" \/>\n<meta property=\"og:description\" content=\"Produits de plomberie de la marque Pierdeco, chez Espace Plomberium.\" \/>\n<meta property=\"og:url\" content=\"https:\/\/cms.bravobusinessmedia.com\/espace\/fr\/marques-pierdeco\/\" \/>\n<meta property=\"og:site_name\" content=\"Espace Plomberium\" \/>\n<meta property=\"article:modified_time\" content=\"2026-02-18T14:53:51+00:00\" \/>\n<meta property=\"og:image\" content=\"https:\/\/cms.bravobusinessmedia.com\/espace\/wp-content\/uploads\/sites\/14\/2026\/02\/Aquamassage.jpg\" \/>\n\t<meta property=\"og:image:width\" content=\"650\" \/>\n\t<meta property=\"og:image:height\" content=\"400\" \/>\n\t<meta property=\"og:image:type\" content=\"image\/jpeg\" \/>\n<meta name=\"twitter:card\" content=\"summary_large_image\" \/>\n<meta name=\"twitter:label1\" content=\"Est. reading time\" \/>\n\t<meta name=\"twitter:data1\" content=\"1 minute\" \/>\n<script type=\"application\/ld+json\" class=\"yoast-schema-graph\">{\"@context\":\"https:\\\/\\\/schema.org\",\"@graph\":[{\"@type\":\"WebPage\",\"@id\":\"https:\\\/\\\/cms.bravobusinessmedia.com\\\/espace\\\/fr\\\/marques-pierdeco\\\/\",\"url\":\"https:\\\/\\\/cms.bravobusinessmedia.com\\\/espace\\\/fr\\\/marques-pierdeco\\\/\",\"name\":\"\u00c0 propos\",\"isPartOf\":{\"@id\":\"https:\\\/\\\/cms.bravobusinessmedia.com\\\/espace\\\/#website\"},\"primaryImageOfPage\":{\"@id\":\"https:\\\/\\\/cms.bravobusinessmedia.com\\\/espace\\\/fr\\\/marques-pierdeco\\\/#primaryimage\"},\"image\":{\"@id\":\"https:\\\/\\\/cms.bravobusinessmedia.com\\\/espace\\\/fr\\\/marques-pierdeco\\\/#primaryimage\"},\"thumbnailUrl\":\"https:\\\/\\\/cms.bravobusinessmedia.com\\\/espace\\\/wp-content\\\/uploads\\\/sites\\\/14\\\/2026\\\/02\\\/Aquamassage.jpg\",\"datePublished\":\"2026-01-27T10:44:39+00:00\",\"dateModified\":\"2026-02-18T14:53:51+00:00\",\"description\":\"Produits de plomberie de la marque Pierdeco, chez Espace Plomberium.\",\"breadcrumb\":{\"@id\":\"https:\\\/\\\/cms.bravobusinessmedia.com\\\/espace\\\/fr\\\/marques-pierdeco\\\/#breadcrumb\"},\"inLanguage\":\"en-US\",\"potentialAction\":[{\"@type\":\"ReadAction\",\"target\":[\"https:\\\/\\\/cms.bravobusinessmedia.com\\\/espace\\\/fr\\\/marques-pierdeco\\\/\"]}]},{\"@type\":\"ImageObject\",\"inLanguage\":\"en-US\",\"@id\":\"https:\\\/\\\/cms.bravobusinessmedia.com\\\/espace\\\/fr\\\/marques-pierdeco\\\/#primaryimage\",\"url\":\"https:\\\/\\\/cms.bravobusinessmedia.com\\\/espace\\\/wp-content\\\/uploads\\\/sites\\\/14\\\/2026\\\/02\\\/Aquamassage.jpg\",\"contentUrl\":\"https:\\\/\\\/cms.bravobusinessmedia.com\\\/espace\\\/wp-content\\\/uploads\\\/sites\\\/14\\\/2026\\\/02\\\/Aquamassage.jpg\",\"width\":650,\"height\":400,\"caption\":\"Aquamassage marque Pierdeo, chez Espace Plomberium\"},{\"@type\":\"BreadcrumbList\",\"@id\":\"https:\\\/\\\/cms.bravobusinessmedia.com\\\/espace\\\/fr\\\/marques-pierdeco\\\/#breadcrumb\",\"itemListElement\":[{\"@type\":\"ListItem\",\"position\":1,\"name\":\"Home\",\"item\":\"https:\\\/\\\/cms.bravobusinessmedia.com\\\/espace\\\/\"},{\"@type\":\"ListItem\",\"position\":2,\"name\":\"Produits de la marque Pierdeco\"}]},{\"@type\":\"WebSite\",\"@id\":\"https:\\\/\\\/cms.bravobusinessmedia.com\\\/espace\\\/#website\",\"url\":\"https:\\\/\\\/cms.bravobusinessmedia.com\\\/espace\\\/\",\"name\":\"Espace Plomberium\",\"description\":\"\",\"potentialAction\":[{\"@type\":\"SearchAction\",\"target\":{\"@type\":\"EntryPoint\",\"urlTemplate\":\"https:\\\/\\\/cms.bravobusinessmedia.com\\\/espace\\\/?s={search_term_string}\"},\"query-input\":{\"@type\":\"PropertyValueSpecification\",\"valueRequired\":true,\"valueName\":\"search_term_string\"}}],\"inLanguage\":\"en-US\"}]}<\/script>\n<!-- \/ Yoast SEO Premium plugin. -->","yoast_head_json":{"title":"\u00c0 propos","description":"Produits de plomberie de la marque Pierdeco, chez Espace Plomberium.","robots":{"index":"index","follow":"follow","max-snippet":"max-snippet:-1","max-image-preview":"max-image-preview:large","max-video-preview":"max-video-preview:-1"},"canonical":"https:\/\/cms.bravobusinessmedia.com\/espace\/fr\/marques-pierdeco\/","og_locale":"en_US","og_type":"article","og_title":"Produits de la marque Pierdeco","og_description":"Produits de plomberie de la marque Pierdeco, chez Espace Plomberium.","og_url":"https:\/\/cms.bravobusinessmedia.com\/espace\/fr\/marques-pierdeco\/","og_site_name":"Espace Plomberium","article_modified_time":"2026-02-18T14:53:51+00:00","og_image":[{"width":650,"height":400,"url":"https:\/\/cms.bravobusinessmedia.com\/espace\/wp-content\/uploads\/sites\/14\/2026\/02\/Aquamassage.jpg","type":"image\/jpeg"}],"twitter_card":"summary_large_image","twitter_misc":{"Est. reading time":"1 minute"},"schema":{"@context":"https:\/\/schema.org","@graph":[{"@type":"WebPage","@id":"https:\/\/cms.bravobusinessmedia.com\/espace\/fr\/marques-pierdeco\/","url":"https:\/\/cms.bravobusinessmedia.com\/espace\/fr\/marques-pierdeco\/","name":"\u00c0 propos","isPartOf":{"@id":"https:\/\/cms.bravobusinessmedia.com\/espace\/#website"},"primaryImageOfPage":{"@id":"https:\/\/cms.bravobusinessmedia.com\/espace\/fr\/marques-pierdeco\/#primaryimage"},"image":{"@id":"https:\/\/cms.bravobusinessmedia.com\/espace\/fr\/marques-pierdeco\/#primaryimage"},"thumbnailUrl":"https:\/\/cms.bravobusinessmedia.com\/espace\/wp-content\/uploads\/sites\/14\/2026\/02\/Aquamassage.jpg","datePublished":"2026-01-27T10:44:39+00:00","dateModified":"2026-02-18T14:53:51+00:00","description":"Produits de plomberie de la marque Pierdeco, chez Espace Plomberium.","breadcrumb":{"@id":"https:\/\/cms.bravobusinessmedia.com\/espace\/fr\/marques-pierdeco\/#breadcrumb"},"inLanguage":"en-US","potentialAction":[{"@type":"ReadAction","target":["https:\/\/cms.bravobusinessmedia.com\/espace\/fr\/marques-pierdeco\/"]}]},{"@type":"ImageObject","inLanguage":"en-US","@id":"https:\/\/cms.bravobusinessmedia.com\/espace\/fr\/marques-pierdeco\/#primaryimage","url":"https:\/\/cms.bravobusinessmedia.com\/espace\/wp-content\/uploads\/sites\/14\/2026\/02\/Aquamassage.jpg","contentUrl":"https:\/\/cms.bravobusinessmedia.com\/espace\/wp-content\/uploads\/sites\/14\/2026\/02\/Aquamassage.jpg","width":650,"height":400,"caption":"Aquamassage marque Pierdeo, chez Espace Plomberium"},{"@type":"BreadcrumbList","@id":"https:\/\/cms.bravobusinessmedia.com\/espace\/fr\/marques-pierdeco\/#breadcrumb","itemListElement":[{"@type":"ListItem","position":1,"name":"Home","item":"https:\/\/cms.bravobusinessmedia.com\/espace\/"},{"@type":"ListItem","position":2,"name":"Produits de la marque Pierdeco"}]},{"@type":"WebSite","@id":"https:\/\/cms.bravobusinessmedia.com\/espace\/#website","url":"https:\/\/cms.bravobusinessmedia.com\/espace\/","name":"Espace Plomberium","description":"","potentialAction":[{"@type":"SearchAction","target":{"@type":"EntryPoint","urlTemplate":"https:\/\/cms.bravobusinessmedia.com\/espace\/?s={search_term_string}"},"query-input":{"@type":"PropertyValueSpecification","valueRequired":true,"valueName":"search_term_string"}}],"inLanguage":"en-US"}]}},"lang":"fr","translations":{"fr":4155},"pll_sync_post":[],"_links":{"self":[{"href":"https:\/\/cms.bravobusinessmedia.com\/espace\/wp-json\/wp\/v2\/pages\/4155","targetHints":{"allow":["GET"]}}],"collection":[{"href":"https:\/\/cms.bravobusinessmedia.com\/espace\/wp-json\/wp\/v2\/pages"}],"about":[{"href":"https:\/\/cms.bravobusinessmedia.com\/espace\/wp-json\/wp\/v2\/types\/page"}],"author":[{"embeddable":true,"href":"https:\/\/cms.bravobusinessmedia.com\/espace\/wp-json\/wp\/v2\/users\/23"}],"replies":[{"embeddable":true,"href":"https:\/\/cms.bravobusinessmedia.com\/espace\/wp-json\/wp\/v2\/comments?post=4155"}],"version-history":[{"count":10,"href":"https:\/\/cms.bravobusinessmedia.com\/espace\/wp-json\/wp\/v2\/pages\/4155\/revisions"}],"predecessor-version":[{"id":4256,"href":"https:\/\/cms.bravobusinessmedia.com\/espace\/wp-json\/wp\/v2\/pages\/4155\/revisions\/4256"}],"wp:attachment":[{"href":"https:\/\/cms.bravobusinessmedia.com\/espace\/wp-json\/wp\/v2\/media?parent=4155"}],"curies":[{"name":"wp","href":"https:\/\/api.w.org\/{rel}","templated":true}]}}