{"id":4156,"date":"2026-01-27T10:41:39","date_gmt":"2026-01-27T10:41:39","guid":{"rendered":"https:\/\/cms.bravobusinessmedia.com\/espace\/?page_id=4156"},"modified":"2026-02-18T14:47:21","modified_gmt":"2026-02-18T14:47:21","slug":"marque-wetstyle","status":"publish","type":"page","link":"https:\/\/cms.bravobusinessmedia.com\/espace\/fr\/marque-wetstyle\/","title":{"rendered":"Produits de la marque Wetstyle"},"content":{"rendered":"\n<div class=\"wp-block-group container\"><div class=\"wp-block-group__inner-container is-layout-constrained wp-block-group-is-layout-constrained\">\n<div class=\"wp-block-columns are-vertically-aligned-center py-5 is-layout-flex wp-container-core-columns-is-layout-9d6595d7 wp-block-columns-is-layout-flex\">\n<div class=\"wp-block-column is-layout-flow wp-block-column-is-layout-flow\">\n<figure role=\"none\" class=\"wp-block-image size-full is-resized img-fluid shadow-sm\"><img loading=\"lazy\" decoding=\"async\" width=\"1500\" height=\"1000\" src=\"https:\/\/cms.bravobusinessmedia.com\/espace\/wp-content\/uploads\/sites\/14\/2026\/01\/WETSTYLE-salle-de-bain-baignoire-jacobsen.jpg\" alt=\"WETSTYLE produits de plomberie de salle de bain, baignoire Jacobsen\" class=\"wp-image-4186\" style=\"width:510px;height:auto\" srcset=\"https:\/\/cms.bravobusinessmedia.com\/espace\/wp-content\/uploads\/sites\/14\/2026\/01\/WETSTYLE-salle-de-bain-baignoire-jacobsen.jpg 1500w, https:\/\/cms.bravobusinessmedia.com\/espace\/wp-content\/uploads\/sites\/14\/2026\/01\/WETSTYLE-salle-de-bain-baignoire-jacobsen-300x200.jpg 300w, https:\/\/cms.bravobusinessmedia.com\/espace\/wp-content\/uploads\/sites\/14\/2026\/01\/WETSTYLE-salle-de-bain-baignoire-jacobsen-1024x683.jpg 1024w, https:\/\/cms.bravobusinessmedia.com\/espace\/wp-content\/uploads\/sites\/14\/2026\/01\/WETSTYLE-salle-de-bain-baignoire-jacobsen-768x512.jpg 768w\" sizes=\"auto, (max-width: 1500px) 100vw, 1500px\" \/><\/figure>\n<\/div>\n\n\n\n<div class=\"wp-block-column pl-lg-5 is-layout-flow wp-block-column-is-layout-flow\">\n<h1 class=\"wp-block-heading text-primary mb-4\" id=\"h-produits-de-la-marque-wetstyle\">Produits de la marque Wetstyle<\/h1>\n\n\n\n<p class=\"mb-3\">WETSTYLE con\u00e7oit des baignoires, lavabos, meubles et accessoires pour la salle de bain, alliant design contemporain et fabrication artisanale.<\/p>\n\n\n\n<p class=\"mb-3\"><strong>Plusieurs collections offrent des options de personnalisation, tant au niveau des dimensions que des finis. Nos conseillers sont l\u00e0 pour vous accompagner et vous fournir toutes les informations n\u00e9cessaires sur les produits WETSTYLE afin de vous aider \u00e0 concr\u00e9tiser vos projets.<\/strong><\/p>\n\n\n\n<h3 class=\"wp-block-heading\" id=\"h-pour-en-savoir-davantage-sur-ces-produits-renseignez-vous-aupres-de-nos-conseillers\"><strong>Pour en savoir davantage sur ces produits renseignez vous aupr\u00e8s de nos conseillers.<\/strong><\/h3>\n\n\n\n<p class=\"btn btn-primary\"><a href=\"https:\/\/www.espaceplomberium.com\/fr\/Wet-style-v1.htm\">Consultez les produits de la marque Weststyle<\/a><\/p>\n<\/div>\n<\/div>\n<\/div><\/div>\n\n\n\n<p><\/p>\n","protected":false},"excerpt":{"rendered":"<p>Produits de la marque Wetstyle WETSTYLE con\u00e7oit des baignoires, lavabos, meubles et accessoires pour la salle de bain, alliant design contemporain et fabrication artisanale. Plusieurs collections offrent des options de personnalisation, tant au niveau des dimensions que des finis. Nos conseillers sont l\u00e0 pour vous accompagner et vous fournir toutes les informations n\u00e9cessaires sur les [&hellip;]<\/p>\n","protected":false},"author":23,"featured_media":0,"parent":0,"menu_order":0,"comment_status":"closed","ping_status":"closed","template":"","meta":{"_acf_changed":false,"footnotes":""},"class_list":["post-4156","page","type-page","status-publish","hentry"],"acf":{"seo_keywords":""},"yoast_head":"<!-- This site is optimized with the Yoast SEO Premium plugin v25.4 (Yoast SEO v27.3) - https:\/\/yoast.com\/product\/yoast-seo-premium-wordpress\/ -->\n<title>\u00c0 propos<\/title>\n<meta name=\"description\" content=\"Produits de plomberie de la marque Wetstyle, chez Espace Plomberium.\" \/>\n<meta name=\"robots\" content=\"index, follow, max-snippet:-1, max-image-preview:large, max-video-preview:-1\" \/>\n<link rel=\"canonical\" href=\"https:\/\/cms.bravobusinessmedia.com\/espace\/fr\/marque-wetstyle\/\" \/>\n<meta property=\"og:locale\" content=\"en_US\" \/>\n<meta property=\"og:type\" content=\"article\" \/>\n<meta property=\"og:title\" content=\"Produits de la marque Wetstyle\" \/>\n<meta property=\"og:description\" content=\"Produits de plomberie de la marque Wetstyle, chez Espace Plomberium.\" \/>\n<meta property=\"og:url\" content=\"https:\/\/cms.bravobusinessmedia.com\/espace\/fr\/marque-wetstyle\/\" \/>\n<meta property=\"og:site_name\" content=\"Espace Plomberium\" \/>\n<meta property=\"article:modified_time\" content=\"2026-02-18T14:47:21+00:00\" \/>\n<meta property=\"og:image\" content=\"https:\/\/cms.bravobusinessmedia.com\/espace\/wp-content\/uploads\/sites\/14\/2026\/01\/WETSTYLE-salle-de-bain-baignoire-jacobsen.jpg\" \/>\n\t<meta property=\"og:image:width\" content=\"1500\" \/>\n\t<meta property=\"og:image:height\" content=\"1000\" \/>\n\t<meta property=\"og:image:type\" content=\"image\/jpeg\" \/>\n<meta name=\"twitter:card\" content=\"summary_large_image\" \/>\n<meta name=\"twitter:label1\" content=\"Est. reading time\" \/>\n\t<meta name=\"twitter:data1\" content=\"1 minute\" \/>\n<script type=\"application\/ld+json\" class=\"yoast-schema-graph\">{\"@context\":\"https:\\\/\\\/schema.org\",\"@graph\":[{\"@type\":\"WebPage\",\"@id\":\"https:\\\/\\\/cms.bravobusinessmedia.com\\\/espace\\\/fr\\\/marque-wetstyle\\\/\",\"url\":\"https:\\\/\\\/cms.bravobusinessmedia.com\\\/espace\\\/fr\\\/marque-wetstyle\\\/\",\"name\":\"\u00c0 propos\",\"isPartOf\":{\"@id\":\"https:\\\/\\\/cms.bravobusinessmedia.com\\\/espace\\\/#website\"},\"primaryImageOfPage\":{\"@id\":\"https:\\\/\\\/cms.bravobusinessmedia.com\\\/espace\\\/fr\\\/marque-wetstyle\\\/#primaryimage\"},\"image\":{\"@id\":\"https:\\\/\\\/cms.bravobusinessmedia.com\\\/espace\\\/fr\\\/marque-wetstyle\\\/#primaryimage\"},\"thumbnailUrl\":\"https:\\\/\\\/cms.bravobusinessmedia.com\\\/espace\\\/wp-content\\\/uploads\\\/sites\\\/14\\\/2026\\\/01\\\/WETSTYLE-salle-de-bain-baignoire-jacobsen.jpg\",\"datePublished\":\"2026-01-27T10:41:39+00:00\",\"dateModified\":\"2026-02-18T14:47:21+00:00\",\"description\":\"Produits de plomberie de la marque Wetstyle, chez Espace Plomberium.\",\"breadcrumb\":{\"@id\":\"https:\\\/\\\/cms.bravobusinessmedia.com\\\/espace\\\/fr\\\/marque-wetstyle\\\/#breadcrumb\"},\"inLanguage\":\"en-US\",\"potentialAction\":[{\"@type\":\"ReadAction\",\"target\":[\"https:\\\/\\\/cms.bravobusinessmedia.com\\\/espace\\\/fr\\\/marque-wetstyle\\\/\"]}]},{\"@type\":\"ImageObject\",\"inLanguage\":\"en-US\",\"@id\":\"https:\\\/\\\/cms.bravobusinessmedia.com\\\/espace\\\/fr\\\/marque-wetstyle\\\/#primaryimage\",\"url\":\"https:\\\/\\\/cms.bravobusinessmedia.com\\\/espace\\\/wp-content\\\/uploads\\\/sites\\\/14\\\/2026\\\/01\\\/WETSTYLE-salle-de-bain-baignoire-jacobsen.jpg\",\"contentUrl\":\"https:\\\/\\\/cms.bravobusinessmedia.com\\\/espace\\\/wp-content\\\/uploads\\\/sites\\\/14\\\/2026\\\/01\\\/WETSTYLE-salle-de-bain-baignoire-jacobsen.jpg\",\"width\":1500,\"height\":1000,\"caption\":\"WETSTYLE produits de plomberie de salle de bain, baignoire Jacobsen\"},{\"@type\":\"BreadcrumbList\",\"@id\":\"https:\\\/\\\/cms.bravobusinessmedia.com\\\/espace\\\/fr\\\/marque-wetstyle\\\/#breadcrumb\",\"itemListElement\":[{\"@type\":\"ListItem\",\"position\":1,\"name\":\"Home\",\"item\":\"https:\\\/\\\/cms.bravobusinessmedia.com\\\/espace\\\/\"},{\"@type\":\"ListItem\",\"position\":2,\"name\":\"Produits de la marque Wetstyle\"}]},{\"@type\":\"WebSite\",\"@id\":\"https:\\\/\\\/cms.bravobusinessmedia.com\\\/espace\\\/#website\",\"url\":\"https:\\\/\\\/cms.bravobusinessmedia.com\\\/espace\\\/\",\"name\":\"Espace Plomberium\",\"description\":\"\",\"potentialAction\":[{\"@type\":\"SearchAction\",\"target\":{\"@type\":\"EntryPoint\",\"urlTemplate\":\"https:\\\/\\\/cms.bravobusinessmedia.com\\\/espace\\\/?s={search_term_string}\"},\"query-input\":{\"@type\":\"PropertyValueSpecification\",\"valueRequired\":true,\"valueName\":\"search_term_string\"}}],\"inLanguage\":\"en-US\"}]}<\/script>\n<!-- \/ Yoast SEO Premium plugin. -->","yoast_head_json":{"title":"\u00c0 propos","description":"Produits de plomberie de la marque Wetstyle, chez Espace Plomberium.","robots":{"index":"index","follow":"follow","max-snippet":"max-snippet:-1","max-image-preview":"max-image-preview:large","max-video-preview":"max-video-preview:-1"},"canonical":"https:\/\/cms.bravobusinessmedia.com\/espace\/fr\/marque-wetstyle\/","og_locale":"en_US","og_type":"article","og_title":"Produits de la marque Wetstyle","og_description":"Produits de plomberie de la marque Wetstyle, chez Espace Plomberium.","og_url":"https:\/\/cms.bravobusinessmedia.com\/espace\/fr\/marque-wetstyle\/","og_site_name":"Espace Plomberium","article_modified_time":"2026-02-18T14:47:21+00:00","og_image":[{"width":1500,"height":1000,"url":"https:\/\/cms.bravobusinessmedia.com\/espace\/wp-content\/uploads\/sites\/14\/2026\/01\/WETSTYLE-salle-de-bain-baignoire-jacobsen.jpg","type":"image\/jpeg"}],"twitter_card":"summary_large_image","twitter_misc":{"Est. reading time":"1 minute"},"schema":{"@context":"https:\/\/schema.org","@graph":[{"@type":"WebPage","@id":"https:\/\/cms.bravobusinessmedia.com\/espace\/fr\/marque-wetstyle\/","url":"https:\/\/cms.bravobusinessmedia.com\/espace\/fr\/marque-wetstyle\/","name":"\u00c0 propos","isPartOf":{"@id":"https:\/\/cms.bravobusinessmedia.com\/espace\/#website"},"primaryImageOfPage":{"@id":"https:\/\/cms.bravobusinessmedia.com\/espace\/fr\/marque-wetstyle\/#primaryimage"},"image":{"@id":"https:\/\/cms.bravobusinessmedia.com\/espace\/fr\/marque-wetstyle\/#primaryimage"},"thumbnailUrl":"https:\/\/cms.bravobusinessmedia.com\/espace\/wp-content\/uploads\/sites\/14\/2026\/01\/WETSTYLE-salle-de-bain-baignoire-jacobsen.jpg","datePublished":"2026-01-27T10:41:39+00:00","dateModified":"2026-02-18T14:47:21+00:00","description":"Produits de plomberie de la marque Wetstyle, chez Espace Plomberium.","breadcrumb":{"@id":"https:\/\/cms.bravobusinessmedia.com\/espace\/fr\/marque-wetstyle\/#breadcrumb"},"inLanguage":"en-US","potentialAction":[{"@type":"ReadAction","target":["https:\/\/cms.bravobusinessmedia.com\/espace\/fr\/marque-wetstyle\/"]}]},{"@type":"ImageObject","inLanguage":"en-US","@id":"https:\/\/cms.bravobusinessmedia.com\/espace\/fr\/marque-wetstyle\/#primaryimage","url":"https:\/\/cms.bravobusinessmedia.com\/espace\/wp-content\/uploads\/sites\/14\/2026\/01\/WETSTYLE-salle-de-bain-baignoire-jacobsen.jpg","contentUrl":"https:\/\/cms.bravobusinessmedia.com\/espace\/wp-content\/uploads\/sites\/14\/2026\/01\/WETSTYLE-salle-de-bain-baignoire-jacobsen.jpg","width":1500,"height":1000,"caption":"WETSTYLE produits de plomberie de salle de bain, baignoire Jacobsen"},{"@type":"BreadcrumbList","@id":"https:\/\/cms.bravobusinessmedia.com\/espace\/fr\/marque-wetstyle\/#breadcrumb","itemListElement":[{"@type":"ListItem","position":1,"name":"Home","item":"https:\/\/cms.bravobusinessmedia.com\/espace\/"},{"@type":"ListItem","position":2,"name":"Produits de la marque Wetstyle"}]},{"@type":"WebSite","@id":"https:\/\/cms.bravobusinessmedia.com\/espace\/#website","url":"https:\/\/cms.bravobusinessmedia.com\/espace\/","name":"Espace Plomberium","description":"","potentialAction":[{"@type":"SearchAction","target":{"@type":"EntryPoint","urlTemplate":"https:\/\/cms.bravobusinessmedia.com\/espace\/?s={search_term_string}"},"query-input":{"@type":"PropertyValueSpecification","valueRequired":true,"valueName":"search_term_string"}}],"inLanguage":"en-US"}]}},"lang":"fr","translations":{"fr":4156},"pll_sync_post":[],"_links":{"self":[{"href":"https:\/\/cms.bravobusinessmedia.com\/espace\/wp-json\/wp\/v2\/pages\/4156","targetHints":{"allow":["GET"]}}],"collection":[{"href":"https:\/\/cms.bravobusinessmedia.com\/espace\/wp-json\/wp\/v2\/pages"}],"about":[{"href":"https:\/\/cms.bravobusinessmedia.com\/espace\/wp-json\/wp\/v2\/types\/page"}],"author":[{"embeddable":true,"href":"https:\/\/cms.bravobusinessmedia.com\/espace\/wp-json\/wp\/v2\/users\/23"}],"replies":[{"embeddable":true,"href":"https:\/\/cms.bravobusinessmedia.com\/espace\/wp-json\/wp\/v2\/comments?post=4156"}],"version-history":[{"count":6,"href":"https:\/\/cms.bravobusinessmedia.com\/espace\/wp-json\/wp\/v2\/pages\/4156\/revisions"}],"predecessor-version":[{"id":4254,"href":"https:\/\/cms.bravobusinessmedia.com\/espace\/wp-json\/wp\/v2\/pages\/4156\/revisions\/4254"}],"wp:attachment":[{"href":"https:\/\/cms.bravobusinessmedia.com\/espace\/wp-json\/wp\/v2\/media?parent=4156"}],"curies":[{"name":"wp","href":"https:\/\/api.w.org\/{rel}","templated":true}]}}