{"id":4157,"date":"2026-01-27T10:44:42","date_gmt":"2026-01-27T10:44:42","guid":{"rendered":"https:\/\/cms.bravobusinessmedia.com\/espace\/?page_id=4157"},"modified":"2026-02-18T14:47:42","modified_gmt":"2026-02-18T14:47:42","slug":"marque-balux","status":"publish","type":"page","link":"https:\/\/cms.bravobusinessmedia.com\/espace\/fr\/marque-balux\/","title":{"rendered":"Produits de la marque Balux"},"content":{"rendered":"\n<div class=\"wp-block-group container\"><div class=\"wp-block-group__inner-container is-layout-constrained wp-block-group-is-layout-constrained\">\n<div class=\"wp-block-columns are-vertically-aligned-center py-5 is-layout-flex wp-container-core-columns-is-layout-9d6595d7 wp-block-columns-is-layout-flex\">\n<div class=\"wp-block-column is-layout-flow wp-block-column-is-layout-flow\">\n<figure role=\"none\" class=\"wp-block-image size-full is-resized img-fluid shadow-sm\"><img loading=\"lazy\" decoding=\"async\" width=\"960\" height=\"1131\" src=\"https:\/\/cms.bravobusinessmedia.com\/espace\/wp-content\/uploads\/sites\/14\/2026\/01\/Balux-produits-de-salle-de-bain-chez-Espace-Plomberium-lavabo.jpg\" alt=\"Balux produits de salle de bain chez Espace Plomberium - lavabo\" class=\"wp-image-4195\" style=\"width:212px;height:auto\" srcset=\"https:\/\/cms.bravobusinessmedia.com\/espace\/wp-content\/uploads\/sites\/14\/2026\/01\/Balux-produits-de-salle-de-bain-chez-Espace-Plomberium-lavabo.jpg 960w, https:\/\/cms.bravobusinessmedia.com\/espace\/wp-content\/uploads\/sites\/14\/2026\/01\/Balux-produits-de-salle-de-bain-chez-Espace-Plomberium-lavabo-255x300.jpg 255w, https:\/\/cms.bravobusinessmedia.com\/espace\/wp-content\/uploads\/sites\/14\/2026\/01\/Balux-produits-de-salle-de-bain-chez-Espace-Plomberium-lavabo-869x1024.jpg 869w, https:\/\/cms.bravobusinessmedia.com\/espace\/wp-content\/uploads\/sites\/14\/2026\/01\/Balux-produits-de-salle-de-bain-chez-Espace-Plomberium-lavabo-768x905.jpg 768w\" sizes=\"auto, (max-width: 960px) 100vw, 960px\" \/><\/figure>\n<\/div>\n\n\n\n<div class=\"wp-block-column pl-lg-5 is-layout-flow wp-block-column-is-layout-flow\">\n<h1 class=\"wp-block-heading text-primary mb-4\" id=\"h-produits-de-la-marque-balux\">Produits de la marque Balux<\/h1>\n\n\n\n<p class=\"mb-3\">Balux con\u00e7oit des lavabos, baignoires et bases de douche en b\u00e9ton, alliant design contemporain et qualit\u00e9 sup\u00e9rieure. Chaque produit se distingue par son esth\u00e9tique unique et son caract\u00e8re authentique, gr\u00e2ce \u00e0 un mat\u00e9riau innovant qui marie \u00e9l\u00e9gance et performance.<br>Les collections Balux offrent une multitude d\u2019options de personnalisation, tant au niveau des dimensions que des finis, afin de s\u2019int\u00e9grer parfaitement \u00e0 tout type de projet. Le b\u00e9ton haute performance utilis\u00e9 assure une durabilit\u00e9 exceptionnelle, une r\u00e9sistance aux taches et \u00e0 la chaleur, ainsi qu\u2019un entretien simplifi\u00e9.<br><strong>L\u2019inventaire de produits Balux est bien plus vaste que celui pr\u00e9sent\u00e9 sur ce site Internet. Des conseillers sp\u00e9cialis\u00e9s sont disponibles pour accompagner chaque \u00e9tape et fournir toutes les informations n\u00e9cessaires sur les produits Balux afin de concr\u00e9tiser vos projets. <\/strong><\/p>\n\n\n\n<h3 class=\"wp-block-heading mb-3\" id=\"h-pour-en-savoir-davantage-sur-ces-produits-renseignez-vous-aupres-de-nos-conseillers\"><strong>Pour en savoir davantage sur ces produits renseignez vous aupr\u00e8s de nos conseillers.<\/strong><\/h3>\n\n\n\n<p class=\"btn btn-primary\"><a href=\"https:\/\/www.espaceplomberium.com\/Search-Balux-v01.htm?searchbar=balux\">Consultez les produits de la marque Balux<\/a><\/p>\n<\/div>\n<\/div>\n<\/div><\/div>\n\n\n\n<p><\/p>\n","protected":false},"excerpt":{"rendered":"<p>Produits de la marque Balux Balux con\u00e7oit des lavabos, baignoires et bases de douche en b\u00e9ton, alliant design contemporain et qualit\u00e9 sup\u00e9rieure. Chaque produit se distingue par son esth\u00e9tique unique et son caract\u00e8re authentique, gr\u00e2ce \u00e0 un mat\u00e9riau innovant qui marie \u00e9l\u00e9gance et performance.Les collections Balux offrent une multitude d\u2019options de personnalisation, tant au niveau [&hellip;]<\/p>\n","protected":false},"author":23,"featured_media":0,"parent":0,"menu_order":0,"comment_status":"closed","ping_status":"closed","template":"","meta":{"_acf_changed":false,"footnotes":""},"class_list":["post-4157","page","type-page","status-publish","hentry"],"acf":{"seo_keywords":"Produits de plomberie de la marque Balux - chez Espace Plomberium"},"yoast_head":"<!-- This site is optimized with the Yoast SEO Premium plugin v25.4 (Yoast SEO v27.3) - https:\/\/yoast.com\/product\/yoast-seo-premium-wordpress\/ -->\n<title>\u00c0 propos<\/title>\n<meta name=\"description\" content=\"Produits de plomberie de la marque Balux - chez Espace Plomberium.\" \/>\n<meta name=\"robots\" content=\"index, follow, max-snippet:-1, max-image-preview:large, max-video-preview:-1\" \/>\n<link rel=\"canonical\" href=\"https:\/\/cms.bravobusinessmedia.com\/espace\/fr\/marque-balux\/\" \/>\n<meta property=\"og:locale\" content=\"en_US\" \/>\n<meta property=\"og:type\" content=\"article\" \/>\n<meta property=\"og:title\" content=\"Produits de la marque Balux\" \/>\n<meta property=\"og:description\" content=\"Produits de plomberie de la marque Balux - chez Espace Plomberium.\" \/>\n<meta property=\"og:url\" content=\"https:\/\/cms.bravobusinessmedia.com\/espace\/fr\/marque-balux\/\" \/>\n<meta property=\"og:site_name\" content=\"Espace Plomberium\" \/>\n<meta property=\"article:modified_time\" content=\"2026-02-18T14:47:42+00:00\" \/>\n<meta property=\"og:image\" content=\"https:\/\/cms.bravobusinessmedia.com\/espace\/wp-content\/uploads\/sites\/14\/2026\/01\/Balux-produits-de-salle-de-bain-chez-Espace-Plomberium-lavabo.jpg\" \/>\n\t<meta property=\"og:image:width\" content=\"960\" \/>\n\t<meta property=\"og:image:height\" content=\"1131\" \/>\n\t<meta property=\"og:image:type\" content=\"image\/jpeg\" \/>\n<meta name=\"twitter:card\" content=\"summary_large_image\" \/>\n<meta name=\"twitter:label1\" content=\"Est. reading time\" \/>\n\t<meta name=\"twitter:data1\" content=\"1 minute\" \/>\n<script type=\"application\/ld+json\" class=\"yoast-schema-graph\">{\"@context\":\"https:\\\/\\\/schema.org\",\"@graph\":[{\"@type\":\"WebPage\",\"@id\":\"https:\\\/\\\/cms.bravobusinessmedia.com\\\/espace\\\/fr\\\/marque-balux\\\/\",\"url\":\"https:\\\/\\\/cms.bravobusinessmedia.com\\\/espace\\\/fr\\\/marque-balux\\\/\",\"name\":\"\u00c0 propos\",\"isPartOf\":{\"@id\":\"https:\\\/\\\/cms.bravobusinessmedia.com\\\/espace\\\/#website\"},\"primaryImageOfPage\":{\"@id\":\"https:\\\/\\\/cms.bravobusinessmedia.com\\\/espace\\\/fr\\\/marque-balux\\\/#primaryimage\"},\"image\":{\"@id\":\"https:\\\/\\\/cms.bravobusinessmedia.com\\\/espace\\\/fr\\\/marque-balux\\\/#primaryimage\"},\"thumbnailUrl\":\"https:\\\/\\\/cms.bravobusinessmedia.com\\\/espace\\\/wp-content\\\/uploads\\\/sites\\\/14\\\/2026\\\/01\\\/Balux-produits-de-salle-de-bain-chez-Espace-Plomberium-lavabo.jpg\",\"datePublished\":\"2026-01-27T10:44:42+00:00\",\"dateModified\":\"2026-02-18T14:47:42+00:00\",\"description\":\"Produits de plomberie de la marque Balux - chez Espace Plomberium.\",\"breadcrumb\":{\"@id\":\"https:\\\/\\\/cms.bravobusinessmedia.com\\\/espace\\\/fr\\\/marque-balux\\\/#breadcrumb\"},\"inLanguage\":\"en-US\",\"potentialAction\":[{\"@type\":\"ReadAction\",\"target\":[\"https:\\\/\\\/cms.bravobusinessmedia.com\\\/espace\\\/fr\\\/marque-balux\\\/\"]}]},{\"@type\":\"ImageObject\",\"inLanguage\":\"en-US\",\"@id\":\"https:\\\/\\\/cms.bravobusinessmedia.com\\\/espace\\\/fr\\\/marque-balux\\\/#primaryimage\",\"url\":\"https:\\\/\\\/cms.bravobusinessmedia.com\\\/espace\\\/wp-content\\\/uploads\\\/sites\\\/14\\\/2026\\\/01\\\/Balux-produits-de-salle-de-bain-chez-Espace-Plomberium-lavabo.jpg\",\"contentUrl\":\"https:\\\/\\\/cms.bravobusinessmedia.com\\\/espace\\\/wp-content\\\/uploads\\\/sites\\\/14\\\/2026\\\/01\\\/Balux-produits-de-salle-de-bain-chez-Espace-Plomberium-lavabo.jpg\",\"width\":960,\"height\":1131,\"caption\":\"Balux produits de salle de bain chez Espace Plomberium - lavabo\"},{\"@type\":\"BreadcrumbList\",\"@id\":\"https:\\\/\\\/cms.bravobusinessmedia.com\\\/espace\\\/fr\\\/marque-balux\\\/#breadcrumb\",\"itemListElement\":[{\"@type\":\"ListItem\",\"position\":1,\"name\":\"Home\",\"item\":\"https:\\\/\\\/cms.bravobusinessmedia.com\\\/espace\\\/\"},{\"@type\":\"ListItem\",\"position\":2,\"name\":\"Produits de la marque Balux\"}]},{\"@type\":\"WebSite\",\"@id\":\"https:\\\/\\\/cms.bravobusinessmedia.com\\\/espace\\\/#website\",\"url\":\"https:\\\/\\\/cms.bravobusinessmedia.com\\\/espace\\\/\",\"name\":\"Espace Plomberium\",\"description\":\"\",\"potentialAction\":[{\"@type\":\"SearchAction\",\"target\":{\"@type\":\"EntryPoint\",\"urlTemplate\":\"https:\\\/\\\/cms.bravobusinessmedia.com\\\/espace\\\/?s={search_term_string}\"},\"query-input\":{\"@type\":\"PropertyValueSpecification\",\"valueRequired\":true,\"valueName\":\"search_term_string\"}}],\"inLanguage\":\"en-US\"}]}<\/script>\n<!-- \/ Yoast SEO Premium plugin. -->","yoast_head_json":{"title":"\u00c0 propos","description":"Produits de plomberie de la marque Balux - chez Espace Plomberium.","robots":{"index":"index","follow":"follow","max-snippet":"max-snippet:-1","max-image-preview":"max-image-preview:large","max-video-preview":"max-video-preview:-1"},"canonical":"https:\/\/cms.bravobusinessmedia.com\/espace\/fr\/marque-balux\/","og_locale":"en_US","og_type":"article","og_title":"Produits de la marque Balux","og_description":"Produits de plomberie de la marque Balux - chez Espace Plomberium.","og_url":"https:\/\/cms.bravobusinessmedia.com\/espace\/fr\/marque-balux\/","og_site_name":"Espace Plomberium","article_modified_time":"2026-02-18T14:47:42+00:00","og_image":[{"width":960,"height":1131,"url":"https:\/\/cms.bravobusinessmedia.com\/espace\/wp-content\/uploads\/sites\/14\/2026\/01\/Balux-produits-de-salle-de-bain-chez-Espace-Plomberium-lavabo.jpg","type":"image\/jpeg"}],"twitter_card":"summary_large_image","twitter_misc":{"Est. reading time":"1 minute"},"schema":{"@context":"https:\/\/schema.org","@graph":[{"@type":"WebPage","@id":"https:\/\/cms.bravobusinessmedia.com\/espace\/fr\/marque-balux\/","url":"https:\/\/cms.bravobusinessmedia.com\/espace\/fr\/marque-balux\/","name":"\u00c0 propos","isPartOf":{"@id":"https:\/\/cms.bravobusinessmedia.com\/espace\/#website"},"primaryImageOfPage":{"@id":"https:\/\/cms.bravobusinessmedia.com\/espace\/fr\/marque-balux\/#primaryimage"},"image":{"@id":"https:\/\/cms.bravobusinessmedia.com\/espace\/fr\/marque-balux\/#primaryimage"},"thumbnailUrl":"https:\/\/cms.bravobusinessmedia.com\/espace\/wp-content\/uploads\/sites\/14\/2026\/01\/Balux-produits-de-salle-de-bain-chez-Espace-Plomberium-lavabo.jpg","datePublished":"2026-01-27T10:44:42+00:00","dateModified":"2026-02-18T14:47:42+00:00","description":"Produits de plomberie de la marque Balux - chez Espace Plomberium.","breadcrumb":{"@id":"https:\/\/cms.bravobusinessmedia.com\/espace\/fr\/marque-balux\/#breadcrumb"},"inLanguage":"en-US","potentialAction":[{"@type":"ReadAction","target":["https:\/\/cms.bravobusinessmedia.com\/espace\/fr\/marque-balux\/"]}]},{"@type":"ImageObject","inLanguage":"en-US","@id":"https:\/\/cms.bravobusinessmedia.com\/espace\/fr\/marque-balux\/#primaryimage","url":"https:\/\/cms.bravobusinessmedia.com\/espace\/wp-content\/uploads\/sites\/14\/2026\/01\/Balux-produits-de-salle-de-bain-chez-Espace-Plomberium-lavabo.jpg","contentUrl":"https:\/\/cms.bravobusinessmedia.com\/espace\/wp-content\/uploads\/sites\/14\/2026\/01\/Balux-produits-de-salle-de-bain-chez-Espace-Plomberium-lavabo.jpg","width":960,"height":1131,"caption":"Balux produits de salle de bain chez Espace Plomberium - lavabo"},{"@type":"BreadcrumbList","@id":"https:\/\/cms.bravobusinessmedia.com\/espace\/fr\/marque-balux\/#breadcrumb","itemListElement":[{"@type":"ListItem","position":1,"name":"Home","item":"https:\/\/cms.bravobusinessmedia.com\/espace\/"},{"@type":"ListItem","position":2,"name":"Produits de la marque Balux"}]},{"@type":"WebSite","@id":"https:\/\/cms.bravobusinessmedia.com\/espace\/#website","url":"https:\/\/cms.bravobusinessmedia.com\/espace\/","name":"Espace Plomberium","description":"","potentialAction":[{"@type":"SearchAction","target":{"@type":"EntryPoint","urlTemplate":"https:\/\/cms.bravobusinessmedia.com\/espace\/?s={search_term_string}"},"query-input":{"@type":"PropertyValueSpecification","valueRequired":true,"valueName":"search_term_string"}}],"inLanguage":"en-US"}]}},"lang":"fr","translations":{"fr":4157},"pll_sync_post":[],"_links":{"self":[{"href":"https:\/\/cms.bravobusinessmedia.com\/espace\/wp-json\/wp\/v2\/pages\/4157","targetHints":{"allow":["GET"]}}],"collection":[{"href":"https:\/\/cms.bravobusinessmedia.com\/espace\/wp-json\/wp\/v2\/pages"}],"about":[{"href":"https:\/\/cms.bravobusinessmedia.com\/espace\/wp-json\/wp\/v2\/types\/page"}],"author":[{"embeddable":true,"href":"https:\/\/cms.bravobusinessmedia.com\/espace\/wp-json\/wp\/v2\/users\/23"}],"replies":[{"embeddable":true,"href":"https:\/\/cms.bravobusinessmedia.com\/espace\/wp-json\/wp\/v2\/comments?post=4157"}],"version-history":[{"count":6,"href":"https:\/\/cms.bravobusinessmedia.com\/espace\/wp-json\/wp\/v2\/pages\/4157\/revisions"}],"predecessor-version":[{"id":4255,"href":"https:\/\/cms.bravobusinessmedia.com\/espace\/wp-json\/wp\/v2\/pages\/4157\/revisions\/4255"}],"wp:attachment":[{"href":"https:\/\/cms.bravobusinessmedia.com\/espace\/wp-json\/wp\/v2\/media?parent=4157"}],"curies":[{"name":"wp","href":"https:\/\/api.w.org\/{rel}","templated":true}]}}