{"id":4158,"date":"2026-01-27T10:44:48","date_gmt":"2026-01-27T10:44:48","guid":{"rendered":"https:\/\/cms.bravobusinessmedia.com\/espace\/?page_id=4158"},"modified":"2026-02-27T19:35:28","modified_gmt":"2026-02-27T19:35:28","slug":"boutique-espace-plomberium","status":"publish","type":"page","link":"https:\/\/cms.bravobusinessmedia.com\/espace\/boutique-espace-plomberium\/","title":{"rendered":"Boutique Espace Plomberium"},"content":{"rendered":"\n<div class=\"wp-block-group container\"><div class=\"wp-block-group__inner-container is-layout-constrained wp-block-group-is-layout-constrained\">\n<div class=\"wp-block-columns are-vertically-aligned-center py-5 is-layout-flex wp-container-core-columns-is-layout-9d6595d7 wp-block-columns-is-layout-flex\">\n<div class=\"wp-block-column is-layout-flow wp-block-column-is-layout-flow\" style=\"flex-basis:40%\">\n<figure role=\"none\" class=\"wp-block-image size-full\"><img loading=\"lazy\" decoding=\"async\" width=\"1024\" height=\"683\" src=\"https:\/\/cms.bravobusinessmedia.com\/espace\/wp-content\/uploads\/sites\/14\/2026\/02\/2023-11-28_Desch_101.jpg\" alt=\"Espace Plomberium Mascouche - Prendre rendez-vous avec un conseiller expert pour vos projets de r\u00e9novation ou de construction de salle de bain ou de cuisine\" class=\"wp-image-4241\" srcset=\"https:\/\/cms.bravobusinessmedia.com\/espace\/wp-content\/uploads\/sites\/14\/2026\/02\/2023-11-28_Desch_101.jpg 1024w, https:\/\/cms.bravobusinessmedia.com\/espace\/wp-content\/uploads\/sites\/14\/2026\/02\/2023-11-28_Desch_101-300x200.jpg 300w, https:\/\/cms.bravobusinessmedia.com\/espace\/wp-content\/uploads\/sites\/14\/2026\/02\/2023-11-28_Desch_101-768x512.jpg 768w\" sizes=\"auto, (max-width: 1024px) 100vw, 1024px\" \/><\/figure>\n<\/div>\n\n\n\n<div class=\"wp-block-column pl-lg-5 is-layout-flow wp-block-column-is-layout-flow\" style=\"flex-basis:50%\">\n<p><\/p>\n\n\n\n<h1 class=\"wp-block-heading text-primary mb-4\" id=\"h-boutique-espace-plomberium\">Boutique Espace Plomberium<\/h1>\n\n\n\n<h3 class=\"wp-block-heading\" id=\"h-veuillez-communiquer-avec-un-conseiller-afin-d-obtenir-plus-d-informations-sur-ce-produit\">Veuillez communiquer avec un conseiller afin d&#8217;obtenir plus d&#8217;informations sur ce produit.<\/h3>\n\n\n\n<p>Qu\u2019il s\u2019agisse d\u2019une nouvelle construction ou d&#8217;une r\u00e9novation, nos conseillers exp\u00e9riment\u00e9s et sp\u00e9cialement form\u00e9s sont l\u00e0 pour vous accompagner \u00e0 chaque \u00e9tape. Gr\u00e2ce \u00e0 leur expertise, ils sauront vous guider dans le choix des produits et des finis qui correspondent le mieux \u00e0 vos besoins, que ce soit pour votre salle de bain ou votre cuisine. Leur soutien personnalis\u00e9 vous permet de concr\u00e9tiser vos projets avec confiance et simplicit\u00e9.<\/p>\n\n\n\n<p><\/p>\n<\/div>\n<\/div>\n<\/div><\/div>\n\n\n\n<p><\/p>\n","protected":false},"excerpt":{"rendered":"<p>Boutique Espace Plomberium Veuillez communiquer avec un conseiller afin d&#8217;obtenir plus d&#8217;informations sur ce produit. Qu\u2019il s\u2019agisse d\u2019une nouvelle construction ou d&#8217;une r\u00e9novation, nos conseillers exp\u00e9riment\u00e9s et sp\u00e9cialement form\u00e9s sont l\u00e0 pour vous accompagner \u00e0 chaque \u00e9tape. Gr\u00e2ce \u00e0 leur expertise, ils sauront vous guider dans le choix des produits et des finis qui correspondent [&hellip;]<\/p>\n","protected":false},"author":23,"featured_media":0,"parent":0,"menu_order":0,"comment_status":"closed","ping_status":"closed","template":"","meta":{"_acf_changed":false,"footnotes":""},"class_list":["post-4158","page","type-page","status-publish","hentry"],"acf":{"seo_keywords":""},"yoast_head":"<!-- This site is optimized with the Yoast SEO Premium plugin v25.4 (Yoast SEO v27.3) - https:\/\/yoast.com\/product\/yoast-seo-premium-wordpress\/ -->\n<title>\u00c0 propos<\/title>\n<meta name=\"description\" content=\"Espace Plomberium c\u2019est cinq boutiques, situ\u00e9es \u00e0 Montr\u00e9al, Laval, Mascouche et Saint-J\u00e9r\u00f4me, qui se sp\u00e9cialisent en produits de plomberie de qualit\u00e9.\" \/>\n<meta name=\"robots\" content=\"index, follow, max-snippet:-1, max-image-preview:large, max-video-preview:-1\" \/>\n<link rel=\"canonical\" href=\"https:\/\/cms.bravobusinessmedia.com\/espace\/boutique-espace-plomberium\/\" \/>\n<meta property=\"og:locale\" content=\"en_US\" \/>\n<meta property=\"og:type\" content=\"article\" \/>\n<meta property=\"og:title\" content=\"Boutique Espace Plomberium\" \/>\n<meta property=\"og:description\" content=\"Espace Plomberium c\u2019est cinq boutiques, situ\u00e9es \u00e0 Montr\u00e9al, Laval, Mascouche et Saint-J\u00e9r\u00f4me, qui se sp\u00e9cialisent en produits de plomberie de qualit\u00e9.\" \/>\n<meta property=\"og:url\" content=\"https:\/\/cms.bravobusinessmedia.com\/espace\/boutique-espace-plomberium\/\" \/>\n<meta property=\"og:site_name\" content=\"Espace Plomberium\" \/>\n<meta property=\"article:modified_time\" content=\"2026-02-27T19:35:28+00:00\" \/>\n<meta property=\"og:image\" content=\"https:\/\/cms.bravobusinessmedia.com\/espace\/wp-content\/uploads\/sites\/14\/2026\/02\/2023-11-28_Desch_101.jpg\" \/>\n\t<meta property=\"og:image:width\" content=\"1024\" \/>\n\t<meta property=\"og:image:height\" content=\"683\" \/>\n\t<meta property=\"og:image:type\" content=\"image\/jpeg\" \/>\n<meta name=\"twitter:card\" content=\"summary_large_image\" \/>\n<meta name=\"twitter:label1\" content=\"Est. reading time\" \/>\n\t<meta name=\"twitter:data1\" content=\"1 minute\" \/>\n<script type=\"application\/ld+json\" class=\"yoast-schema-graph\">{\"@context\":\"https:\\\/\\\/schema.org\",\"@graph\":[{\"@type\":\"WebPage\",\"@id\":\"https:\\\/\\\/cms.bravobusinessmedia.com\\\/espace\\\/boutique-espace-plomberium\\\/\",\"url\":\"https:\\\/\\\/cms.bravobusinessmedia.com\\\/espace\\\/boutique-espace-plomberium\\\/\",\"name\":\"\u00c0 propos\",\"isPartOf\":{\"@id\":\"https:\\\/\\\/cms.bravobusinessmedia.com\\\/espace\\\/#website\"},\"primaryImageOfPage\":{\"@id\":\"https:\\\/\\\/cms.bravobusinessmedia.com\\\/espace\\\/boutique-espace-plomberium\\\/#primaryimage\"},\"image\":{\"@id\":\"https:\\\/\\\/cms.bravobusinessmedia.com\\\/espace\\\/boutique-espace-plomberium\\\/#primaryimage\"},\"thumbnailUrl\":\"https:\\\/\\\/cms.bravobusinessmedia.com\\\/espace\\\/wp-content\\\/uploads\\\/sites\\\/14\\\/2026\\\/02\\\/2023-11-28_Desch_101.jpg\",\"datePublished\":\"2026-01-27T10:44:48+00:00\",\"dateModified\":\"2026-02-27T19:35:28+00:00\",\"description\":\"Espace Plomberium c\u2019est cinq boutiques, situ\u00e9es \u00e0 Montr\u00e9al, Laval, Mascouche et Saint-J\u00e9r\u00f4me, qui se sp\u00e9cialisent en produits de plomberie de qualit\u00e9.\",\"breadcrumb\":{\"@id\":\"https:\\\/\\\/cms.bravobusinessmedia.com\\\/espace\\\/boutique-espace-plomberium\\\/#breadcrumb\"},\"inLanguage\":\"en-US\",\"potentialAction\":[{\"@type\":\"ReadAction\",\"target\":[\"https:\\\/\\\/cms.bravobusinessmedia.com\\\/espace\\\/boutique-espace-plomberium\\\/\"]}]},{\"@type\":\"ImageObject\",\"inLanguage\":\"en-US\",\"@id\":\"https:\\\/\\\/cms.bravobusinessmedia.com\\\/espace\\\/boutique-espace-plomberium\\\/#primaryimage\",\"url\":\"https:\\\/\\\/cms.bravobusinessmedia.com\\\/espace\\\/wp-content\\\/uploads\\\/sites\\\/14\\\/2026\\\/02\\\/2023-11-28_Desch_101.jpg\",\"contentUrl\":\"https:\\\/\\\/cms.bravobusinessmedia.com\\\/espace\\\/wp-content\\\/uploads\\\/sites\\\/14\\\/2026\\\/02\\\/2023-11-28_Desch_101.jpg\",\"width\":1024,\"height\":683,\"caption\":\"Espace Plomberium Mascouche - Prendre rendez-vous avec un conseiller expert pour vos projets de r\u00e9novation ou de construction de salle de bain ou de cuisine\"},{\"@type\":\"BreadcrumbList\",\"@id\":\"https:\\\/\\\/cms.bravobusinessmedia.com\\\/espace\\\/boutique-espace-plomberium\\\/#breadcrumb\",\"itemListElement\":[{\"@type\":\"ListItem\",\"position\":1,\"name\":\"Home\",\"item\":\"https:\\\/\\\/cms.bravobusinessmedia.com\\\/espace\\\/\"},{\"@type\":\"ListItem\",\"position\":2,\"name\":\"Boutique Espace Plomberium\"}]},{\"@type\":\"WebSite\",\"@id\":\"https:\\\/\\\/cms.bravobusinessmedia.com\\\/espace\\\/#website\",\"url\":\"https:\\\/\\\/cms.bravobusinessmedia.com\\\/espace\\\/\",\"name\":\"Espace Plomberium\",\"description\":\"\",\"potentialAction\":[{\"@type\":\"SearchAction\",\"target\":{\"@type\":\"EntryPoint\",\"urlTemplate\":\"https:\\\/\\\/cms.bravobusinessmedia.com\\\/espace\\\/?s={search_term_string}\"},\"query-input\":{\"@type\":\"PropertyValueSpecification\",\"valueRequired\":true,\"valueName\":\"search_term_string\"}}],\"inLanguage\":\"en-US\"}]}<\/script>\n<!-- \/ Yoast SEO Premium plugin. -->","yoast_head_json":{"title":"\u00c0 propos","description":"Espace Plomberium c\u2019est cinq boutiques, situ\u00e9es \u00e0 Montr\u00e9al, Laval, Mascouche et Saint-J\u00e9r\u00f4me, qui se sp\u00e9cialisent en produits de plomberie de qualit\u00e9.","robots":{"index":"index","follow":"follow","max-snippet":"max-snippet:-1","max-image-preview":"max-image-preview:large","max-video-preview":"max-video-preview:-1"},"canonical":"https:\/\/cms.bravobusinessmedia.com\/espace\/boutique-espace-plomberium\/","og_locale":"en_US","og_type":"article","og_title":"Boutique Espace Plomberium","og_description":"Espace Plomberium c\u2019est cinq boutiques, situ\u00e9es \u00e0 Montr\u00e9al, Laval, Mascouche et Saint-J\u00e9r\u00f4me, qui se sp\u00e9cialisent en produits de plomberie de qualit\u00e9.","og_url":"https:\/\/cms.bravobusinessmedia.com\/espace\/boutique-espace-plomberium\/","og_site_name":"Espace Plomberium","article_modified_time":"2026-02-27T19:35:28+00:00","og_image":[{"width":1024,"height":683,"url":"https:\/\/cms.bravobusinessmedia.com\/espace\/wp-content\/uploads\/sites\/14\/2026\/02\/2023-11-28_Desch_101.jpg","type":"image\/jpeg"}],"twitter_card":"summary_large_image","twitter_misc":{"Est. reading time":"1 minute"},"schema":{"@context":"https:\/\/schema.org","@graph":[{"@type":"WebPage","@id":"https:\/\/cms.bravobusinessmedia.com\/espace\/boutique-espace-plomberium\/","url":"https:\/\/cms.bravobusinessmedia.com\/espace\/boutique-espace-plomberium\/","name":"\u00c0 propos","isPartOf":{"@id":"https:\/\/cms.bravobusinessmedia.com\/espace\/#website"},"primaryImageOfPage":{"@id":"https:\/\/cms.bravobusinessmedia.com\/espace\/boutique-espace-plomberium\/#primaryimage"},"image":{"@id":"https:\/\/cms.bravobusinessmedia.com\/espace\/boutique-espace-plomberium\/#primaryimage"},"thumbnailUrl":"https:\/\/cms.bravobusinessmedia.com\/espace\/wp-content\/uploads\/sites\/14\/2026\/02\/2023-11-28_Desch_101.jpg","datePublished":"2026-01-27T10:44:48+00:00","dateModified":"2026-02-27T19:35:28+00:00","description":"Espace Plomberium c\u2019est cinq boutiques, situ\u00e9es \u00e0 Montr\u00e9al, Laval, Mascouche et Saint-J\u00e9r\u00f4me, qui se sp\u00e9cialisent en produits de plomberie de qualit\u00e9.","breadcrumb":{"@id":"https:\/\/cms.bravobusinessmedia.com\/espace\/boutique-espace-plomberium\/#breadcrumb"},"inLanguage":"en-US","potentialAction":[{"@type":"ReadAction","target":["https:\/\/cms.bravobusinessmedia.com\/espace\/boutique-espace-plomberium\/"]}]},{"@type":"ImageObject","inLanguage":"en-US","@id":"https:\/\/cms.bravobusinessmedia.com\/espace\/boutique-espace-plomberium\/#primaryimage","url":"https:\/\/cms.bravobusinessmedia.com\/espace\/wp-content\/uploads\/sites\/14\/2026\/02\/2023-11-28_Desch_101.jpg","contentUrl":"https:\/\/cms.bravobusinessmedia.com\/espace\/wp-content\/uploads\/sites\/14\/2026\/02\/2023-11-28_Desch_101.jpg","width":1024,"height":683,"caption":"Espace Plomberium Mascouche - Prendre rendez-vous avec un conseiller expert pour vos projets de r\u00e9novation ou de construction de salle de bain ou de cuisine"},{"@type":"BreadcrumbList","@id":"https:\/\/cms.bravobusinessmedia.com\/espace\/boutique-espace-plomberium\/#breadcrumb","itemListElement":[{"@type":"ListItem","position":1,"name":"Home","item":"https:\/\/cms.bravobusinessmedia.com\/espace\/"},{"@type":"ListItem","position":2,"name":"Boutique Espace Plomberium"}]},{"@type":"WebSite","@id":"https:\/\/cms.bravobusinessmedia.com\/espace\/#website","url":"https:\/\/cms.bravobusinessmedia.com\/espace\/","name":"Espace Plomberium","description":"","potentialAction":[{"@type":"SearchAction","target":{"@type":"EntryPoint","urlTemplate":"https:\/\/cms.bravobusinessmedia.com\/espace\/?s={search_term_string}"},"query-input":{"@type":"PropertyValueSpecification","valueRequired":true,"valueName":"search_term_string"}}],"inLanguage":"en-US"}]}},"lang":"en","translations":{"en":4158},"pll_sync_post":[],"_links":{"self":[{"href":"https:\/\/cms.bravobusinessmedia.com\/espace\/wp-json\/wp\/v2\/pages\/4158","targetHints":{"allow":["GET"]}}],"collection":[{"href":"https:\/\/cms.bravobusinessmedia.com\/espace\/wp-json\/wp\/v2\/pages"}],"about":[{"href":"https:\/\/cms.bravobusinessmedia.com\/espace\/wp-json\/wp\/v2\/types\/page"}],"author":[{"embeddable":true,"href":"https:\/\/cms.bravobusinessmedia.com\/espace\/wp-json\/wp\/v2\/users\/23"}],"replies":[{"embeddable":true,"href":"https:\/\/cms.bravobusinessmedia.com\/espace\/wp-json\/wp\/v2\/comments?post=4158"}],"version-history":[{"count":8,"href":"https:\/\/cms.bravobusinessmedia.com\/espace\/wp-json\/wp\/v2\/pages\/4158\/revisions"}],"predecessor-version":[{"id":4262,"href":"https:\/\/cms.bravobusinessmedia.com\/espace\/wp-json\/wp\/v2\/pages\/4158\/revisions\/4262"}],"wp:attachment":[{"href":"https:\/\/cms.bravobusinessmedia.com\/espace\/wp-json\/wp\/v2\/media?parent=4158"}],"curies":[{"name":"wp","href":"https:\/\/api.w.org\/{rel}","templated":true}]}}